{"id":98,"date":"2018-07-31T19:03:19","date_gmt":"2018-07-31T17:03:19","guid":{"rendered":"http:\/\/www.duftmarketing.at\/?page_id=98"},"modified":"2020-03-24T10:48:29","modified_gmt":"2020-03-24T09:48:29","slug":"aromea","status":"publish","type":"page","link":"https:\/\/aromea.eu\/at\/duftmarketing\/aromea\/","title":{"rendered":"\u00dcber Aromea"},"content":{"rendered":"<div class=\"wpb-content-wrapper\"><p>[vc_section full_width=&#8221;stretch_row_content&#8221; content_placement=&#8221;middle&#8221;][vc_row full_width=&#8221;stretch_row_content_no_spaces&#8221; content_placement=&#8221;middle&#8221; el_class=&#8221;page-head-small&#8221; css=&#8221;.vc_custom_1536833421242{margin-bottom: 80px !important;background-image: url(http:\/\/aromea.eu\/at\/duftmarketing\/wp-content\/uploads\/head-about.jpg?id=977) !important;background-position: center !important;background-repeat: no-repeat !important;background-size: cover !important;}&#8221;][vc_column][vc_custom_heading source=&#8221;post_title&#8221; font_container=&#8221;tag:h1|text_align:center|color:%23ffffff&#8221; use_theme_fonts=&#8221;yes&#8221; el_class=&#8221;page-title&#8221;][\/vc_column][\/vc_row][\/vc_section][vc_section css=&#8221;.vc_custom_1536834094313{padding-top: 57px !important;padding-bottom: 204px !important;}&#8221;][vc_row][vc_column width=&#8221;1\/6&#8243;][\/vc_column][vc_column width=&#8221;2\/3&#8243;][vc_column_text el_class=&#8221;font-24-32 color-000&#8243;]D\u00fcfte entscheiden \u00fcber unser Unterbewusstsein, das wiederum von Erinnerungen und Erlebnissen gepr\u00e4gt ist.[\/vc_column_text][vc_column_text el_class=&#8221;font-15-27 color-000&#8243;]Soll sich ein Mensch wohlf\u00fchlen, muss er seine Umgebung riechen k\u00f6nnen. Das sagen ihm die Synapsen in seinem Stammhirn &#8211; Emotionen hin oder her. Da w\u00e4ren zum Beispiel die Citrusd\u00fcfte, die stimulieren, der Lavendel, der beruhigt oder der Duft nach Vanille, der an Kinderfreuden und warme Stuben erinnert. Holzige Tabaknoten entf\u00fchren hingegen in eine ganz andere Welt: In die exotische Fremde &#8211; rau, m\u00e4nnlich und ohne Schn\u00f6rkel.<\/p>\n<p>Aromea Airdesign f\u00e4ngt all diese Kopfbilder in verschiedensten Aromen ein, bereitet daraus hochwertige Raumd\u00fcfte und verwebt diese \u00fcber innovative Duftl\u00f6sungen mit der direkten Umgebung. Denn nichts bleibt st\u00e4rker in Erinnerung als ein Duft. Das kann die Lobby eines Hotels sein, eine Boutique oder der Warteraum einer Arztpraxis. Es kann aber auch der ganz spezielle Duft eines Events sein &#8211; Spannung, Freude oder Eleganz. D\u00fcfte transportieren Gef\u00fchle. Und Erinnerungen.[\/vc_column_text][\/vc_column][vc_column width=&#8221;1\/6&#8243;][\/vc_column][\/vc_row][\/vc_section]<\/p>\n<\/div>","protected":false},"excerpt":{"rendered":"<p>[vc_section full_width=&#8221;stretch_row_content&#8221; content_placement=&#8221;middle&#8221;][vc_row full_width=&#8221;stretch_row_content_no_spaces&#8221; content_placement=&#8221;middle&#8221; el_class=&#8221;page-head-small&#8221; css=&#8221;.vc_custom_1536833421242{margin-bottom: 80px !important;background-image: url(http:\/\/aromea.eu\/at\/duftmarketing\/wp-content\/uploads\/head-about.jpg?id=977) !important;background-position: center !important;background-repeat: no-repeat !important;background-size: cover !important;}&#8221;][vc_column][vc_custom_heading source=&#8221;post_title&#8221; font_container=&#8221;tag:h1|text_align:center|color:%23ffffff&#8221; use_theme_fonts=&#8221;yes&#8221; el_class=&#8221;page-title&#8221;][\/vc_column][\/vc_row][\/vc_section][vc_section css=&#8221;.vc_custom_1536834094313{padding-top: 57px !important;padding-bottom: 204px !important;}&#8221;][vc_row][vc_column<span class=\"excerpt-hellip\"> [\u2026]<\/span><\/p>\n","protected":false},"author":1,"featured_media":0,"parent":0,"menu_order":0,"comment_status":"closed","ping_status":"closed","template":"","meta":{"_acf_changed":false,"inline_featured_image":false,"footnotes":""},"class_list":["post-98","page","type-page","status-publish","hentry"],"acf":[],"yoast_head":"<!-- This site is optimized with the Yoast SEO plugin v21.8.1 - https:\/\/yoast.com\/wordpress\/plugins\/seo\/ -->\n<title>Die Duftmarketing-Experten - Aromea<\/title>\n<meta name=\"robots\" content=\"index, follow, max-snippet:-1, max-image-preview:large, max-video-preview:-1\" \/>\n<link rel=\"canonical\" href=\"https:\/\/aromea.eu\/at\/duftmarketing\/aromea\/\" \/>\n<meta property=\"og:locale\" content=\"de_DE\" \/>\n<meta property=\"og:type\" content=\"article\" \/>\n<meta property=\"og:title\" content=\"Die Duftmarketing-Experten - Aromea\" \/>\n<meta property=\"og:description\" content=\"[vc_section full_width=&#8221;stretch_row_content&#8221; content_placement=&#8221;middle&#8221;][vc_row full_width=&#8221;stretch_row_content_no_spaces&#8221; content_placement=&#8221;middle&#8221; el_class=&#8221;page-head-small&#8221; css=&#8221;.vc_custom_1536833421242{margin-bottom: 80px !important;background-image: url(http:\/\/aromea.eu\/at\/duftmarketing\/wp-content\/uploads\/head-about.jpg?id=977) !important;background-position: center !important;background-repeat: no-repeat !important;background-size: cover !important;}&#8221;][vc_column][vc_custom_heading source=&#8221;post_title&#8221; font_container=&#8221;tag:h1|text_align:center|color:%23ffffff&#8221; use_theme_fonts=&#8221;yes&#8221; el_class=&#8221;page-title&#8221;][\/vc_column][\/vc_row][\/vc_section][vc_section css=&#8221;.vc_custom_1536834094313{padding-top: 57px !important;padding-bottom: 204px !important;}&#8221;][vc_row][vc_column [\u2026]\" \/>\n<meta property=\"og:url\" content=\"https:\/\/aromea.eu\/at\/duftmarketing\/aromea\/\" \/>\n<meta property=\"og:site_name\" content=\"Aromea\" \/>\n<meta property=\"article:modified_time\" content=\"2020-03-24T09:48:29+00:00\" \/>\n<meta name=\"twitter:card\" content=\"summary_large_image\" \/>\n<meta name=\"twitter:label1\" content=\"Gesch\u00e4tzte Lesezeit\" \/>\n\t<meta name=\"twitter:data1\" content=\"2\u00a0Minuten\" \/>\n<script type=\"application\/ld+json\" class=\"yoast-schema-graph\">{\"@context\":\"https:\/\/schema.org\",\"@graph\":[{\"@type\":\"WebPage\",\"@id\":\"https:\/\/aromea.eu\/at\/duftmarketing\/aromea\/\",\"url\":\"https:\/\/aromea.eu\/at\/duftmarketing\/aromea\/\",\"name\":\"Die Duftmarketing-Experten - Aromea\",\"isPartOf\":{\"@id\":\"https:\/\/aromea.eu\/at\/duftmarketing\/#website\"},\"datePublished\":\"2018-07-31T17:03:19+00:00\",\"dateModified\":\"2020-03-24T09:48:29+00:00\",\"inLanguage\":\"de\",\"potentialAction\":[{\"@type\":\"ReadAction\",\"target\":[\"https:\/\/aromea.eu\/at\/duftmarketing\/aromea\/\"]}]},{\"@type\":\"WebSite\",\"@id\":\"https:\/\/aromea.eu\/at\/duftmarketing\/#website\",\"url\":\"https:\/\/aromea.eu\/at\/duftmarketing\/\",\"name\":\"Aromea\",\"description\":\"Airdesign\",\"potentialAction\":[{\"@type\":\"SearchAction\",\"target\":{\"@type\":\"EntryPoint\",\"urlTemplate\":\"https:\/\/aromea.eu\/at\/duftmarketing\/?s={search_term_string}\"},\"query-input\":\"required name=search_term_string\"}],\"inLanguage\":\"de\"}]}<\/script>\n<!-- \/ Yoast SEO plugin. -->","yoast_head_json":{"title":"Die Duftmarketing-Experten - Aromea","robots":{"index":"index","follow":"follow","max-snippet":"max-snippet:-1","max-image-preview":"max-image-preview:large","max-video-preview":"max-video-preview:-1"},"canonical":"https:\/\/aromea.eu\/at\/duftmarketing\/aromea\/","og_locale":"de_DE","og_type":"article","og_title":"Die Duftmarketing-Experten - Aromea","og_description":"[vc_section full_width=&#8221;stretch_row_content&#8221; content_placement=&#8221;middle&#8221;][vc_row full_width=&#8221;stretch_row_content_no_spaces&#8221; content_placement=&#8221;middle&#8221; el_class=&#8221;page-head-small&#8221; css=&#8221;.vc_custom_1536833421242{margin-bottom: 80px !important;background-image: url(http:\/\/aromea.eu\/at\/duftmarketing\/wp-content\/uploads\/head-about.jpg?id=977) !important;background-position: center !important;background-repeat: no-repeat !important;background-size: cover !important;}&#8221;][vc_column][vc_custom_heading source=&#8221;post_title&#8221; font_container=&#8221;tag:h1|text_align:center|color:%23ffffff&#8221; use_theme_fonts=&#8221;yes&#8221; el_class=&#8221;page-title&#8221;][\/vc_column][\/vc_row][\/vc_section][vc_section css=&#8221;.vc_custom_1536834094313{padding-top: 57px !important;padding-bottom: 204px !important;}&#8221;][vc_row][vc_column [\u2026]","og_url":"https:\/\/aromea.eu\/at\/duftmarketing\/aromea\/","og_site_name":"Aromea","article_modified_time":"2020-03-24T09:48:29+00:00","twitter_card":"summary_large_image","twitter_misc":{"Gesch\u00e4tzte Lesezeit":"2\u00a0Minuten"},"schema":{"@context":"https:\/\/schema.org","@graph":[{"@type":"WebPage","@id":"https:\/\/aromea.eu\/at\/duftmarketing\/aromea\/","url":"https:\/\/aromea.eu\/at\/duftmarketing\/aromea\/","name":"Die Duftmarketing-Experten - Aromea","isPartOf":{"@id":"https:\/\/aromea.eu\/at\/duftmarketing\/#website"},"datePublished":"2018-07-31T17:03:19+00:00","dateModified":"2020-03-24T09:48:29+00:00","inLanguage":"de","potentialAction":[{"@type":"ReadAction","target":["https:\/\/aromea.eu\/at\/duftmarketing\/aromea\/"]}]},{"@type":"WebSite","@id":"https:\/\/aromea.eu\/at\/duftmarketing\/#website","url":"https:\/\/aromea.eu\/at\/duftmarketing\/","name":"Aromea","description":"Airdesign","potentialAction":[{"@type":"SearchAction","target":{"@type":"EntryPoint","urlTemplate":"https:\/\/aromea.eu\/at\/duftmarketing\/?s={search_term_string}"},"query-input":"required name=search_term_string"}],"inLanguage":"de"}]}},"_links":{"self":[{"href":"https:\/\/aromea.eu\/at\/duftmarketing\/wp-json\/wp\/v2\/pages\/98","targetHints":{"allow":["GET"]}}],"collection":[{"href":"https:\/\/aromea.eu\/at\/duftmarketing\/wp-json\/wp\/v2\/pages"}],"about":[{"href":"https:\/\/aromea.eu\/at\/duftmarketing\/wp-json\/wp\/v2\/types\/page"}],"author":[{"embeddable":true,"href":"https:\/\/aromea.eu\/at\/duftmarketing\/wp-json\/wp\/v2\/users\/1"}],"replies":[{"embeddable":true,"href":"https:\/\/aromea.eu\/at\/duftmarketing\/wp-json\/wp\/v2\/comments?post=98"}],"version-history":[{"count":0,"href":"https:\/\/aromea.eu\/at\/duftmarketing\/wp-json\/wp\/v2\/pages\/98\/revisions"}],"wp:attachment":[{"href":"https:\/\/aromea.eu\/at\/duftmarketing\/wp-json\/wp\/v2\/media?parent=98"}],"curies":[{"name":"wp","href":"https:\/\/api.w.org\/{rel}","templated":true}]}}