{"id":83,"date":"2019-01-04T09:49:58","date_gmt":"2019-01-04T08:49:58","guid":{"rendered":"http:\/\/themes.muffingroup.com\/be\/home\/?page_id=2"},"modified":"2025-06-03T08:09:23","modified_gmt":"2025-06-03T06:09:23","slug":"home-the-world-of-aromea","status":"publish","type":"page","link":"https:\/\/aromea.eu\/at\/duftmarketing\/","title":{"rendered":"Duftmarketing"},"content":{"rendered":"<p>[vc_row full_width=&#8221;stretch_row_content_no_spaces&#8221; css_animation=&#8221;fadeIn&#8221; disable_element=&#8221;yes&#8221; el_class=&#8221;ticker-row&#8221;][vc_column][vc_raw_html]JTNDZGl2JTIwY2xhc3MlM0QlMjJUaWNrZXJOZXdzJTIyJTNFJTBBJTIwJTIwJTNDZGl2JTIwY2xhc3MlM0QlMjJ0aV93cmFwcGVyJTIyJTNFJTBBJTIwJTIwJTIwJTIwJTNDZGl2JTIwY2xhc3MlM0QlMjJ0aV9zbGlkZSUyMiUzRSUwQSUyMCUyMCUyMCUyMCUyMCUyMCUzQ2RpdiUyMGNsYXNzJTNEJTIydGlfY29udGVudCUyMiUzRSUwQSUyMCUyMCUyMCUyMCUyMCUyMCUyMCUyMCUzQ2RpdiUyMGNsYXNzJTNEJTIydGlfbmV3cyUyMiUzRSUzQ3NwYW4lM0VVbnNlcmUlMjBEdWZ0cyVDMyVBNHVsZW4lMjBzaW5kJTIwYmVpJTIwZWluZW0lMjBlcmZvbGdyZWljaGVuJTIwRHVmdG1hcmtldGluZyUyMG5pY2h0JTIwd2VnenVkZW5rZW4uJTIwRGVzd2VnZW4lMjBoYXQlMjBBcm9tZWElMjBBaXJkZXNpZ24lMjBtaXQlMjAyLiUyMEphbnVhciUyMGF1Y2glMjBkaWUlMjBEdWZ0cyVDMyVBNHVsZW4tUHJvZHVrdGlvbiUyMCVDMyVCQ2Jlcm5vbW1lbiUyMHVuZCUyMHNjaGxpZSVDMyU5RnQlMjBzbyUyMGRlbiUyMEtyZWlzbGF1ZiUzQSUyMER1ZnRzJUMzJUE0dWxlJTJDJTIwRHVmdCUyMHVuZCUyMHByb2Zlc3Npb25lbGxlJTIwQmVyYXR1bmclMjBhdXMlMjBlaW5lciUyMEhhbmQlMjElMjZuYnNwJTNCJTI2bmJzcCUzQiUyNm5ic3AlM0IlM0MlMkZzcGFuJTNFJTNDJTJGZGl2JTNFJTBBJTIwJTIwJTIwJTIwJTIwJTIwJTNDJTJGZGl2JTNFJTBBJTIwJTIwJTIwJTIwJTNDJTJGZGl2JTNFJTBBJTIwJTIwJTNDJTJGZGl2JTNFJTBBJTNDJTJGZGl2JTNF[\/vc_raw_html][\/vc_column][\/vc_row][vc_section][vc_row][vc_column][rev_slider_vc alias=&#8221;home_slider&#8221;][\/vc_column][\/vc_row][\/vc_section][vc_section css=&#8221;.vc_custom_1534241651756{padding-top: 103px !important;padding-bottom: 110px !important;}&#8221; el_class=&#8221;home-section-2&#8243;][vc_row][vc_column width=&#8221;1\/2&#8243; css=&#8221;.vc_custom_1533734915423{padding-right: 100px !important;}&#8221;][vc_column_text]<span style=\"color: #000000; font-size: 26px; line-height: 36px;\"><a href=\"https:\/\/aromea.eu\/at\/duftmarketing\/aromea\/warum-duftmarketing\/\">D\u00fcfte<\/a> entscheiden \u00fcber unser Unterbewusstsein, das wiederum von Erinnerungen und Erlebnissen gepr\u00e4gt ist. Soll sich ein Mensch wohlf\u00fchlen, muss er seine Umgebung riechen k\u00f6nnen. Hier startet Aromea mit Duftmarketing &amp; innovativen Duftl\u00f6sungen.<\/span>[\/vc_column_text][\/vc_column][vc_column width=&#8221;1\/2&#8243;][vc_column_text]<span style=\"color: #000000; font-size: 16px; line-height: 28px;\">Das sagen ihm die Synapsen in seinem Stammhirn &#8211; Emotionen hin oder her. Da w\u00e4ren zum Beispiel die Citrusd\u00fcfte, die stimulieren, der Lavendel, der beruhigt oder der Duft nach Vanille, der an Kinderfreuden und warme Stuben erinnert. Holzige Tabaknoten entf\u00fchren hingegen in eine ganz andere Welt: In die exotische Fremde &#8211; rau, m\u00e4nnlich und ohne Schn\u00f6rkel.<\/span><\/p>\n<p><span style=\"color: #000000; font-size: 16px; line-height: 28px;\">Aromea Airdesign f\u00e4ngt mit <a href=\"https:\/\/aromea.eu\/at\/duftmarketing\/aromea\/warum-duftmarketing\/\">Duftmarketing<\/a> all diese Kopfbilder in verschiedensten Aromen ein, bereitet daraus <a href=\"https:\/\/aromea.eu\/at\/duftmarketing\/raumduefte\/duftmarketing-spezialist\/\">hochwertige Raumd\u00fcfte<\/a> und verwebt diese \u00fcber <a href=\"https:\/\/aromea.eu\/at\/duftmarketing\/aromea\/referenzen\/\">innovative Duftl\u00f6sungen<\/a> mit der direkten Umgebung. Das kann die <a href=\"https:\/\/aromea.eu\/at\/duftmarketing\/2019\/03\/19\/duftmarketing-im-hotel-vom-fachmann-empfohlen\/\">Lobby eines Hotels<\/a> sein, eine Boutique oder der Warteraum einer <a href=\"https:\/\/aromea.eu\/at\/duftmarketing\/2019\/04\/02\/hygiene-sauberkeit-und-duft-wir-fragen-den-arzt\/\">Arztpraxis<\/a>. Es kann aber auch der ganz spezielle Duft eines Events sein &#8211; Spannung, Freude oder Eleganz. D\u00fcfte transportieren Gef\u00fchle. Und Erinnerungen.<br \/>\n<\/span><span style=\"color: #000000; font-size: 16px; line-height: 28px;\">Eine <strong>professionelle Raumbeduftung<\/strong> f\u00fchrt nachweislich zu mehr Wohlbefinden und Geborgenheit, erh\u00f6ht die zielgerichtete Aufmerksamkeit und verl\u00e4ngert die Verweildauer. Dieses Zusammenspiel steigert das Interesse an Produkten, die Kauflust in Verkaufsr\u00e4umen \u2013 und somit Ums\u00e4tze.<\/span>[\/vc_column_text][\/vc_column][\/vc_row][\/vc_section][vc_section full_width=&#8221;stretch_row_content&#8221; css=&#8221;.vc_custom_1534154388902{padding-top: 0px !important;background-color: #000000 !important;}&#8221;][vc_row full_width=&#8221;stretch_row_content_no_spaces&#8221;][vc_column css=&#8221;.vc_custom_1534152293569{padding-bottom: 391px !important;}&#8221;][rev_slider_vc alias=&#8221;home_produkt_slider_202105&#8243;][\/vc_column][\/vc_row][\/vc_section][vc_section full_width=&#8221;stretch_row&#8221; css=&#8221;.vc_custom_1556615184495{margin-bottom: 0px !important;padding-bottom: 218px !important;background-color: #000000 !important;}&#8221; el_class=&#8221;home-world-of-aromea&#8221;][vc_row][vc_column width=&#8221;1\/2&#8243;][vc_custom_heading text=&#8221;WORLD OF<br \/>\nAROMEA<br \/>\nDUFTMARKETING&#8221; font_container=&#8221;tag:h2|text_align:left|color:%23ffffff&#8221; use_theme_fonts=&#8221;yes&#8221;][\/vc_column][vc_column width=&#8221;1\/2&#8243; css=&#8221;.vc_custom_1533735287214{padding-left: 70px !important;}&#8221;][vc_column_text]<span style=\"color: #ffffff; font-size: 16px; line-height: 28px;\"><strong>Duftmarketing<\/strong> stellt eine gro\u00dfartige M\u00f6glichkeit dar, die Atmosph\u00e4re eines Raumes zu ver\u00e4ndern oder zu verst\u00e4rken.<br \/>\nD\u00fcfte k\u00f6nnen das <a href=\"https:\/\/aromea.eu\/at\/duftmarketing\/2018\/08\/31\/es-duftet-einkaufen-der-nase-nach\/\">Kaufverhalten positiv beeinflussen<\/a>, wenn der Duft zu den Produkten im Laden passt. W\u00e4hrend es im <a href=\"https:\/\/aromea.eu\/at\/duftmarketing\/2019\/06\/26\/airdesign-im-lebensmittelhandel-supergeil\/\">Einzelhandel<\/a> besonders wichtig ist, die Verweildauer im Gesch\u00e4ft und somit die <strong>Kaufwahrscheinlichkeit zu erh\u00f6hen<\/strong>, geht es im <a href=\"https:\/\/aromea.eu\/at\/duftmarketing\/2019\/03\/19\/duftmarketing-im-hotel-vom-fachmann-empfohlen\/\">Hotel- und Gastronomiegewerbe<\/a> besonders darum, mit dem Duft eine positive Atmosph\u00e4re zu schaffen. Aromea Airdesign bereitet <a href=\"https:\/\/aromea.eu\/at\/duftmarketing\/raumduefte\/duftmarketing-spezialist\/\">hochwertige Raumd\u00fcfte<\/a>\u00a0zu und verwebt diese \u00fcber\u00a0<strong>innovative &amp; individuelle Duftl<\/strong><strong>\u00f6sungen<\/strong> mit der direkten Umgebung.<\/span>[\/vc_column_text][\/vc_column][\/vc_row][\/vc_section][vc_section full_width=&#8221;stretch_row_content&#8221; css=&#8221;.vc_custom_1556615162474{margin-top: 0px !important;margin-bottom: 131px !important;padding-top: 0px !important;}&#8221;][vc_row full_width=&#8221;stretch_row_content_no_spaces&#8221; css=&#8221;.vc_custom_1556615137173{margin-top: 0px !important;padding-top: 0px !important;}&#8221;][vc_column][vc_raw_html]JTNDZGl2JTIwaWQlM0QlMjJtYXAtc3RhbmRvcnRlJTIyJTNFJTNDJTJGZGl2JTNF[\/vc_raw_html][\/vc_column][\/vc_row][\/vc_section][vc_section disable_element=&#8221;yes&#8221; css=&#8221;.vc_custom_1649398167390{margin-bottom: 136px !important;}&#8221; el_class=&#8221;home-referenzen&#8221;][vc_row][vc_column][vc_custom_heading text=&#8221;REFERENZEN&#8221; font_container=&#8221;tag:h1|text_align:center&#8221; use_theme_fonts=&#8221;yes&#8221; css=&#8221;.vc_custom_1533734632405{margin-bottom: 95px !important;}&#8221;][rev_slider_vc alias=&#8221;referenzen-slider&#8221;][\/vc_column][\/vc_row][\/vc_section][vc_section el_class=&#8221;home-einsatzbereiche&#8221;][vc_row][vc_column offset=&#8221;vc_col-lg-4&#8243;][vc_custom_heading text=&#8221;EINSATZ-<br \/>\nBEREICHE&#8221; use_theme_fonts=&#8221;yes&#8221; css=&#8221;.vc_custom_1533732700817{margin-bottom: 41px !important;}&#8221;][vc_column_text el_class=&#8221;font-16-28 color-000&#8243;][\/vc_column_text][\/vc_column][vc_column css=&#8221;.vc_custom_1534491169889{padding-top: 56px !important;}&#8221; offset=&#8221;vc_col-lg-8&#8243;][vc_basic_grid post_type=&#8221;einsatzbereich&#8221; max_items=&#8221;-1&#8243; style=&#8221;pagination&#8221; items_per_page=&#8221;2&#8243; element_width=&#8221;6&#8243; orderby=&#8221;menu_order&#8221; order=&#8221;ASC&#8221; item=&#8221;292&#8243; grid_id=&#8221;vc_gid:1741178624571-e3d1dce3-65e0-4&#8243; el_class=&#8221;einsatz-slider&#8221;][\/vc_column][\/vc_row][\/vc_section][vc_section][vc_row][vc_column][vc_custom_heading text=&#8221;STORIES&#8221; font_container=&#8221;tag:h1|text_align:center&#8221; use_theme_fonts=&#8221;yes&#8221; css=&#8221;.vc_custom_1533737056367{margin-bottom: 95px !important;}&#8221;][vc_basic_grid post_type=&#8221;post&#8221; max_items=&#8221;9&#8243; style=&#8221;pagination&#8221; items_per_page=&#8221;3&#8243; item=&#8221;382&#8243; grid_id=&#8221;vc_gid:1741178624571-908d4e50-0d08-8&#8243; el_class=&#8221;post-slider&#8221;][\/vc_column][\/vc_row][\/vc_section]<\/p>\n","protected":false},"excerpt":{"rendered":"<p>[vc_row full_width=&#8221;stretch_row_content_no_spaces&#8221; css_animation=&#8221;fadeIn&#8221; disable_element=&#8221;yes&#8221; el_class=&#8221;ticker-row&#8221;][vc_column][vc_raw_html]JTNDZGl2JTIwY2xhc3MlM0QlMjJUaWNrZXJOZXdzJTIyJTNFJTBBJTIwJTIwJTNDZGl2JTIwY2xhc3MlM0QlMjJ0aV93cmFwcGVyJTIyJTNFJTBBJTIwJTIwJTIwJTIwJTNDZGl2JTIwY2xhc3MlM0QlMjJ0aV9zbGlkZSUyMiUzRSUwQSUyMCUyMCUyMCUyMCUyMCUyMCUzQ2RpdiUyMGNsYXNzJTNEJTIydGlfY29udGVudCUyMiUzRSUwQSUyMCUyMCUyMCUyMCUyMCUyMCUyMCUyMCUzQ2RpdiUyMGNsYXNzJTNEJTIydGlfbmV3cyUyMiUzRSUzQ3NwYW4lM0VVbnNlcmUlMjBEdWZ0cyVDMyVBNHVsZW4lMjBzaW5kJTIwYmVpJTIwZWluZW0lMjBlcmZvbGdyZWljaGVuJTIwRHVmdG1hcmtldGluZyUyMG5pY2h0JTIwd2VnenVkZW5rZW4uJTIwRGVzd2VnZW4lMjBoYXQlMjBBcm9tZWElMjBBaXJkZXNpZ24lMjBtaXQlMjAyLiUyMEphbnVhciUyMGF1Y2glMjBkaWUlMjBEdWZ0cyVDMyVBNHVsZW4tUHJvZHVrdGlvbiUyMCVDMyVCQ2Jlcm5vbW1lbiUyMHVuZCUyMHNjaGxpZSVDMyU5RnQlMjBzbyUyMGRlbiUyMEtyZWlzbGF1ZiUzQSUyMER1ZnRzJUMzJUE0dWxlJTJDJTIwRHVmdCUyMHVuZCUyMHByb2Zlc3Npb25lbGxlJTIwQmVyYXR1bmclMjBhdXMlMjBlaW5lciUyMEhhbmQlMjElMjZuYnNwJTNCJTI2bmJzcCUzQiUyNm5ic3AlM0IlM0MlMkZzcGFuJTNFJTNDJTJGZGl2JTNFJTBBJTIwJTIwJTIwJTIwJTIwJTIwJTNDJTJGZGl2JTNFJTBBJTIwJTIwJTIwJTIwJTNDJTJGZGl2JTNFJTBBJTIwJTIwJTNDJTJGZGl2JTNFJTBBJTNDJTJGZGl2JTNF[\/vc_raw_html][\/vc_column][\/vc_row][vc_section][vc_row][vc_column][rev_slider_vc alias=&#8221;home_slider&#8221;][\/vc_column][\/vc_row][\/vc_section][vc_section css=&#8221;.vc_custom_1534241651756{padding-top: 103px !important;padding-bottom: 110px !important;}&#8221; el_class=&#8221;home-section-2&#8243;][vc_row][vc_column width=&#8221;1\/2&#8243; css=&#8221;.vc_custom_1533734915423{padding-right: 100px !important;}&#8221;][vc_column_text]D\u00fcfte entscheiden \u00fcber unser Unterbewusstsein, das wiederum von Erinnerungen und Erlebnissen<span class=\"excerpt-hellip\"> [\u2026]<\/span><\/p>\n","protected":false},"author":1,"featured_media":0,"parent":0,"menu_order":0,"comment_status":"closed","ping_status":"open","template":"","meta":{"_acf_changed":false,"inline_featured_image":false,"footnotes":""},"class_list":["post-83","page","type-page","status-publish","hentry"],"acf":[],"yoast_head":"<!-- This site is optimized with the Yoast SEO plugin v21.8.1 - https:\/\/yoast.com\/wordpress\/plugins\/seo\/ -->\n<title>Individueller Raumduft | The World of Aromea<\/title>\n<meta name=\"description\" content=\"Individuelles Duftmarketing zur Verkaufsf\u00f6rderung &amp; Umsatzsteigerung in Ihrem Betrieb: Soll sich ein Mensch wohlf\u00fchlen, muss er seine Umgebung riechen k\u00f6nnen.\" \/>\n<meta name=\"robots\" content=\"index, follow, max-snippet:-1, max-image-preview:large, max-video-preview:-1\" \/>\n<link rel=\"canonical\" href=\"https:\/\/aromea.eu\/at\/duftmarketing\/\" \/>\n<meta property=\"og:locale\" content=\"de_DE\" \/>\n<meta property=\"og:type\" content=\"article\" \/>\n<meta property=\"og:title\" content=\"Individueller Raumduft | The World of Aromea\" \/>\n<meta property=\"og:description\" content=\"Individuelles Duftmarketing zur Verkaufsf\u00f6rderung &amp; Umsatzsteigerung in Ihrem Betrieb: Soll sich ein Mensch wohlf\u00fchlen, muss er seine Umgebung riechen k\u00f6nnen.\" \/>\n<meta property=\"og:url\" content=\"https:\/\/aromea.eu\/at\/duftmarketing\/\" \/>\n<meta property=\"og:site_name\" content=\"Aromea\" \/>\n<meta property=\"article:modified_time\" content=\"2025-06-03T06:09:23+00:00\" \/>\n<meta name=\"twitter:card\" content=\"summary_large_image\" \/>\n<meta name=\"twitter:label1\" content=\"Gesch\u00e4tzte Lesezeit\" \/>\n\t<meta name=\"twitter:data1\" content=\"3\u00a0Minuten\" \/>\n<script type=\"application\/ld+json\" class=\"yoast-schema-graph\">{\"@context\":\"https:\/\/schema.org\",\"@graph\":[{\"@type\":\"WebPage\",\"@id\":\"https:\/\/aromea.eu\/at\/duftmarketing\/\",\"url\":\"https:\/\/aromea.eu\/at\/duftmarketing\/\",\"name\":\"Individueller Raumduft | The World of Aromea\",\"isPartOf\":{\"@id\":\"https:\/\/aromea.eu\/at\/duftmarketing\/#website\"},\"datePublished\":\"2019-01-04T08:49:58+00:00\",\"dateModified\":\"2025-06-03T06:09:23+00:00\",\"description\":\"Individuelles Duftmarketing zur Verkaufsf\u00f6rderung & Umsatzsteigerung in Ihrem Betrieb: Soll sich ein Mensch wohlf\u00fchlen, muss er seine Umgebung riechen k\u00f6nnen.\",\"inLanguage\":\"de\",\"potentialAction\":[{\"@type\":\"ReadAction\",\"target\":[\"https:\/\/aromea.eu\/at\/duftmarketing\/\"]}]},{\"@type\":\"WebSite\",\"@id\":\"https:\/\/aromea.eu\/at\/duftmarketing\/#website\",\"url\":\"https:\/\/aromea.eu\/at\/duftmarketing\/\",\"name\":\"Aromea\",\"description\":\"Airdesign\",\"potentialAction\":[{\"@type\":\"SearchAction\",\"target\":{\"@type\":\"EntryPoint\",\"urlTemplate\":\"https:\/\/aromea.eu\/at\/duftmarketing\/?s={search_term_string}\"},\"query-input\":\"required name=search_term_string\"}],\"inLanguage\":\"de\"}]}<\/script>\n<!-- \/ Yoast SEO plugin. -->","yoast_head_json":{"title":"Individueller Raumduft | The World of Aromea","description":"Individuelles Duftmarketing zur Verkaufsf\u00f6rderung & Umsatzsteigerung in Ihrem Betrieb: Soll sich ein Mensch wohlf\u00fchlen, muss er seine Umgebung riechen k\u00f6nnen.","robots":{"index":"index","follow":"follow","max-snippet":"max-snippet:-1","max-image-preview":"max-image-preview:large","max-video-preview":"max-video-preview:-1"},"canonical":"https:\/\/aromea.eu\/at\/duftmarketing\/","og_locale":"de_DE","og_type":"article","og_title":"Individueller Raumduft | The World of Aromea","og_description":"Individuelles Duftmarketing zur Verkaufsf\u00f6rderung & Umsatzsteigerung in Ihrem Betrieb: Soll sich ein Mensch wohlf\u00fchlen, muss er seine Umgebung riechen k\u00f6nnen.","og_url":"https:\/\/aromea.eu\/at\/duftmarketing\/","og_site_name":"Aromea","article_modified_time":"2025-06-03T06:09:23+00:00","twitter_card":"summary_large_image","twitter_misc":{"Gesch\u00e4tzte Lesezeit":"3\u00a0Minuten"},"schema":{"@context":"https:\/\/schema.org","@graph":[{"@type":"WebPage","@id":"https:\/\/aromea.eu\/at\/duftmarketing\/","url":"https:\/\/aromea.eu\/at\/duftmarketing\/","name":"Individueller Raumduft | The World of Aromea","isPartOf":{"@id":"https:\/\/aromea.eu\/at\/duftmarketing\/#website"},"datePublished":"2019-01-04T08:49:58+00:00","dateModified":"2025-06-03T06:09:23+00:00","description":"Individuelles Duftmarketing zur Verkaufsf\u00f6rderung & Umsatzsteigerung in Ihrem Betrieb: Soll sich ein Mensch wohlf\u00fchlen, muss er seine Umgebung riechen k\u00f6nnen.","inLanguage":"de","potentialAction":[{"@type":"ReadAction","target":["https:\/\/aromea.eu\/at\/duftmarketing\/"]}]},{"@type":"WebSite","@id":"https:\/\/aromea.eu\/at\/duftmarketing\/#website","url":"https:\/\/aromea.eu\/at\/duftmarketing\/","name":"Aromea","description":"Airdesign","potentialAction":[{"@type":"SearchAction","target":{"@type":"EntryPoint","urlTemplate":"https:\/\/aromea.eu\/at\/duftmarketing\/?s={search_term_string}"},"query-input":"required name=search_term_string"}],"inLanguage":"de"}]}},"_links":{"self":[{"href":"https:\/\/aromea.eu\/at\/duftmarketing\/wp-json\/wp\/v2\/pages\/83","targetHints":{"allow":["GET"]}}],"collection":[{"href":"https:\/\/aromea.eu\/at\/duftmarketing\/wp-json\/wp\/v2\/pages"}],"about":[{"href":"https:\/\/aromea.eu\/at\/duftmarketing\/wp-json\/wp\/v2\/types\/page"}],"author":[{"embeddable":true,"href":"https:\/\/aromea.eu\/at\/duftmarketing\/wp-json\/wp\/v2\/users\/1"}],"replies":[{"embeddable":true,"href":"https:\/\/aromea.eu\/at\/duftmarketing\/wp-json\/wp\/v2\/comments?post=83"}],"version-history":[{"count":6,"href":"https:\/\/aromea.eu\/at\/duftmarketing\/wp-json\/wp\/v2\/pages\/83\/revisions"}],"predecessor-version":[{"id":28845,"href":"https:\/\/aromea.eu\/at\/duftmarketing\/wp-json\/wp\/v2\/pages\/83\/revisions\/28845"}],"wp:attachment":[{"href":"https:\/\/aromea.eu\/at\/duftmarketing\/wp-json\/wp\/v2\/media?parent=83"}],"curies":[{"name":"wp","href":"https:\/\/api.w.org\/{rel}","templated":true}]}}