{"id":4669,"date":"2020-10-22T10:13:37","date_gmt":"2020-10-22T08:13:37","guid":{"rendered":"https:\/\/aromea.eu\/at\/duftmarketing\/?page_id=4669"},"modified":"2025-07-07T09:14:52","modified_gmt":"2025-07-07T07:14:52","slug":"unsere-antiviralen-antibakteriellen-und-antiseptischen-duefte","status":"publish","type":"page","link":"https:\/\/aromea.eu\/at\/duftmarketing\/raumduefte\/unsere-antiviralen-antibakteriellen-und-antiseptischen-duefte\/","title":{"rendered":"Unsere antiviralen, antibakteriellen und antiseptischen D\u00fcfte"},"content":{"rendered":"<p>[vc_section full_width=&#8221;stretch_row&#8221; css=&#8221;.vc_custom_1533900950628{padding-top: 104px !important;padding-bottom: 35px !important;}&#8221;][vc_row][vc_column][vc_custom_heading text=&#8221;Unsere antiviralen, antibakteriellen und antiseptischen D\u00fcfte&#8221; font_container=&#8221;tag:h1|text_align:center&#8221; use_theme_fonts=&#8221;yes&#8221; el_class=&#8221;h4&#8243;][\/vc_column][\/vc_row][\/vc_section][vc_section css=&#8221;.vc_custom_1576836844595{padding-bottom: 35px !important;}&#8221;][vc_row el_class=&#8221;einsatz-content&#8221; css=&#8221;.vc_custom_1576836849019{padding-bottom: 60px !important;}&#8221;][vc_column width=&#8221;1\/2&#8243; css=&#8221;.vc_custom_1588080036125{margin-bottom: 35px !important;padding-right: 30px !important;padding-left: 30px !important;}&#8221; offset=&#8221;vc_col-md-6&#8243;][vc_column_text]<\/p>\n<p style=\"text-align: justify;\">Viren sind ist nach wie vor realer Bestandteil unseres Alltages. Die ganze Welt ist auf der Suche nach L\u00f6sungen, damit wir gesund bleiben und uns wohl f\u00fchlen. Doch Viren haben Auswirkungen und bringen Symptome mit sich, die selbst f\u00fcr die kl\u00fcgsten Mediziner noch nicht ganz greifbar sind.<\/p>\n<p>[\/vc_column_text][\/vc_column][vc_column width=&#8221;1\/2&#8243; css=&#8221;.vc_custom_1588080046289{padding-right: 30px !important;padding-left: 30px !important;}&#8221; offset=&#8221;vc_col-md-6&#8243;][vc_column_text css=&#8221;.vc_custom_1604308310595{margin-bottom: 0px !important;}&#8221;]<\/p>\n<p style=\"text-align: justify;\">In manchen Bereichen kann aber Duft helfen. Und wenn es nur f\u00fcr die Psyche ist. Denn nat\u00fcrlich sind die D\u00fcfte von AROMEA keine Medizin, doch sie k\u00f6nnen beruhigen, entspannen und sogar antiviral, antiseptisch und antibakteriell wirken. F\u00fcr ein Gef\u00fchl der Sicherheit und Hygiene auf der Suche nach einer wohltuenden Atmosph\u00e4re.<\/p>\n<p>Siehe auch:[\/vc_column_text][vc_btn title=&#8221;Hygiene und Wellness\/Aromatherapy Collection&#8221; style=&#8221;custom&#8221; custom_background=&#8221;#577c77&#8243; custom_text=&#8221;#ffffff&#8221; shape=&#8221;square&#8221; align=&#8221;left&#8221; link=&#8221;url:https%3A%2F%2Faromea.eu%2Fat%2Fduftmarketing%2Fraumduefte%2Fduefte-fuer-nano-geraete%23wellness-and-aromatherapie|title:Hygiene%20und%20Wellness%2FAromatherapy%20Collection&#8221; el_class=&#8221;cta&#8221; css=&#8221;.vc_custom_1604308290114{margin-top: 10px !important;margin-bottom: 10px !important;}&#8221;][\/vc_column][\/vc_row][\/vc_section][vc_section][vc_row][vc_column][vc_basic_grid post_type=&#8221;duft&#8221; max_items=&#8221;-1&#8243; element_width=&#8221;12&#8243; gap=&#8221;0&#8243; orderby=&#8221;title&#8221; order=&#8221;ASC&#8221; item=&#8221;3618&#8243; grid_id=&#8221;vc_gid:1751872136109-9335f6c3-6cb7-8&#8243; taxonomies=&#8221;388&#8243; el_class=&#8221;aromeatherapie-grid circ-desc&#8221;][\/vc_column][\/vc_row][\/vc_section][vc_row full_width=&#8221;stretch_row&#8221; css=&#8221;.vc_custom_1604577802824{background-color: #577c77 !important;}&#8221;][vc_column css=&#8221;.vc_custom_1569331630980{padding-right: 200px !important;padding-left: 200px !important;}&#8221;][vc_cta h2=&#8221;Hospitals &amp; Healthcare:&#8221; shape=&#8221;square&#8221; style=&#8221;custom&#8221; add_button=&#8221;right&#8221; btn_title=&#8221;JETZT MEHR ERFAHREN!&#8221; btn_style=&#8221;custom&#8221; btn_custom_background=&#8221;#ffffff&#8221; btn_custom_text=&#8221;#577c77&#8243; btn_shape=&#8221;square&#8221; btn_align=&#8221;left&#8221; custom_background=&#8221;#577c77&#8243; custom_text=&#8221;#ffffff&#8221; btn_link=&#8221;url:https%3A%2F%2Faromea.eu%2Fat%2Fduftmarketing%2Fwp-content%2Fuploads%2FAromeaSales_HospitalHealthcare.pdf|title:Anfragen|target:_blank&#8221; btn_el_class=&#8221;cta&#8221; el_class=&#8221;cta-banner dark&#8221; css=&#8221;.vc_custom_1604577766979{border-top-width: 0px !important;border-right-width: 0px !important;border-bottom-width: 0px !important;border-left-width: 0px !important;}&#8221;]<\/p>\n<div>Antivirale und Antiseptische Beduftung im medizinischen Bereich<\/div>\n<p>[\/vc_cta][\/vc_column][\/vc_row]<\/p>\n","protected":false},"excerpt":{"rendered":"<p>D\u00fcfte f\u00fcr Nano Ger\u00e4te<\/p>\n","protected":false},"author":1,"featured_media":0,"parent":100,"menu_order":0,"comment_status":"closed","ping_status":"closed","template":"","meta":{"_acf_changed":false,"inline_featured_image":false,"footnotes":""},"class_list":["post-4669","page","type-page","status-publish","hentry"],"acf":[],"yoast_head":"<!-- This site is optimized with the Yoast SEO plugin v21.8.1 - https:\/\/yoast.com\/wordpress\/plugins\/seo\/ -->\n<title>Unsere antiviralen, antibakteriellen und antiseptischen D\u00fcfte<\/title>\n<meta name=\"description\" content=\"Viren sind nach wie vor realer Bestandteil unsers Alltages. Die ganze Welt ist auf der Suche nach L\u00f6sungen, damit wir gesund bleiben und uns wohl f\u00fchlen. In manchen Bereichen k\u00f6nnen antiviral wirkende D\u00fcfte helfen.\" \/>\n<meta name=\"robots\" content=\"index, follow, max-snippet:-1, max-image-preview:large, max-video-preview:-1\" \/>\n<link rel=\"canonical\" href=\"https:\/\/aromea.eu\/at\/duftmarketing\/raumduefte\/unsere-antiviralen-antibakteriellen-und-antiseptischen-duefte\/\" \/>\n<meta property=\"og:locale\" content=\"de_DE\" \/>\n<meta property=\"og:type\" content=\"article\" \/>\n<meta property=\"og:title\" content=\"Unsere antiviralen, antibakteriellen und antiseptischen D\u00fcfte\" \/>\n<meta property=\"og:description\" content=\"Viren sind nach wie vor realer Bestandteil unsers Alltages. Die ganze Welt ist auf der Suche nach L\u00f6sungen, damit wir gesund bleiben und uns wohl f\u00fchlen. In manchen Bereichen k\u00f6nnen antiviral wirkende D\u00fcfte helfen.\" \/>\n<meta property=\"og:url\" content=\"https:\/\/aromea.eu\/at\/duftmarketing\/raumduefte\/unsere-antiviralen-antibakteriellen-und-antiseptischen-duefte\/\" \/>\n<meta property=\"og:site_name\" content=\"Aromea\" \/>\n<meta property=\"article:modified_time\" content=\"2025-07-07T07:14:52+00:00\" \/>\n<meta name=\"twitter:card\" content=\"summary_large_image\" \/>\n<meta name=\"twitter:label1\" content=\"Gesch\u00e4tzte Lesezeit\" \/>\n\t<meta name=\"twitter:data1\" content=\"2\u00a0Minuten\" \/>\n<script type=\"application\/ld+json\" class=\"yoast-schema-graph\">{\"@context\":\"https:\/\/schema.org\",\"@graph\":[{\"@type\":\"WebPage\",\"@id\":\"https:\/\/aromea.eu\/at\/duftmarketing\/raumduefte\/unsere-antiviralen-antibakteriellen-und-antiseptischen-duefte\/\",\"url\":\"https:\/\/aromea.eu\/at\/duftmarketing\/raumduefte\/unsere-antiviralen-antibakteriellen-und-antiseptischen-duefte\/\",\"name\":\"Unsere antiviralen, antibakteriellen und antiseptischen D\u00fcfte\",\"isPartOf\":{\"@id\":\"https:\/\/aromea.eu\/at\/duftmarketing\/#website\"},\"datePublished\":\"2020-10-22T08:13:37+00:00\",\"dateModified\":\"2025-07-07T07:14:52+00:00\",\"description\":\"Viren sind nach wie vor realer Bestandteil unsers Alltages. Die ganze Welt ist auf der Suche nach L\u00f6sungen, damit wir gesund bleiben und uns wohl f\u00fchlen. In manchen Bereichen k\u00f6nnen antiviral wirkende D\u00fcfte helfen.\",\"breadcrumb\":{\"@id\":\"https:\/\/aromea.eu\/at\/duftmarketing\/raumduefte\/unsere-antiviralen-antibakteriellen-und-antiseptischen-duefte\/#breadcrumb\"},\"inLanguage\":\"de\",\"potentialAction\":[{\"@type\":\"ReadAction\",\"target\":[\"https:\/\/aromea.eu\/at\/duftmarketing\/raumduefte\/unsere-antiviralen-antibakteriellen-und-antiseptischen-duefte\/\"]}]},{\"@type\":\"BreadcrumbList\",\"@id\":\"https:\/\/aromea.eu\/at\/duftmarketing\/raumduefte\/unsere-antiviralen-antibakteriellen-und-antiseptischen-duefte\/#breadcrumb\",\"itemListElement\":[{\"@type\":\"ListItem\",\"position\":1,\"name\":\"Raumd\u00fcfte\",\"item\":\"https:\/\/aromea.eu\/at\/duftmarketing\/raumduefte\/\"},{\"@type\":\"ListItem\",\"position\":2,\"name\":\"Unsere antiviralen, antibakteriellen und antiseptischen D\u00fcfte\"}]},{\"@type\":\"WebSite\",\"@id\":\"https:\/\/aromea.eu\/at\/duftmarketing\/#website\",\"url\":\"https:\/\/aromea.eu\/at\/duftmarketing\/\",\"name\":\"Aromea\",\"description\":\"Airdesign\",\"potentialAction\":[{\"@type\":\"SearchAction\",\"target\":{\"@type\":\"EntryPoint\",\"urlTemplate\":\"https:\/\/aromea.eu\/at\/duftmarketing\/?s={search_term_string}\"},\"query-input\":\"required name=search_term_string\"}],\"inLanguage\":\"de\"}]}<\/script>\n<!-- \/ Yoast SEO plugin. -->","yoast_head_json":{"title":"Unsere antiviralen, antibakteriellen und antiseptischen D\u00fcfte","description":"Viren sind nach wie vor realer Bestandteil unsers Alltages. Die ganze Welt ist auf der Suche nach L\u00f6sungen, damit wir gesund bleiben und uns wohl f\u00fchlen. In manchen Bereichen k\u00f6nnen antiviral wirkende D\u00fcfte helfen.","robots":{"index":"index","follow":"follow","max-snippet":"max-snippet:-1","max-image-preview":"max-image-preview:large","max-video-preview":"max-video-preview:-1"},"canonical":"https:\/\/aromea.eu\/at\/duftmarketing\/raumduefte\/unsere-antiviralen-antibakteriellen-und-antiseptischen-duefte\/","og_locale":"de_DE","og_type":"article","og_title":"Unsere antiviralen, antibakteriellen und antiseptischen D\u00fcfte","og_description":"Viren sind nach wie vor realer Bestandteil unsers Alltages. Die ganze Welt ist auf der Suche nach L\u00f6sungen, damit wir gesund bleiben und uns wohl f\u00fchlen. In manchen Bereichen k\u00f6nnen antiviral wirkende D\u00fcfte helfen.","og_url":"https:\/\/aromea.eu\/at\/duftmarketing\/raumduefte\/unsere-antiviralen-antibakteriellen-und-antiseptischen-duefte\/","og_site_name":"Aromea","article_modified_time":"2025-07-07T07:14:52+00:00","twitter_card":"summary_large_image","twitter_misc":{"Gesch\u00e4tzte Lesezeit":"2\u00a0Minuten"},"schema":{"@context":"https:\/\/schema.org","@graph":[{"@type":"WebPage","@id":"https:\/\/aromea.eu\/at\/duftmarketing\/raumduefte\/unsere-antiviralen-antibakteriellen-und-antiseptischen-duefte\/","url":"https:\/\/aromea.eu\/at\/duftmarketing\/raumduefte\/unsere-antiviralen-antibakteriellen-und-antiseptischen-duefte\/","name":"Unsere antiviralen, antibakteriellen und antiseptischen D\u00fcfte","isPartOf":{"@id":"https:\/\/aromea.eu\/at\/duftmarketing\/#website"},"datePublished":"2020-10-22T08:13:37+00:00","dateModified":"2025-07-07T07:14:52+00:00","description":"Viren sind nach wie vor realer Bestandteil unsers Alltages. Die ganze Welt ist auf der Suche nach L\u00f6sungen, damit wir gesund bleiben und uns wohl f\u00fchlen. In manchen Bereichen k\u00f6nnen antiviral wirkende D\u00fcfte helfen.","breadcrumb":{"@id":"https:\/\/aromea.eu\/at\/duftmarketing\/raumduefte\/unsere-antiviralen-antibakteriellen-und-antiseptischen-duefte\/#breadcrumb"},"inLanguage":"de","potentialAction":[{"@type":"ReadAction","target":["https:\/\/aromea.eu\/at\/duftmarketing\/raumduefte\/unsere-antiviralen-antibakteriellen-und-antiseptischen-duefte\/"]}]},{"@type":"BreadcrumbList","@id":"https:\/\/aromea.eu\/at\/duftmarketing\/raumduefte\/unsere-antiviralen-antibakteriellen-und-antiseptischen-duefte\/#breadcrumb","itemListElement":[{"@type":"ListItem","position":1,"name":"Raumd\u00fcfte","item":"https:\/\/aromea.eu\/at\/duftmarketing\/raumduefte\/"},{"@type":"ListItem","position":2,"name":"Unsere antiviralen, antibakteriellen und antiseptischen D\u00fcfte"}]},{"@type":"WebSite","@id":"https:\/\/aromea.eu\/at\/duftmarketing\/#website","url":"https:\/\/aromea.eu\/at\/duftmarketing\/","name":"Aromea","description":"Airdesign","potentialAction":[{"@type":"SearchAction","target":{"@type":"EntryPoint","urlTemplate":"https:\/\/aromea.eu\/at\/duftmarketing\/?s={search_term_string}"},"query-input":"required name=search_term_string"}],"inLanguage":"de"}]}},"_links":{"self":[{"href":"https:\/\/aromea.eu\/at\/duftmarketing\/wp-json\/wp\/v2\/pages\/4669","targetHints":{"allow":["GET"]}}],"collection":[{"href":"https:\/\/aromea.eu\/at\/duftmarketing\/wp-json\/wp\/v2\/pages"}],"about":[{"href":"https:\/\/aromea.eu\/at\/duftmarketing\/wp-json\/wp\/v2\/types\/page"}],"author":[{"embeddable":true,"href":"https:\/\/aromea.eu\/at\/duftmarketing\/wp-json\/wp\/v2\/users\/1"}],"replies":[{"embeddable":true,"href":"https:\/\/aromea.eu\/at\/duftmarketing\/wp-json\/wp\/v2\/comments?post=4669"}],"version-history":[{"count":4,"href":"https:\/\/aromea.eu\/at\/duftmarketing\/wp-json\/wp\/v2\/pages\/4669\/revisions"}],"predecessor-version":[{"id":30937,"href":"https:\/\/aromea.eu\/at\/duftmarketing\/wp-json\/wp\/v2\/pages\/4669\/revisions\/30937"}],"up":[{"embeddable":true,"href":"https:\/\/aromea.eu\/at\/duftmarketing\/wp-json\/wp\/v2\/pages\/100"}],"wp:attachment":[{"href":"https:\/\/aromea.eu\/at\/duftmarketing\/wp-json\/wp\/v2\/media?parent=4669"}],"curies":[{"name":"wp","href":"https:\/\/api.w.org\/{rel}","templated":true}]}}