{"id":464,"date":"2018-08-10T11:12:13","date_gmt":"2018-08-10T09:12:13","guid":{"rendered":"http:\/\/www.duftmarketing.at\/?page_id=464"},"modified":"2020-03-24T10:29:24","modified_gmt":"2020-03-24T09:29:24","slug":"duefte-fuer-aromasaeulen","status":"publish","type":"page","link":"https:\/\/aromea.eu\/at\/duftmarketing\/raumduefte\/duefte-fuer-aromasaeulen\/","title":{"rendered":"Raumd\u00fcfte f\u00fcr Aromas\u00e4ulen"},"content":{"rendered":"<div class=\"wpb-content-wrapper\"><p>[vc_section full_width=&#8221;stretch_row&#8221; css=&#8221;.vc_custom_1533900108168{border-top-width: 1px !important;padding-top: 104px !important;padding-bottom: 35px !important;border-top-color: #d4d4d4 !important;border-top-style: solid !important;}&#8221;][vc_row][vc_column][vc_custom_heading text=&#8221;RAUMD\u00dcFTE&#8221; font_container=&#8221;tag:h1|text_align:center&#8221; use_theme_fonts=&#8221;yes&#8221;][vc_column_text el_class=&#8221;font-18-28 color-000&#8243;]<\/p>\n<p style=\"text-align: center;\">f\u00fcr Aromas\u00e4ulen<\/p>\n<p>[\/vc_column_text][\/vc_column][\/vc_row][\/vc_section][vc_section][vc_row][vc_column][vc_basic_grid post_type=&#8221;duft&#8221; max_items=&#8221;-1&#8243; element_width=&#8221;3&#8243; gap=&#8221;10&#8243; orderby=&#8221;title&#8221; order=&#8221;ASC&#8221; item=&#8221;486&#8243; grid_id=&#8221;vc_gid:1583485212741-9c6d26b4-034e-1&#8243; taxonomies=&#8221;26&#8243;][\/vc_column][\/vc_row][\/vc_section]<\/p>\n<\/div>","protected":false},"excerpt":{"rendered":"<p>D\u00fcfte f\u00fcr Aromas\u00e4ulen<\/p>\n","protected":false},"author":1,"featured_media":0,"parent":100,"menu_order":0,"comment_status":"closed","ping_status":"closed","template":"","meta":{"_acf_changed":false,"inline_featured_image":false,"footnotes":""},"class_list":["post-464","page","type-page","status-publish","hentry"],"acf":[],"yoast_head":"<!-- This site is optimized with the Yoast SEO plugin v21.8.1 - https:\/\/yoast.com\/wordpress\/plugins\/seo\/ -->\n<title>Duftmarketing: Hochwertige Raumd\u00fcfte f\u00fcr Aromas\u00e4ulen<\/title>\n<meta name=\"description\" content=\"Neben dem individuellen Corporate Scent bietet Aromea aber auch eine Auswahl an Premiumd\u00fcften f\u00fcr Aromas\u00e4ulen und die Nano-Ger\u00e4te mit AirQ-Technologie an. Frisch, fruchtig, entspannend, w\u00fcrzig \u2013 Entdecken Sie Duftwelten, die Ihrem Betrieb auf eine neue (Sinnes-)ebene heben.\" \/>\n<meta name=\"robots\" content=\"index, follow, max-snippet:-1, max-image-preview:large, max-video-preview:-1\" \/>\n<link rel=\"canonical\" href=\"https:\/\/aromea.eu\/at\/duftmarketing\/raumduefte\/duefte-fuer-aromasaeulen\/\" \/>\n<meta property=\"og:locale\" content=\"de_DE\" \/>\n<meta property=\"og:type\" content=\"article\" \/>\n<meta property=\"og:title\" content=\"Duftmarketing: Hochwertige Raumd\u00fcfte f\u00fcr Aromas\u00e4ulen\" \/>\n<meta property=\"og:description\" content=\"Neben dem individuellen Corporate Scent bietet Aromea aber auch eine Auswahl an Premiumd\u00fcften f\u00fcr Aromas\u00e4ulen und die Nano-Ger\u00e4te mit AirQ-Technologie an. Frisch, fruchtig, entspannend, w\u00fcrzig \u2013 Entdecken Sie Duftwelten, die Ihrem Betrieb auf eine neue (Sinnes-)ebene heben.\" \/>\n<meta property=\"og:url\" content=\"https:\/\/aromea.eu\/at\/duftmarketing\/raumduefte\/duefte-fuer-aromasaeulen\/\" \/>\n<meta property=\"og:site_name\" content=\"Aromea\" \/>\n<meta property=\"article:modified_time\" content=\"2020-03-24T09:29:24+00:00\" \/>\n<meta name=\"twitter:card\" content=\"summary_large_image\" \/>\n<meta name=\"twitter:label1\" content=\"Gesch\u00e4tzte Lesezeit\" \/>\n\t<meta name=\"twitter:data1\" content=\"1\u00a0Minute\" \/>\n<script type=\"application\/ld+json\" class=\"yoast-schema-graph\">{\"@context\":\"https:\/\/schema.org\",\"@graph\":[{\"@type\":\"WebPage\",\"@id\":\"https:\/\/aromea.eu\/at\/duftmarketing\/raumduefte\/duefte-fuer-aromasaeulen\/\",\"url\":\"https:\/\/aromea.eu\/at\/duftmarketing\/raumduefte\/duefte-fuer-aromasaeulen\/\",\"name\":\"Duftmarketing: Hochwertige Raumd\u00fcfte f\u00fcr Aromas\u00e4ulen\",\"isPartOf\":{\"@id\":\"https:\/\/aromea.eu\/at\/duftmarketing\/#website\"},\"datePublished\":\"2018-08-10T09:12:13+00:00\",\"dateModified\":\"2020-03-24T09:29:24+00:00\",\"description\":\"Neben dem individuellen Corporate Scent bietet Aromea aber auch eine Auswahl an Premiumd\u00fcften f\u00fcr Aromas\u00e4ulen und die Nano-Ger\u00e4te mit AirQ-Technologie an. Frisch, fruchtig, entspannend, w\u00fcrzig \u2013 Entdecken Sie Duftwelten, die Ihrem Betrieb auf eine neue (Sinnes-)ebene heben.\",\"breadcrumb\":{\"@id\":\"https:\/\/aromea.eu\/at\/duftmarketing\/raumduefte\/duefte-fuer-aromasaeulen\/#breadcrumb\"},\"inLanguage\":\"de\",\"potentialAction\":[{\"@type\":\"ReadAction\",\"target\":[\"https:\/\/aromea.eu\/at\/duftmarketing\/raumduefte\/duefte-fuer-aromasaeulen\/\"]}]},{\"@type\":\"BreadcrumbList\",\"@id\":\"https:\/\/aromea.eu\/at\/duftmarketing\/raumduefte\/duefte-fuer-aromasaeulen\/#breadcrumb\",\"itemListElement\":[{\"@type\":\"ListItem\",\"position\":1,\"name\":\"Raumd\u00fcfte\",\"item\":\"https:\/\/aromea.eu\/at\/duftmarketing\/raumduefte\/\"},{\"@type\":\"ListItem\",\"position\":2,\"name\":\"Raumd\u00fcfte f\u00fcr Aromas\u00e4ulen\"}]},{\"@type\":\"WebSite\",\"@id\":\"https:\/\/aromea.eu\/at\/duftmarketing\/#website\",\"url\":\"https:\/\/aromea.eu\/at\/duftmarketing\/\",\"name\":\"Aromea\",\"description\":\"Airdesign\",\"potentialAction\":[{\"@type\":\"SearchAction\",\"target\":{\"@type\":\"EntryPoint\",\"urlTemplate\":\"https:\/\/aromea.eu\/at\/duftmarketing\/?s={search_term_string}\"},\"query-input\":\"required name=search_term_string\"}],\"inLanguage\":\"de\"}]}<\/script>\n<!-- \/ Yoast SEO plugin. -->","yoast_head_json":{"title":"Duftmarketing: Hochwertige Raumd\u00fcfte f\u00fcr Aromas\u00e4ulen","description":"Neben dem individuellen Corporate Scent bietet Aromea aber auch eine Auswahl an Premiumd\u00fcften f\u00fcr Aromas\u00e4ulen und die Nano-Ger\u00e4te mit AirQ-Technologie an. Frisch, fruchtig, entspannend, w\u00fcrzig \u2013 Entdecken Sie Duftwelten, die Ihrem Betrieb auf eine neue (Sinnes-)ebene heben.","robots":{"index":"index","follow":"follow","max-snippet":"max-snippet:-1","max-image-preview":"max-image-preview:large","max-video-preview":"max-video-preview:-1"},"canonical":"https:\/\/aromea.eu\/at\/duftmarketing\/raumduefte\/duefte-fuer-aromasaeulen\/","og_locale":"de_DE","og_type":"article","og_title":"Duftmarketing: Hochwertige Raumd\u00fcfte f\u00fcr Aromas\u00e4ulen","og_description":"Neben dem individuellen Corporate Scent bietet Aromea aber auch eine Auswahl an Premiumd\u00fcften f\u00fcr Aromas\u00e4ulen und die Nano-Ger\u00e4te mit AirQ-Technologie an. Frisch, fruchtig, entspannend, w\u00fcrzig \u2013 Entdecken Sie Duftwelten, die Ihrem Betrieb auf eine neue (Sinnes-)ebene heben.","og_url":"https:\/\/aromea.eu\/at\/duftmarketing\/raumduefte\/duefte-fuer-aromasaeulen\/","og_site_name":"Aromea","article_modified_time":"2020-03-24T09:29:24+00:00","twitter_card":"summary_large_image","twitter_misc":{"Gesch\u00e4tzte Lesezeit":"1\u00a0Minute"},"schema":{"@context":"https:\/\/schema.org","@graph":[{"@type":"WebPage","@id":"https:\/\/aromea.eu\/at\/duftmarketing\/raumduefte\/duefte-fuer-aromasaeulen\/","url":"https:\/\/aromea.eu\/at\/duftmarketing\/raumduefte\/duefte-fuer-aromasaeulen\/","name":"Duftmarketing: Hochwertige Raumd\u00fcfte f\u00fcr Aromas\u00e4ulen","isPartOf":{"@id":"https:\/\/aromea.eu\/at\/duftmarketing\/#website"},"datePublished":"2018-08-10T09:12:13+00:00","dateModified":"2020-03-24T09:29:24+00:00","description":"Neben dem individuellen Corporate Scent bietet Aromea aber auch eine Auswahl an Premiumd\u00fcften f\u00fcr Aromas\u00e4ulen und die Nano-Ger\u00e4te mit AirQ-Technologie an. Frisch, fruchtig, entspannend, w\u00fcrzig \u2013 Entdecken Sie Duftwelten, die Ihrem Betrieb auf eine neue (Sinnes-)ebene heben.","breadcrumb":{"@id":"https:\/\/aromea.eu\/at\/duftmarketing\/raumduefte\/duefte-fuer-aromasaeulen\/#breadcrumb"},"inLanguage":"de","potentialAction":[{"@type":"ReadAction","target":["https:\/\/aromea.eu\/at\/duftmarketing\/raumduefte\/duefte-fuer-aromasaeulen\/"]}]},{"@type":"BreadcrumbList","@id":"https:\/\/aromea.eu\/at\/duftmarketing\/raumduefte\/duefte-fuer-aromasaeulen\/#breadcrumb","itemListElement":[{"@type":"ListItem","position":1,"name":"Raumd\u00fcfte","item":"https:\/\/aromea.eu\/at\/duftmarketing\/raumduefte\/"},{"@type":"ListItem","position":2,"name":"Raumd\u00fcfte f\u00fcr Aromas\u00e4ulen"}]},{"@type":"WebSite","@id":"https:\/\/aromea.eu\/at\/duftmarketing\/#website","url":"https:\/\/aromea.eu\/at\/duftmarketing\/","name":"Aromea","description":"Airdesign","potentialAction":[{"@type":"SearchAction","target":{"@type":"EntryPoint","urlTemplate":"https:\/\/aromea.eu\/at\/duftmarketing\/?s={search_term_string}"},"query-input":"required name=search_term_string"}],"inLanguage":"de"}]}},"_links":{"self":[{"href":"https:\/\/aromea.eu\/at\/duftmarketing\/wp-json\/wp\/v2\/pages\/464","targetHints":{"allow":["GET"]}}],"collection":[{"href":"https:\/\/aromea.eu\/at\/duftmarketing\/wp-json\/wp\/v2\/pages"}],"about":[{"href":"https:\/\/aromea.eu\/at\/duftmarketing\/wp-json\/wp\/v2\/types\/page"}],"author":[{"embeddable":true,"href":"https:\/\/aromea.eu\/at\/duftmarketing\/wp-json\/wp\/v2\/users\/1"}],"replies":[{"embeddable":true,"href":"https:\/\/aromea.eu\/at\/duftmarketing\/wp-json\/wp\/v2\/comments?post=464"}],"version-history":[{"count":0,"href":"https:\/\/aromea.eu\/at\/duftmarketing\/wp-json\/wp\/v2\/pages\/464\/revisions"}],"up":[{"embeddable":true,"href":"https:\/\/aromea.eu\/at\/duftmarketing\/wp-json\/wp\/v2\/pages\/100"}],"wp:attachment":[{"href":"https:\/\/aromea.eu\/at\/duftmarketing\/wp-json\/wp\/v2\/media?parent=464"}],"curies":[{"name":"wp","href":"https:\/\/api.w.org\/{rel}","templated":true}]}}