{"id":3620,"date":"2020-04-29T10:45:45","date_gmt":"2020-04-29T08:45:45","guid":{"rendered":"https:\/\/aromea.eu\/at\/duftmarketing\/?page_id=3620"},"modified":"2020-04-29T14:24:46","modified_gmt":"2020-04-29T12:24:46","slug":"aromatherapie-duefte","status":"publish","type":"page","link":"https:\/\/aromea.eu\/at\/duftmarketing\/raumduefte\/aromatherapie-duefte\/","title":{"rendered":"Die Arom(e)atherapie: Die neuen D\u00fcfte aus 100% \u00e4therischen &#038; nat\u00fcrlichen \u00d6len"},"content":{"rendered":"<p>[vc_section full_width=&#8221;stretch_row&#8221; css=&#8221;.vc_custom_1533900950628{padding-top: 104px !important;padding-bottom: 35px !important;}&#8221;][vc_row][vc_column][vc_custom_heading text=&#8221;AROM(E)ATHERAPIE&#8221; font_container=&#8221;tag:h1|text_align:center&#8221; use_theme_fonts=&#8221;yes&#8221;][vc_custom_heading text=&#8221;DIE NEUEN D\u00dcFTE AUS 100% \u00c4THERISCHEN &amp; NAT\u00dcRLICHEN \u00d6LEN&#8221; font_container=&#8221;tag:h4|text_align:center&#8221; use_theme_fonts=&#8221;yes&#8221;][vc_column_text el_class=&#8221;font-18-28 color-000&#8243;]<\/p>\n<p style=\"text-align: center;\">F\u00fcr Nano-Ger\u00e4te &amp; den AROMEA AERA<\/p>\n<p>[\/vc_column_text][\/vc_column][\/vc_row][\/vc_section][vc_section css=&#8221;.vc_custom_1576836844595{padding-bottom: 35px !important;}&#8221;][vc_row el_class=&#8221;einsatz-content&#8221; css=&#8221;.vc_custom_1576836849019{padding-bottom: 60px !important;}&#8221;][vc_column width=&#8221;1\/2&#8243; css=&#8221;.vc_custom_1588080036125{margin-bottom: 35px !important;padding-right: 30px !important;padding-left: 30px !important;}&#8221; offset=&#8221;vc_col-md-6&#8243;][vc_custom_heading text=&#8221;AROMATHERAPIE&#8221; font_container=&#8221;tag:h4|text_align:left&#8221; use_theme_fonts=&#8221;yes&#8221;][vc_column_text]<\/p>\n<p style=\"text-align: justify;\">Oft geh\u00f6rt, noch nie so wirklich verstanden, was es ist? Kleine Schulstunde im Schnelldurchlauf:\u00a0<a href=\"https:\/\/de.wikipedia.org\/wiki\/Aromatherapie\">Aromatherapie<\/a> verwendet\u00a0<a href=\"https:\/\/www.netdoktor.de\/tcm\/aetherische-oele\/\">\u00e4therische \u00d6le<\/a>, um verschiedene Wirkungen zu erzielen. Beispielsweise gegen Alltags-Stress und f\u00fcr mehr Entspannung oder im Kampf gegen Erk\u00e4ltungen und co. Gerade in der heutigen Zeit ist die heilende und unterst\u00fctzende Wirkung von \u00e4therischen \u00d6len ein nicht unerheblicher Faktor. Aromatherapie ist kein Medikament, kann aber das Raumklima optimieren, dein Immunsystem st\u00e4rken und deine Psyche positiv beeinflussen.<\/p>\n<p>[\/vc_column_text][\/vc_column][vc_column width=&#8221;1\/2&#8243; css=&#8221;.vc_custom_1588080046289{padding-right: 30px !important;padding-left: 30px !important;}&#8221; offset=&#8221;vc_col-md-6&#8243;][vc_custom_heading text=&#8221;SAFETY FIRST&#8221; font_container=&#8221;tag:h4|text_align:left&#8221; use_theme_fonts=&#8221;yes&#8221;][vc_column_text]<\/p>\n<p style=\"text-align: justify;\">Alle unsere D\u00fcfte folgen konsequent und gewissenhaft allen gesetzlichen Vorgaben sowie den h\u00f6chsten Qualit\u00e4ts- und Sicherheitsstandards der Europ\u00e4ischen Union und des Verbraucherschutzes. Unsere D\u00fcfte in Kombination mit der patentierten AirQ-Technologie schaffen zuverl\u00e4ssig und nachhaltig ein hypoallergenes Dufterlebnis ohne R\u00fcckst\u00e4nde und Kontaktallergien.<\/p>\n<p>[\/vc_column_text][\/vc_column][\/vc_row][\/vc_section][vc_section][vc_row][vc_column][vc_basic_grid post_type=&#8221;duft&#8221; max_items=&#8221;-1&#8243; element_width=&#8221;12&#8243; gap=&#8221;0&#8243; orderby=&#8221;menu_order&#8221; order=&#8221;ASC&#8221; item=&#8221;3618&#8243; grid_id=&#8221;vc_gid:1588162878394-4a3b5350-c4c4-0&#8243; taxonomies=&#8221;340&#8243; el_class=&#8221;aromeatherapie-grid&#8221;][\/vc_column][\/vc_row][\/vc_section]<\/p>\n","protected":false},"excerpt":{"rendered":"<p>D\u00fcfte f\u00fcr Nano Ger\u00e4te<\/p>\n","protected":false},"author":1,"featured_media":0,"parent":100,"menu_order":0,"comment_status":"closed","ping_status":"closed","template":"","meta":{"_acf_changed":false,"inline_featured_image":false,"footnotes":""},"class_list":["post-3620","page","type-page","status-publish","hentry"],"acf":[],"yoast_head":"<!-- This site is optimized with the Yoast SEO plugin v21.8.1 - https:\/\/yoast.com\/wordpress\/plugins\/seo\/ -->\n<title>Die neuen Aromatherapie D\u00fcfte f\u00fcr alle Nano-Ger\u00e4te &amp; den AERA<\/title>\n<meta name=\"description\" content=\"Aromatherapie verwendet\u00a0\u00e4therische \u00d6le, um verschiedene Wirkungen zu erzielen. Beispielsweise gegen Alltags-Stress und f\u00fcr mehr Entspannung oder im Kampf gegen Erk\u00e4ltungen und co.\" \/>\n<meta name=\"robots\" content=\"index, follow, max-snippet:-1, max-image-preview:large, max-video-preview:-1\" \/>\n<link rel=\"canonical\" href=\"https:\/\/aromea.eu\/at\/duftmarketing\/raumduefte\/aromatherapie-duefte\/\" \/>\n<meta property=\"og:locale\" content=\"de_DE\" \/>\n<meta property=\"og:type\" content=\"article\" \/>\n<meta property=\"og:title\" content=\"Die neuen Aromatherapie D\u00fcfte f\u00fcr alle Nano-Ger\u00e4te &amp; den AERA\" \/>\n<meta property=\"og:description\" content=\"Aromatherapie verwendet\u00a0\u00e4therische \u00d6le, um verschiedene Wirkungen zu erzielen. Beispielsweise gegen Alltags-Stress und f\u00fcr mehr Entspannung oder im Kampf gegen Erk\u00e4ltungen und co.\" \/>\n<meta property=\"og:url\" content=\"https:\/\/aromea.eu\/at\/duftmarketing\/raumduefte\/aromatherapie-duefte\/\" \/>\n<meta property=\"og:site_name\" content=\"Aromea\" \/>\n<meta property=\"article:modified_time\" content=\"2020-04-29T12:24:46+00:00\" \/>\n<meta name=\"twitter:card\" content=\"summary_large_image\" \/>\n<meta name=\"twitter:label1\" content=\"Gesch\u00e4tzte Lesezeit\" \/>\n\t<meta name=\"twitter:data1\" content=\"2\u00a0Minuten\" \/>\n<script type=\"application\/ld+json\" class=\"yoast-schema-graph\">{\"@context\":\"https:\/\/schema.org\",\"@graph\":[{\"@type\":\"WebPage\",\"@id\":\"https:\/\/aromea.eu\/at\/duftmarketing\/raumduefte\/aromatherapie-duefte\/\",\"url\":\"https:\/\/aromea.eu\/at\/duftmarketing\/raumduefte\/aromatherapie-duefte\/\",\"name\":\"Die neuen Aromatherapie D\u00fcfte f\u00fcr alle Nano-Ger\u00e4te & den AERA\",\"isPartOf\":{\"@id\":\"https:\/\/aromea.eu\/at\/duftmarketing\/#website\"},\"datePublished\":\"2020-04-29T08:45:45+00:00\",\"dateModified\":\"2020-04-29T12:24:46+00:00\",\"description\":\"Aromatherapie verwendet\u00a0\u00e4therische \u00d6le, um verschiedene Wirkungen zu erzielen. Beispielsweise gegen Alltags-Stress und f\u00fcr mehr Entspannung oder im Kampf gegen Erk\u00e4ltungen und co.\",\"breadcrumb\":{\"@id\":\"https:\/\/aromea.eu\/at\/duftmarketing\/raumduefte\/aromatherapie-duefte\/#breadcrumb\"},\"inLanguage\":\"de\",\"potentialAction\":[{\"@type\":\"ReadAction\",\"target\":[\"https:\/\/aromea.eu\/at\/duftmarketing\/raumduefte\/aromatherapie-duefte\/\"]}]},{\"@type\":\"BreadcrumbList\",\"@id\":\"https:\/\/aromea.eu\/at\/duftmarketing\/raumduefte\/aromatherapie-duefte\/#breadcrumb\",\"itemListElement\":[{\"@type\":\"ListItem\",\"position\":1,\"name\":\"Raumd\u00fcfte\",\"item\":\"https:\/\/aromea.eu\/at\/duftmarketing\/raumduefte\/\"},{\"@type\":\"ListItem\",\"position\":2,\"name\":\"Die Arom(e)atherapie: Die neuen D\u00fcfte aus 100% \u00e4therischen &#038; nat\u00fcrlichen \u00d6len\"}]},{\"@type\":\"WebSite\",\"@id\":\"https:\/\/aromea.eu\/at\/duftmarketing\/#website\",\"url\":\"https:\/\/aromea.eu\/at\/duftmarketing\/\",\"name\":\"Aromea\",\"description\":\"Airdesign\",\"potentialAction\":[{\"@type\":\"SearchAction\",\"target\":{\"@type\":\"EntryPoint\",\"urlTemplate\":\"https:\/\/aromea.eu\/at\/duftmarketing\/?s={search_term_string}\"},\"query-input\":\"required name=search_term_string\"}],\"inLanguage\":\"de\"}]}<\/script>\n<!-- \/ Yoast SEO plugin. -->","yoast_head_json":{"title":"Die neuen Aromatherapie D\u00fcfte f\u00fcr alle Nano-Ger\u00e4te & den AERA","description":"Aromatherapie verwendet\u00a0\u00e4therische \u00d6le, um verschiedene Wirkungen zu erzielen. Beispielsweise gegen Alltags-Stress und f\u00fcr mehr Entspannung oder im Kampf gegen Erk\u00e4ltungen und co.","robots":{"index":"index","follow":"follow","max-snippet":"max-snippet:-1","max-image-preview":"max-image-preview:large","max-video-preview":"max-video-preview:-1"},"canonical":"https:\/\/aromea.eu\/at\/duftmarketing\/raumduefte\/aromatherapie-duefte\/","og_locale":"de_DE","og_type":"article","og_title":"Die neuen Aromatherapie D\u00fcfte f\u00fcr alle Nano-Ger\u00e4te & den AERA","og_description":"Aromatherapie verwendet\u00a0\u00e4therische \u00d6le, um verschiedene Wirkungen zu erzielen. Beispielsweise gegen Alltags-Stress und f\u00fcr mehr Entspannung oder im Kampf gegen Erk\u00e4ltungen und co.","og_url":"https:\/\/aromea.eu\/at\/duftmarketing\/raumduefte\/aromatherapie-duefte\/","og_site_name":"Aromea","article_modified_time":"2020-04-29T12:24:46+00:00","twitter_card":"summary_large_image","twitter_misc":{"Gesch\u00e4tzte Lesezeit":"2\u00a0Minuten"},"schema":{"@context":"https:\/\/schema.org","@graph":[{"@type":"WebPage","@id":"https:\/\/aromea.eu\/at\/duftmarketing\/raumduefte\/aromatherapie-duefte\/","url":"https:\/\/aromea.eu\/at\/duftmarketing\/raumduefte\/aromatherapie-duefte\/","name":"Die neuen Aromatherapie D\u00fcfte f\u00fcr alle Nano-Ger\u00e4te & den AERA","isPartOf":{"@id":"https:\/\/aromea.eu\/at\/duftmarketing\/#website"},"datePublished":"2020-04-29T08:45:45+00:00","dateModified":"2020-04-29T12:24:46+00:00","description":"Aromatherapie verwendet\u00a0\u00e4therische \u00d6le, um verschiedene Wirkungen zu erzielen. Beispielsweise gegen Alltags-Stress und f\u00fcr mehr Entspannung oder im Kampf gegen Erk\u00e4ltungen und co.","breadcrumb":{"@id":"https:\/\/aromea.eu\/at\/duftmarketing\/raumduefte\/aromatherapie-duefte\/#breadcrumb"},"inLanguage":"de","potentialAction":[{"@type":"ReadAction","target":["https:\/\/aromea.eu\/at\/duftmarketing\/raumduefte\/aromatherapie-duefte\/"]}]},{"@type":"BreadcrumbList","@id":"https:\/\/aromea.eu\/at\/duftmarketing\/raumduefte\/aromatherapie-duefte\/#breadcrumb","itemListElement":[{"@type":"ListItem","position":1,"name":"Raumd\u00fcfte","item":"https:\/\/aromea.eu\/at\/duftmarketing\/raumduefte\/"},{"@type":"ListItem","position":2,"name":"Die Arom(e)atherapie: Die neuen D\u00fcfte aus 100% \u00e4therischen &#038; nat\u00fcrlichen \u00d6len"}]},{"@type":"WebSite","@id":"https:\/\/aromea.eu\/at\/duftmarketing\/#website","url":"https:\/\/aromea.eu\/at\/duftmarketing\/","name":"Aromea","description":"Airdesign","potentialAction":[{"@type":"SearchAction","target":{"@type":"EntryPoint","urlTemplate":"https:\/\/aromea.eu\/at\/duftmarketing\/?s={search_term_string}"},"query-input":"required name=search_term_string"}],"inLanguage":"de"}]}},"_links":{"self":[{"href":"https:\/\/aromea.eu\/at\/duftmarketing\/wp-json\/wp\/v2\/pages\/3620","targetHints":{"allow":["GET"]}}],"collection":[{"href":"https:\/\/aromea.eu\/at\/duftmarketing\/wp-json\/wp\/v2\/pages"}],"about":[{"href":"https:\/\/aromea.eu\/at\/duftmarketing\/wp-json\/wp\/v2\/types\/page"}],"author":[{"embeddable":true,"href":"https:\/\/aromea.eu\/at\/duftmarketing\/wp-json\/wp\/v2\/users\/1"}],"replies":[{"embeddable":true,"href":"https:\/\/aromea.eu\/at\/duftmarketing\/wp-json\/wp\/v2\/comments?post=3620"}],"version-history":[{"count":0,"href":"https:\/\/aromea.eu\/at\/duftmarketing\/wp-json\/wp\/v2\/pages\/3620\/revisions"}],"up":[{"embeddable":true,"href":"https:\/\/aromea.eu\/at\/duftmarketing\/wp-json\/wp\/v2\/pages\/100"}],"wp:attachment":[{"href":"https:\/\/aromea.eu\/at\/duftmarketing\/wp-json\/wp\/v2\/media?parent=3620"}],"curies":[{"name":"wp","href":"https:\/\/api.w.org\/{rel}","templated":true}]}}