{"id":30700,"date":"2025-06-26T12:41:54","date_gmt":"2025-06-26T10:41:54","guid":{"rendered":"https:\/\/aromea.eu\/at\/duftmarketing\/?page_id=30700"},"modified":"2025-07-07T09:41:14","modified_gmt":"2025-07-07T07:41:14","slug":"handelspartner-werden","status":"publish","type":"page","link":"https:\/\/aromea.eu\/at\/duftmarketing\/handelspartner-werden\/","title":{"rendered":"Handelspartner werden"},"content":{"rendered":"<p>[vc_section full_width=&#8221;stretch_row_content&#8221; content_placement=&#8221;middle&#8221; el_class=&#8221;page-head-container&#8221;][vc_row full_width=&#8221;stretch_row_content_no_spaces&#8221; content_placement=&#8221;middle&#8221; el_class=&#8221;page-head-img&#8221;][vc_column offset=&#8221;vc_hidden-sm vc_hidden-xs&#8221;][vc_single_image image=&#8221;30715&#8243; img_size=&#8221;full&#8221; alignment=&#8221;center&#8221;][\/vc_column][vc_column offset=&#8221;vc_hidden-lg vc_hidden-md&#8221;][vc_single_image image=&#8221;30717&#8243; img_size=&#8221;full&#8221; alignment=&#8221;center&#8221;][\/vc_column][\/vc_row][vc_row full_width=&#8221;stretch_row_content&#8221; content_placement=&#8221;middle&#8221; el_class=&#8221;page-head&#8221; css=&#8221;.vc_custom_1750939225460{background-position: center !important;background-repeat: no-repeat !important;background-size: cover !important;}&#8221;][vc_column offset=&#8221;vc_col-lg-offset-2 vc_col-lg-8 vc_col-md-offset-1 vc_col-md-10&#8243; css=&#8221;.vc_custom_1750939178409{padding-right: 20px !important;padding-left: 20px !important;}&#8221;][vc_custom_heading text=&#8221;Duftend wachsen mit AROMEA Airdesign&#8221; font_container=&#8221;tag:h1|text_align:center|color:%23ffffff&#8221; use_theme_fonts=&#8221;yes&#8221; el_class=&#8221;page-title&#8221;][vc_custom_heading text=&#8221;Werde Teil einer Erfolgsgeschichte&#8221; font_container=&#8221;tag:h4|text_align:center|color:%23ffffff&#8221; use_theme_fonts=&#8221;yes&#8221;][\/vc_column][\/vc_row][\/vc_section][vc_section css=&#8221;.vc_custom_1750939389827{padding-top: 104px !important;padding-bottom: 0px !important;}&#8221;][vc_row css=&#8221;.vc_custom_1750931345511{padding-bottom: 35px !important;}&#8221;][vc_column width=&#8221;1\/2&#8243; css=&#8221;.vc_custom_1750924413246{margin-bottom: 35px !important;padding-right: 30px !important;padding-left: 30px !important;}&#8221;][vc_column_text css=&#8221;.vc_custom_1750928171182{margin-bottom: 0px !important;}&#8221;]Als AROMEA Airdesign Handelspartner er\u00f6ffnest du dir den Zugang zu einem wachsenden Markt mit starkem Zukunftspotenzial: Du vertreibst hochwertige Duftger\u00e4te und exklusive Duftkompositionen \u2013 unterst\u00fctzt durch professionelle Schulungen, innovative Technologie und eine etablierte Premium-Marke. Doch <a href=\"https:\/\/aromea.eu\/at\/duftmarketing\/aromea\/warum-duftmarketing\/\">warum Duftmarketing<\/a>? Der st\u00e4rkste Eindruck ist der Duft. Er steuert Emotionen, schafft Erinnerungen und beeinflusst Kaufentscheidungen.[\/vc_column_text][\/vc_column][vc_column width=&#8221;1\/2&#8243;][vc_column_text css=&#8221;.vc_custom_1750928163592{margin-bottom: 0px !important;}&#8221;]Ob l\u00e4ngere Verweildauer, positive Assoziationen oder st\u00e4rkere Kundenbindung: Raumduft ist ein wirkungsvolles Marketingtool, das messbar \u00fcberzeugt.<\/p>\n<p>Als Handelspartner bietest du deinen Kunden so ein emotionales Produkterlebnis, das ihre Marke st\u00e4rkt \u2013 und dich klar vom Wettbewerb abhebt. Pluspunkt: Du sicherst dir ein hochwertiges, flexibles System, das sich leicht integrieren und zuverl\u00e4ssig betreuen l\u00e4sst.[\/vc_column_text][\/vc_column][\/vc_row][vc_row el_class=&#8221;cta-static&#8221;][vc_column css=&#8221;.vc_custom_1750933370026{padding-top: 0px !important;padding-bottom: 0px !important;}&#8221;][vc_btn title=&#8221;Jetzt Handelspartner werden&#8221; style=&#8221;custom&#8221; custom_background=&#8221;#577c77&#8243; custom_text=&#8221;#ffffff&#8221; shape=&#8221;square&#8221; align=&#8221;center&#8221; link=&#8221;url:mailto%3Ainfo%40aromea.eu%3Fsubject%3DHandelspartner%2520werden&#8221; el_class=&#8221;cta&#8221; css=&#8221;.vc_custom_1750933186954{margin-top: 10px !important;margin-bottom: 10px !important;}&#8221;][vc_row_inner css=&#8221;.vc_custom_1750933514811{margin-bottom: 0px !important;padding-top: 0px !important;padding-bottom: 0px !important;}&#8221;][vc_column_inner css=&#8221;.vc_custom_1750933354385{padding-top: 0px !important;padding-bottom: 0px !important;}&#8221;][vc_btn title=&#8221;&#8221; style=&#8221;custom&#8221; custom_background=&#8221;#577c77&#8243; custom_text=&#8221;#ffffff&#8221; shape=&#8221;square&#8221; align=&#8221;center&#8221; i_icon_fontawesome=&#8221;far fa-envelope&#8221; add_icon=&#8221;true&#8221; link=&#8221;url:mailto%3Ainfo%40aromea.eu%3Fsubject%3DHandelspartner%2520werden&#8221; el_class=&#8221;cta&#8221; css=&#8221;.vc_custom_1750932163476{margin-top: 10px !important;margin-bottom: 10px !important;}&#8221;][vc_btn title=&#8221;&#8221; style=&#8221;custom&#8221; custom_background=&#8221;#577c77&#8243; custom_text=&#8221;#ffffff&#8221; shape=&#8221;square&#8221; align=&#8221;center&#8221; i_icon_fontawesome=&#8221;fas fa-phone&#8221; add_icon=&#8221;true&#8221; link=&#8221;url:tel%3A0043421233589&#8243; el_class=&#8221;cta&#8221; css=&#8221;.vc_custom_1750932199034{margin-top: 10px !important;margin-bottom: 10px !important;}&#8221;][\/vc_column_inner][\/vc_row_inner][\/vc_column][\/vc_row][\/vc_section][vc_section css=&#8221;.vc_custom_1750931379099{padding-top: 0px !important;padding-bottom: 50px !important;}&#8221; el_class=&#8221;partner-grid&#8221;][vc_row el_class=&#8221;cta-floating hidden&#8221;][vc_column css=&#8221;.vc_custom_1750933337163{padding-top: 0px !important;padding-bottom: 0px !important;}&#8221;][vc_btn title=&#8221;Jetzt Handelspartner werden&#8221; style=&#8221;custom&#8221; custom_background=&#8221;#577c77&#8243; custom_text=&#8221;#ffffff&#8221; shape=&#8221;square&#8221; align=&#8221;center&#8221; link=&#8221;url:mailto%3Ainfo%40aromea.eu%3Fsubject%3DHandelspartner%2520werden&#8221; el_class=&#8221;cta&#8221; css=&#8221;.vc_custom_1750933186954{margin-top: 10px !important;margin-bottom: 10px !important;}&#8221;][vc_row_inner css=&#8221;.vc_custom_1750933427198{margin-bottom: 0px !important;padding-top: 0px !important;padding-bottom: 0px !important;}&#8221;][vc_column_inner css=&#8221;.vc_custom_1750933329996{padding-top: 0px !important;padding-bottom: 0px !important;}&#8221;][vc_btn title=&#8221;&#8221; style=&#8221;custom&#8221; custom_background=&#8221;#577c77&#8243; custom_text=&#8221;#ffffff&#8221; shape=&#8221;square&#8221; align=&#8221;center&#8221; i_icon_fontawesome=&#8221;far fa-envelope&#8221; add_icon=&#8221;true&#8221; link=&#8221;url:mailto%3Ainfo%40aromea.eu%3Fsubject%3DHandelspartner%2520werden&#8221; el_class=&#8221;cta&#8221; css=&#8221;.vc_custom_1750932163476{margin-top: 10px !important;margin-bottom: 10px !important;}&#8221;][vc_btn title=&#8221;&#8221; style=&#8221;custom&#8221; custom_background=&#8221;#577c77&#8243; custom_text=&#8221;#ffffff&#8221; shape=&#8221;square&#8221; align=&#8221;center&#8221; i_icon_fontawesome=&#8221;fas fa-phone&#8221; add_icon=&#8221;true&#8221; link=&#8221;url:tel%3A0043421233589&#8243; el_class=&#8221;cta&#8221; css=&#8221;.vc_custom_1750932199034{margin-top: 10px !important;margin-bottom: 10px !important;}&#8221;][\/vc_column_inner][\/vc_row_inner][\/vc_column][\/vc_row][vc_row][vc_column][vc_custom_heading text=&#8221;Deine Vorteile als AROMEA Handelspartner&#8221; font_container=&#8221;tag:h3|text_align:center&#8221; use_theme_fonts=&#8221;yes&#8221;][\/vc_column][\/vc_row][vc_row content_placement=&#8221;middle&#8221;][vc_column width=&#8221;1\/2&#8243;][vc_single_image image=&#8221;30702&#8243; img_size=&#8221;full&#8221;][\/vc_column][vc_column width=&#8221;1\/2&#8243;][vc_custom_heading text=&#8221;Wachsender Markt mit hoher Nachfrage&#8221; font_container=&#8221;tag:h4|text_align:left&#8221; use_theme_fonts=&#8221;yes&#8221; el_class=&#8221;ls-18 uppercase&#8221; css=&#8221;.vc_custom_1750925292285{padding-bottom: 20px !important;}&#8221;][vc_column_text el_class=&#8221;font-15-27 color-000&#8243;]Duftmarketing boomt! Viele Branchen, wie Hotellerie, Gastronomie oder der medizinische Bereich, setzen zunehmend auf multisensorisches Marketing. Als eigenst\u00e4ndiger Handelspartner von AROMEA Airdesign partizipierst du an einem stark wachsenden Markt \u2013 mit voller Vertriebsunterst\u00fctzung und einer etablierten Brand im R\u00fccken.[\/vc_column_text][\/vc_column][\/vc_row][vc_row content_placement=&#8221;middle&#8221;][vc_column width=&#8221;1\/2&#8243;][vc_single_image image=&#8221;30704&#8243; img_size=&#8221;full&#8221;][\/vc_column][vc_column width=&#8221;1\/2&#8243;][vc_custom_heading text=&#8221;Verkaufsstarke Produkte mit Alleinstellungs\u00admerkmal&#8221; font_container=&#8221;tag:h4|text_align:left&#8221; use_theme_fonts=&#8221;yes&#8221; el_class=&#8221;ls-18 uppercase&#8221; css=&#8221;.vc_custom_1750926784495{padding-bottom: 20px !important;}&#8221;][vc_column_text el_class=&#8221;font-15-27 color-000&#8243;]Hebe dich vom Wettbewerb ab \u2013 mit der patentierten und exklusiv bei AROMEA Airdesign erh\u00e4ltlichen Nano AirQ Technologie, die Emotionen weckt und unvergesslich in der Nase bleibt: Unsere AROMEA Produkte verkaufen sich nicht \u00fcber Rabatte, sondern \u00fcber Wirkung und Innovation. Ein echter Mehrwert f\u00fcr deine Kunden und f\u00fcr dein Business.[\/vc_column_text][\/vc_column][\/vc_row][vc_row content_placement=&#8221;middle&#8221;][vc_column width=&#8221;1\/2&#8243;][vc_single_image image=&#8221;30706&#8243; img_size=&#8221;full&#8221;][\/vc_column][vc_column width=&#8221;1\/2&#8243;][vc_custom_heading text=&#8221;Attraktive Margen &amp; Vertriebsschutz&#8221; font_container=&#8221;tag:h4|text_align:left&#8221; use_theme_fonts=&#8221;yes&#8221; el_class=&#8221;ls-18 uppercase&#8221; css=&#8221;.vc_custom_1750926322769{padding-bottom: 20px !important;}&#8221;][vc_column_text el_class=&#8221;font-15-27 color-000&#8243;]Genie\u00dfe faire Einkaufskonditionen und klare Gebietsabstimmungen. Du profitierst von attraktiven Margen, Exklusivit\u00e4t in definierten Regionen und transparenten Partnerschaftsmodellen.[\/vc_column_text][\/vc_column][\/vc_row][vc_row content_placement=&#8221;middle&#8221;][vc_column width=&#8221;1\/2&#8243;][vc_single_image image=&#8221;30708&#8243; img_size=&#8221;full&#8221;][\/vc_column][vc_column width=&#8221;1\/2&#8243;][vc_custom_heading text=&#8221;Rundum-Support und Schulungen&#8221; font_container=&#8221;tag:h4|text_align:left&#8221; use_theme_fonts=&#8221;yes&#8221; el_class=&#8221;ls-18 uppercase&#8221; css=&#8221;.vc_custom_1750926345084{padding-bottom: 20px !important;}&#8221;][vc_column_text el_class=&#8221;font-15-27 color-000&#8243;]Wir machen dich startklar: mit praxisnahen Schulungen, Verkaufsunterlagen, technischem Support und pers\u00f6nlichem Ansprechpartner. So gelingt dir der Einstieg reibungslos und du kannst dich ganz auf das konzentrieren, was z\u00e4hlt: erfolgreich verkaufen![\/vc_column_text][\/vc_column][\/vc_row][vc_row content_placement=&#8221;middle&#8221;][vc_column width=&#8221;1\/2&#8243;][vc_single_image image=&#8221;30710&#8243; img_size=&#8221;full&#8221;][\/vc_column][vc_column width=&#8221;1\/2&#8243;][vc_custom_heading text=&#8221;Intelligente Technik: leicht erkl\u00e4rt, einfach verkauft&#8221; font_container=&#8221;tag:h4|text_align:left&#8221; use_theme_fonts=&#8221;yes&#8221; el_class=&#8221;ls-18 uppercase&#8221; css=&#8221;.vc_custom_1750926388621{padding-bottom: 20px !important;}&#8221;][vc_column_text el_class=&#8221;font-15-27 color-000&#8243;]Mit smarten, wartungsarmen Systemen und digitalem Monitoring bietest du deinen Kunden eine moderne L\u00f6sung ohne Aufwand \u2013 ein echter T\u00fcr\u00f6ffner im Beratungsgespr\u00e4ch. Dank unserer smarten ScenXus Steuerung lassen sich die Ger\u00e4te bequem aus der Ferne bedienen \u2013 per WLAN oder separates Datennetzwerk. So hast du die M\u00f6glichkeit die Ger\u00e4te ein- und auszuschalten, Duftintensit\u00e4ten live anzupassen, Leistungsdaten zu \u00fcberpr\u00fcfen und Wartungsbedarf fr\u00fchzeitig zu erkennen \u2013 in Echtzeit, ohne Vor-Ort-Termin.<br \/>\nScentsational, oder?[\/vc_column_text][\/vc_column][\/vc_row][\/vc_section]<\/p>\n","protected":false},"excerpt":{"rendered":"<p>[vc_section full_width=&#8221;stretch_row_content&#8221; content_placement=&#8221;middle&#8221; el_class=&#8221;page-head-container&#8221;][vc_row full_width=&#8221;stretch_row_content_no_spaces&#8221; content_placement=&#8221;middle&#8221; el_class=&#8221;page-head-img&#8221;][vc_column offset=&#8221;vc_hidden-sm vc_hidden-xs&#8221;][vc_single_image image=&#8221;30715&#8243; img_size=&#8221;full&#8221; alignment=&#8221;center&#8221;][\/vc_column][vc_column offset=&#8221;vc_hidden-lg vc_hidden-md&#8221;][vc_single_image image=&#8221;30717&#8243; img_size=&#8221;full&#8221; alignment=&#8221;center&#8221;][\/vc_column][\/vc_row][vc_row full_width=&#8221;stretch_row_content&#8221; content_placement=&#8221;middle&#8221; el_class=&#8221;page-head&#8221; css=&#8221;.vc_custom_1750939225460{background-position: center !important;background-repeat: no-repeat !important;background-size: cover<span class=\"excerpt-hellip\"> [\u2026]<\/span><\/p>\n","protected":false},"author":1,"featured_media":0,"parent":0,"menu_order":0,"comment_status":"closed","ping_status":"closed","template":"","meta":{"_acf_changed":false,"inline_featured_image":false,"footnotes":""},"class_list":["post-30700","page","type-page","status-publish","hentry"],"acf":[],"yoast_head":"<!-- This site is optimized with the Yoast SEO plugin v21.8.1 - https:\/\/yoast.com\/wordpress\/plugins\/seo\/ -->\n<title>Handelspartner werden - Aromea<\/title>\n<meta name=\"robots\" content=\"index, follow, max-snippet:-1, max-image-preview:large, max-video-preview:-1\" \/>\n<link rel=\"canonical\" href=\"https:\/\/aromea.eu\/at\/duftmarketing\/handelspartner-werden\/\" \/>\n<meta property=\"og:locale\" content=\"de_DE\" \/>\n<meta property=\"og:type\" content=\"article\" \/>\n<meta property=\"og:title\" content=\"Handelspartner werden - Aromea\" \/>\n<meta property=\"og:description\" content=\"[vc_section full_width=&#8221;stretch_row_content&#8221; content_placement=&#8221;middle&#8221; el_class=&#8221;page-head-container&#8221;][vc_row full_width=&#8221;stretch_row_content_no_spaces&#8221; content_placement=&#8221;middle&#8221; el_class=&#8221;page-head-img&#8221;][vc_column offset=&#8221;vc_hidden-sm vc_hidden-xs&#8221;][vc_single_image image=&#8221;30715&#8243; img_size=&#8221;full&#8221; alignment=&#8221;center&#8221;][\/vc_column][vc_column offset=&#8221;vc_hidden-lg vc_hidden-md&#8221;][vc_single_image image=&#8221;30717&#8243; img_size=&#8221;full&#8221; alignment=&#8221;center&#8221;][\/vc_column][\/vc_row][vc_row full_width=&#8221;stretch_row_content&#8221; content_placement=&#8221;middle&#8221; el_class=&#8221;page-head&#8221; css=&#8221;.vc_custom_1750939225460{background-position: center !important;background-repeat: no-repeat !important;background-size: cover [\u2026]\" \/>\n<meta property=\"og:url\" content=\"https:\/\/aromea.eu\/at\/duftmarketing\/handelspartner-werden\/\" \/>\n<meta property=\"og:site_name\" content=\"Aromea\" \/>\n<meta property=\"article:modified_time\" content=\"2025-07-07T07:41:14+00:00\" \/>\n<meta name=\"twitter:card\" content=\"summary_large_image\" \/>\n<meta name=\"twitter:label1\" content=\"Gesch\u00e4tzte Lesezeit\" \/>\n\t<meta name=\"twitter:data1\" content=\"4\u00a0Minuten\" \/>\n<script type=\"application\/ld+json\" class=\"yoast-schema-graph\">{\"@context\":\"https:\/\/schema.org\",\"@graph\":[{\"@type\":\"WebPage\",\"@id\":\"https:\/\/aromea.eu\/at\/duftmarketing\/handelspartner-werden\/\",\"url\":\"https:\/\/aromea.eu\/at\/duftmarketing\/handelspartner-werden\/\",\"name\":\"Handelspartner werden - Aromea\",\"isPartOf\":{\"@id\":\"https:\/\/aromea.eu\/at\/duftmarketing\/#website\"},\"datePublished\":\"2025-06-26T10:41:54+00:00\",\"dateModified\":\"2025-07-07T07:41:14+00:00\",\"inLanguage\":\"de\",\"potentialAction\":[{\"@type\":\"ReadAction\",\"target\":[\"https:\/\/aromea.eu\/at\/duftmarketing\/handelspartner-werden\/\"]}]},{\"@type\":\"WebSite\",\"@id\":\"https:\/\/aromea.eu\/at\/duftmarketing\/#website\",\"url\":\"https:\/\/aromea.eu\/at\/duftmarketing\/\",\"name\":\"Aromea\",\"description\":\"Airdesign\",\"potentialAction\":[{\"@type\":\"SearchAction\",\"target\":{\"@type\":\"EntryPoint\",\"urlTemplate\":\"https:\/\/aromea.eu\/at\/duftmarketing\/?s={search_term_string}\"},\"query-input\":\"required name=search_term_string\"}],\"inLanguage\":\"de\"}]}<\/script>\n<!-- \/ Yoast SEO plugin. -->","yoast_head_json":{"title":"Handelspartner werden - Aromea","robots":{"index":"index","follow":"follow","max-snippet":"max-snippet:-1","max-image-preview":"max-image-preview:large","max-video-preview":"max-video-preview:-1"},"canonical":"https:\/\/aromea.eu\/at\/duftmarketing\/handelspartner-werden\/","og_locale":"de_DE","og_type":"article","og_title":"Handelspartner werden - Aromea","og_description":"[vc_section full_width=&#8221;stretch_row_content&#8221; content_placement=&#8221;middle&#8221; el_class=&#8221;page-head-container&#8221;][vc_row full_width=&#8221;stretch_row_content_no_spaces&#8221; content_placement=&#8221;middle&#8221; el_class=&#8221;page-head-img&#8221;][vc_column offset=&#8221;vc_hidden-sm vc_hidden-xs&#8221;][vc_single_image image=&#8221;30715&#8243; img_size=&#8221;full&#8221; alignment=&#8221;center&#8221;][\/vc_column][vc_column offset=&#8221;vc_hidden-lg vc_hidden-md&#8221;][vc_single_image image=&#8221;30717&#8243; img_size=&#8221;full&#8221; alignment=&#8221;center&#8221;][\/vc_column][\/vc_row][vc_row full_width=&#8221;stretch_row_content&#8221; content_placement=&#8221;middle&#8221; el_class=&#8221;page-head&#8221; css=&#8221;.vc_custom_1750939225460{background-position: center !important;background-repeat: no-repeat !important;background-size: cover [\u2026]","og_url":"https:\/\/aromea.eu\/at\/duftmarketing\/handelspartner-werden\/","og_site_name":"Aromea","article_modified_time":"2025-07-07T07:41:14+00:00","twitter_card":"summary_large_image","twitter_misc":{"Gesch\u00e4tzte Lesezeit":"4\u00a0Minuten"},"schema":{"@context":"https:\/\/schema.org","@graph":[{"@type":"WebPage","@id":"https:\/\/aromea.eu\/at\/duftmarketing\/handelspartner-werden\/","url":"https:\/\/aromea.eu\/at\/duftmarketing\/handelspartner-werden\/","name":"Handelspartner werden - Aromea","isPartOf":{"@id":"https:\/\/aromea.eu\/at\/duftmarketing\/#website"},"datePublished":"2025-06-26T10:41:54+00:00","dateModified":"2025-07-07T07:41:14+00:00","inLanguage":"de","potentialAction":[{"@type":"ReadAction","target":["https:\/\/aromea.eu\/at\/duftmarketing\/handelspartner-werden\/"]}]},{"@type":"WebSite","@id":"https:\/\/aromea.eu\/at\/duftmarketing\/#website","url":"https:\/\/aromea.eu\/at\/duftmarketing\/","name":"Aromea","description":"Airdesign","potentialAction":[{"@type":"SearchAction","target":{"@type":"EntryPoint","urlTemplate":"https:\/\/aromea.eu\/at\/duftmarketing\/?s={search_term_string}"},"query-input":"required name=search_term_string"}],"inLanguage":"de"}]}},"_links":{"self":[{"href":"https:\/\/aromea.eu\/at\/duftmarketing\/wp-json\/wp\/v2\/pages\/30700","targetHints":{"allow":["GET"]}}],"collection":[{"href":"https:\/\/aromea.eu\/at\/duftmarketing\/wp-json\/wp\/v2\/pages"}],"about":[{"href":"https:\/\/aromea.eu\/at\/duftmarketing\/wp-json\/wp\/v2\/types\/page"}],"author":[{"embeddable":true,"href":"https:\/\/aromea.eu\/at\/duftmarketing\/wp-json\/wp\/v2\/users\/1"}],"replies":[{"embeddable":true,"href":"https:\/\/aromea.eu\/at\/duftmarketing\/wp-json\/wp\/v2\/comments?post=30700"}],"version-history":[{"count":5,"href":"https:\/\/aromea.eu\/at\/duftmarketing\/wp-json\/wp\/v2\/pages\/30700\/revisions"}],"predecessor-version":[{"id":30943,"href":"https:\/\/aromea.eu\/at\/duftmarketing\/wp-json\/wp\/v2\/pages\/30700\/revisions\/30943"}],"wp:attachment":[{"href":"https:\/\/aromea.eu\/at\/duftmarketing\/wp-json\/wp\/v2\/media?parent=30700"}],"curies":[{"name":"wp","href":"https:\/\/api.w.org\/{rel}","templated":true}]}}