{"id":181,"date":"2018-08-07T09:15:09","date_gmt":"2018-08-07T07:15:09","guid":{"rendered":"http:\/\/www.duftmarketing.at\/?page_id=181"},"modified":"2020-03-06T10:46:21","modified_gmt":"2020-03-06T09:46:21","slug":"agb","status":"publish","type":"page","link":"https:\/\/aromea.eu\/at\/duftmarketing\/agb\/","title":{"rendered":"AGB"},"content":{"rendered":"<p>[vc_row css=&#8221;.vc_custom_1536737449188{padding-top: 100px !important;padding-bottom: 100px !important;}&#8221; el_class=&#8221;agb&#8221;][vc_column][vc_custom_heading text=&#8221;Allgemeine Gesch\u00e4fts- und Lieferbedingungen Aromea Airdesign GmbH&#8221; font_container=&#8221;tag:h2|text_align:left|color:%23000000&#8243; use_theme_fonts=&#8221;yes&#8221; css=&#8221;.vc_custom_1536736029695{margin-bottom: 100px !important;}&#8221;][vc_column_text]<\/p>\n<ol class=\"e1\">\n<li><strong>Allgemeines<\/strong>\n<ol class=\"e2\">\n<li>Diese Verkaufs- und Lieferbedingungen gelten f\u00fcr alle &#8211; auch zuk\u00fcnftige &#8211; Lieferungen und Leistungen unseres Unternehmens im Rahmen von Kauf-, Werk- und Werklieferungsvertr\u00e4gen. Gesch\u00e4ftsbedingungen des Bestellers wird ausdr\u00fccklich widersprochen. Sie verpflichten uns auch dann nicht, wenn wir ihnen nicht nochmals nach Eingang bei uns ausdr\u00fccklich widersprochen haben.<\/li>\n<li>Der Liefervertrag wird erst mit Absendungen unserer schriftlichen Auftragsbest\u00e4tigung verbindlich, es sei denn, die Annahme wird durch Erf\u00fcllung erkl\u00e4rt. Nachtr\u00e4gliche \u00c4nderungen des Liefervertrages bed\u00fcrfen unserer schriftlichen Best\u00e4tigung.<\/li>\n<li>Zeichnungen, Abbildungen, Gewichtsangaben, sowie sonstige zu dem Angebot geh\u00f6renden Unterlagen sind, soweit nicht besonders best\u00e4tigt, nur ann\u00e4hernd ma\u00dfgebend. Konstruktions\u00e4nderungen bleiben vorbehalten. An Kostenvorschl\u00e4gen, Zeichnungen, Lichtbildern und sonstigen Unterlagen behalten wir uns Eigentums- und Urheberrechte vor, sie d\u00fcrfen ohne unsere Genehmigung Dritten nicht zug\u00e4nglich gemacht werden.<\/li>\n<li>F\u00fcr die Auslegung von Lieferklauseln gelten die von der internationalen Handelskammer festgelegten &#8220;Incoterms&#8221; jeweils in ihrer neuesten Fassung.<\/li>\n<\/ol>\n<\/li>\n<li><strong>Preise und Zahlungsbedingungen<\/strong>\n<ol class=\"e2\">\n<li>Die Preise verstehen sich netto, ohne gesetzl. Mwst. Verpackungs- und Transportkosten tr\u00e4gt der Besteller, ausgenommen der Nettowarenwert \u00fcbersteigt bei Neukauf 300 \u20ac. Geleistete Anzahlungen gelten nicht als Teilerf\u00fcllung. Wechsel und Schecks gelten erst mit der Einl\u00f6sung als Zahlung. Diskont- und Bankspesen gehen zu Lasten des K\u00e4ufers.<\/li>\n<li>Sofern nicht anders vereinbart, ist die Zahlung wie folgt zu leisten: 30 % Anzahlung innerhalb 10 Tagen ab Datum der Auftragsbest\u00e4tigung, Rest netto ohne Abz\u00fcge bei Lieferung der Ware. Bei versp\u00e4teter Zahlung hat der Besteller vom F\u00e4lligkeitstag an Zinsen in H\u00f6he von 4 % \u00fcber dem jeweiligen Diskontsatz der Nationalbank mindestens jedoch 10% p. A. zu zahlen; es sei denn, der Besteller weist eine wesentlich geringere Belastung nach.<\/li>\n<li>Ein Zur\u00fcckbehaltungsrecht steht dem Besteller nicht zu. Die Aufrechnung mit Gegenforderungen ist nur insofern zul\u00e4ssig, als diese von uns als bestehend und f\u00e4llig anerkannt oder rechtskr\u00e4ftig festgestellt sind.<\/li>\n<li>Kommt der Besteller seinen vertraglichen Verpflichtungen gegen\u00fcber Aromea Airdesign einschlie\u00dflich derer aus Vorauftr\u00e4gen nicht nach, ist Aromea Airdesign GmbH berechtigt, weitere Leistungen ganz oder teilweise auszusetzen und sofortige Zahlung oder Stellung von Sicherheiten zu verlangen. Bei wesentlicher Verschlechterung der Verm\u00f6gensverh\u00e4ltnisse des Bestellers ist Aromea Airdesign GmbH berechtigt, weitere Leistungen auch aus bestehenden Vertr\u00e4gen nur gegen Vorkasse oder Stellung von Sicherheiten zu erbringen.<\/li>\n<li>Soweit im Bestimmungsland Genehmigungen Einfuhrlizenzen und\/oder eine beh\u00f6rdliche Erlaubnis zum Betrieb erforderlich sind oder k\u00fcnftig werden sollten, ist deren Beschaffung allein Sache des Bestellers.<\/li>\n<\/ol>\n<\/li>\n<li><strong>Lieferfrist<\/strong>\n<ol class=\"e2\">\n<li>Lieferfristen sind nur verbindlich, wenn sie ausdr\u00fccklich als solche von Aromea Airdesign GmbH best\u00e4tigt sind. Die Lieferfrist ist eingehalten, wenn die Versandbereitschaft dem Besteller innerhalb der Lieferfrist mitgeteilt wurde. Etwaige, vom Besteller innerhalb der Lieferfrist verlangte \u00c4nderungen in der Ausf\u00fchrung des Liefergegenstandes unterbrechen und verl\u00e4ngern die Lieferfrist entsprechend.<\/li>\n<li>Teillieferungen sind zul\u00e4ssig.<\/li>\n<li>Der Eintritt unvorhergesehener Ereignisse berechtigt uns, die Lieferung um die Dauer der Behinderungen und einer angemessenen Anlaufzeit hinauszuschieben. Als unvorhersehbares Ereignis gelten solche Umst\u00e4nde, die wir mit der nach den Umst\u00e4nden des Falles zumutbaren Sorgfalt nicht abwenden k\u00f6nnen, z.B. Krieg, w\u00e4hrungs- und handelspolitische oder sonstige hoheitliche Ma\u00dfnahmen innere Unruhen, Naturgewalten, Feuer Streiks, Aussperrungen, unverschuldete Nichtbelieferung mit Vormaterial, Verkehrs- und Betriebsst\u00f6rungen und sonstige F\u00e4lle h\u00f6herer Gewalt durch die eine Erf\u00fcllung des Liefervertrages gef\u00e4hrdet, wesentlich erschwert oder unm\u00f6glich gemacht wird. In diesen F\u00e4llen sind wir berechtigt, ohne Gew\u00e4hrung von Schadensersatz, vom Vertrag zur\u00fcckzutreten. Der Besteller kann von uns die Erkl\u00e4rung verlangen, ob wir zur\u00fccktreten oder innerhalb einer angemessenen Frist liefern. Erkl\u00e4ren wir uns nicht, so kann der Besteller vom Vertrag zur\u00fccktreten. Teillieferungen oder Teilleistungen kann der Besteller nicht zur\u00fcckweisen.<\/li>\n<li>Tritt aus anderen Gr\u00fcnden eine Lieferverz\u00f6gerung ein, so muss uns der Besteller schriftlich eine angemessene Nachfrist setzen. Wird auch innerhalb dieser Nachfrist der Liefergegenstand durch uns nicht zum Versand gebracht, ist der Besteller berechtigt, nach Fristablauf f\u00fcr diejenigen Teile zur\u00fcckzutreten, die bis zum Ablauf der Nachfrist nicht abgesandt oder als versandbereit gemeldet waren. Nur wenn die bereits erbrachten Teilleistungen f\u00fcr den Besteller ohne Interesse sind, ist er zum R\u00fccktritt vom gesamten Vertrag berechtigt. Entsteht dem Besteller wegen einer auf unserem Verschulden beruhenden Verz\u00f6gerung ein Schaden, so ersetzen wir den nachweislich entstandenen Schaden, jedoch nur in H\u00f6he von 0,5 % des Kaufpreises pro Woche weiterer Lieferverz\u00f6gerungen, insgesamt h\u00f6chstens 5 % des Kaufpreises. Diese Einschr\u00e4nkung gilt nicht, soweit wir in F\u00e4llen des Vorsatzes oder der groben Fahrl\u00e4ssigkeit zwingend haften. Das Recht des Bestellers zum R\u00fccktritt nach fruchtlosem Ablauf einer uns gesetzten Nachfrist bleibt unber\u00fchrt.<\/li>\n<li>Nimmt der Besteller den Liefergegenstand nicht zum vereinbarten Zeitpunkt ab, ist er trotzdem zur Zahlung des Kaufpreises verpflichtet. Die Einlagerung des Liefergegenstandes erfolgt in diesem Falle durch uns auf Kosten und Gefahr des Bestellers.<\/li>\n<\/ol>\n<\/li>\n<li><strong>Versand und Gew\u00e4hrleistung<\/strong>\n<ol class=\"e2\">\n<li>Der Versand des Liefergegenstandes erfolgt zu Lasten und auf Gefahr des Bestellers. Mit der \u00dcbergabe der Ware an den Spediteur oder Frachtf\u00fchrer, sp\u00e4testens jedoch mit dem Verlassen unseres Lagers oder Lieferwerkes geht die Gefahr auch bei Lieferung frei Bestimmungsort, auf den Besteller \u00fcber. Verz\u00f6gert sich die Absendung durch ein Verhalten des Bestellers, so geht die Gefahr bereits mit der Mitteilung der Versandbereitschaft auf den Besteller \u00fcber.<\/li>\n<li>Eine Transportversicherung wird nur auf ausdr\u00fccklichen Wunsch des Bestellers und zu dessen Lasten geschlossen.<\/li>\n<\/ol>\n<\/li>\n<li><strong>Eigentumsvorbehalt<\/strong>\n<ol class=\"e2\">\n<li>Der Lieferergegenstand bleibt bis zur Erf\u00fcllung s\u00e4mtlicher Anspr\u00fcche, gleich aus welchem Rechtsgrund, unser Eigentum, auch wenn Zahlungen f\u00fcr besonders bezeichnete Forderungen geleistet worden sind. Bei laufender Rechnung gilt das vorbehaltliche Eigentum zur Sicherung unserer Saldoforderung.<\/li>\n<li>Der Besteller ist berechtigt, die Vorbehaltsware im gew\u00f6hnlichen Gesch\u00e4ftsverkehr zu ver\u00e4u\u00dfern, es sei denn, er befindet sich uns gegen\u00fcber in Verzug, hat die Zahlungen eingestellt oder \u00fcber sein Verm\u00f6gen ist die Er\u00f6ffnung des gerichtlichen Konkurs- oder Vergleichsverfahrens beantragt. Der Verkauf ist in seinen B\u00fcchern zu vermerken. Es gilt als vereinbart, dass die Forderungen des Bestellers aus der Weiterver\u00e4u\u00dferung nebst alten Nebenrechten schon jetzt an uns abgetreten werden, und zwar in voller H\u00f6he, bei Weiterver\u00e4u\u00dferung zusammen mit anderen, uns nicht geh\u00f6renden Waren jedoch nur in H\u00f6he unseres Rechnungsbetrages der von uns gelieferten Ware. Zu anderen Verf\u00fcgungen \u00fcber die Vorbehaltsware insbesondere zur Verpf\u00e4ndung und zur Sicherungs\u00fcbereignung an Dritte, ist der Besteller nicht berechtigt, es sei denn wir haben hierzu unsere schriftliche Zustimmung erteilt.<\/li>\n<li>Der Besteller ist verpflichtet, uns unverz\u00fcglich dar\u00fcber in Kenntnis zu setzen, wenn Dritte Rechte an der Vorbehaltsware geltend machen.<\/li>\n<li>Der Besteller ist zur Einziehung der an uns abgetretenen Forderungen berechtigt, wobei eingezogene Forderungen sofort an uns weiterzuleiten sind. Diese Erm\u00e4chtigung erlischt bei Zahlungsverzug oder wesentlicher Verm\u00f6gensverschlechterung des Bestellers.<\/li>\n<li>In diesen F\u00e4llen sind wir auch berechtigt, die Herausgabe der Vorbehaltsware zu Sicherungszwecken zu verlangen, ohne dass dem Auftraggeber gegen diesen Anspruch ein Zur\u00fcckbehaltungsrecht zusteht und ohne dass wir hierdurch vom Liefervertrag zur\u00fccktreten.<\/li>\n<li>\u00dcbersteigt der Wert der bestehenden Sicherheiten die gesicherten Forderungen insgesamt um mehr als 20 %, so sind wir auf Verlangen des Bestellers insoweit zur Freigabe von Sicherheiten unserer Wahl verpflichtet.<\/li>\n<\/ol>\n<\/li>\n<li><strong>Gew\u00e4hrleistung<br \/>\n<span style=\"font-weight: 400;\">F\u00fcr M\u00e4ngel und das Fehlen zugesicherter Eigenschaften haften wir unter den folgenden Voraussetzungen und in folgendem Umfang.<\/span><\/strong><\/p>\n<ol class=\"e2\">\n<li>Beanstandungen wegen unvollst\u00e4ndiger oder unrichtiger Lieferung oder R\u00fcgen wegen erkennbarer M\u00e4ngel sind unverz\u00fcglich, sp\u00e4testens 10 Tage nach Empfang schriftlich, fernschriftlich oder per e-mail mitzuteilen. Andere M\u00e4ngel sind unverz\u00fcglich nach Feststellung zu r\u00fcgen.<\/li>\n<li>Wir gew\u00e4hrleisten, dass unsere Leistungen, die in der Auftragsbest\u00e4tigung zugesicherten Eigenschaften haben. Die Gew\u00e4hrleistungspflicht betr\u00e4gt 24 Monate. Eine weitergehende Gew\u00e4hrleistung wird, soweit rechtlich zul\u00e4ssig, ausgeschlossen. F\u00fcr Produkte im Experimentier- und Entwicklungsstadium, insbesondere Prototypen, \u00fcbernimmt AROMEA AIRDESIGN keine Gew\u00e4hrleistung.<\/li>\n<li>Bei berechtigter unverz\u00fcglicher M\u00e4ngelr\u00fcge geht die Gew\u00e4hrleistung nach unserer Wahl auf Reparatur des Liefergegenstandes oder Ersatz defekter Teile. Teile die ersetzt werden sollen, sind grunds\u00e4tzlich an uns einzusenden. Ersetzte Teile gehen in unser Eigentum \u00fcber. Durch Reparatur oder Ersatzlieferung wird die Gew\u00e4hrleistungsfrist weder verl\u00e4ngert noch neu in Gang gesetzt<\/li>\n<li>Unsere Gew\u00e4hrleistungsverpflichtung beschr\u00e4nkt sich auf die Abtretung der Garantieanspr\u00fcche gegen\u00fcber unseren Vorlieferanten. In diesem Fall k\u00f6nnten wir nur in Anspruch genommen werden, falls die Befriedigung aus dem abgetretenen Recht fehlschl\u00e4gt.<\/li>\n<li>Unsere Gew\u00e4hrleistung erlischt, wenn der Liefergegenstand von fremder Seite demontiert oder durch Einbau von Teilen fremder Herkunft ver\u00e4ndert worden ist und der Schaden in urs\u00e4chlichem Zusammenhang mit einer solchen Ver\u00e4nderung steht. Die Gew\u00e4hrleistungsverpflichtung erlischt weiters, wenn der Besteller unsere Vorschriften \u00fcber die Behandlung des Liefergegenstandes (Betriebsanleitung) nicht oder nicht ordnungsgem\u00e4\u00df befolgt.<\/li>\n<li>Kommen wir unserer Ersatzlieferungs- bzw. Reparaturverpflichtung nicht oder nicht vertragsgem\u00e4\u00df nach oder schlagen Ersatzlieferungen respektive Reparatur fehl, kann der Besteller Herabsetzung des Kaufpreises verlangen.<\/li>\n<\/ol>\n<\/li>\n<li><strong>Haftung<\/strong>\n<ol class=\"e2\">\n<li>Soweit in diesen Bedingungen nichts anderes geregelt ist, haften wir auf Schadensersatz wegen Verletzung vertraglicher oder au\u00dfervertraglicher Pflichten nur bei Vorsatz oder grober Fahrl\u00e4ssigkeit. F\u00fcr Vorsatz und grobe Fahrl\u00e4ssigkeit nicht leitender Erf\u00fcllungsgehilfen haften wir jedoch nur, wenn sie eine wesentliche vertragliche Pflicht verletzen.<\/li>\n<li>Von dieser Regelung bleiben Anspr\u00fcche wegen Personensch\u00e4den oder Sch\u00e4den an privat genutzten Sachen nach dem Produkthaftungsgesetz unber\u00fchrt<\/li>\n<li>S\u00e4mtliche Anspr\u00fcche gegen uns, gleich aus welchem Rechtsgrund, verj\u00e4hren sp\u00e4testens nach zwei Jahren, soweit nicht gesetzlich oder durch die Verkaufs- und Lieferbedingungen eine k\u00fcrzere Verj\u00e4hrungsfrist vorgesehen bzw. vereinbart ist.<\/li>\n<\/ol>\n<\/li>\n<li><strong>Rechtsstreitigkeiten, Teilnichtigkeit<\/strong>\n<ol class=\"e2\">\n<li>Erf\u00fcllungsort und Gerichtsstand auch bei Wechsel- und Schecksachen ist Klagenfurt. Wir sind jedoch auch berechtigt, den Besteller an seinem Sitz zu verklagen.<\/li>\n<li>Allen Rechtsbeziehungen zwischen uns und ausl\u00e4ndischen Bestellern wird das in der Republik \u00d6sterreich geltende Recht zugrundegelegt, so wie es zwischen inl\u00e4ndischen Vertragspartnern anwendbar w\u00e4re.<\/li>\n<li>Sollte eine dieser Bestimmungen unwirksam oder nichtig sein oder werden, so wird dadurch die Wirksamkeit aller sonstigen Bestimmungen oder Vereinbarungen nicht ber\u00fchrt. Unwirksame Bestimmungen sind durch Regelungen zu ersetzen, die den angestrebten wirtschaftlichen Sinn und Zweck m\u00f6glichst nahe kommen.<\/li>\n<\/ol>\n<\/li>\n<\/ol>\n<p>[\/vc_column_text][\/vc_column][\/vc_row]<\/p>\n","protected":false},"excerpt":{"rendered":"<p>[vc_row css=&#8221;.vc_custom_1536737449188{padding-top: 100px !important;padding-bottom: 100px !important;}&#8221; el_class=&#8221;agb&#8221;][vc_column][vc_custom_heading text=&#8221;Allgemeine Gesch\u00e4fts- und Lieferbedingungen Aromea Airdesign GmbH&#8221; font_container=&#8221;tag:h2|text_align:left|color:%23000000&#8243; use_theme_fonts=&#8221;yes&#8221; css=&#8221;.vc_custom_1536736029695{margin-bottom: 100px !important;}&#8221;][vc_column_text] Allgemeines Diese Verkaufs- und Lieferbedingungen gelten f\u00fcr<span class=\"excerpt-hellip\"> [\u2026]<\/span><\/p>\n","protected":false},"author":1,"featured_media":0,"parent":0,"menu_order":0,"comment_status":"closed","ping_status":"closed","template":"","meta":{"_acf_changed":false,"inline_featured_image":false,"footnotes":""},"class_list":["post-181","page","type-page","status-publish","hentry"],"acf":[],"yoast_head":"<!-- This site is optimized with the Yoast SEO plugin v21.8.1 - https:\/\/yoast.com\/wordpress\/plugins\/seo\/ -->\n<title>AGB - Aromea<\/title>\n<meta name=\"robots\" content=\"index, follow, max-snippet:-1, max-image-preview:large, max-video-preview:-1\" \/>\n<link rel=\"canonical\" href=\"https:\/\/aromea.eu\/at\/duftmarketing\/agb\/\" \/>\n<meta property=\"og:locale\" content=\"de_DE\" \/>\n<meta property=\"og:type\" content=\"article\" \/>\n<meta property=\"og:title\" content=\"AGB - Aromea\" \/>\n<meta property=\"og:description\" content=\"[vc_row css=&#8221;.vc_custom_1536737449188{padding-top: 100px !important;padding-bottom: 100px !important;}&#8221; el_class=&#8221;agb&#8221;][vc_column][vc_custom_heading text=&#8221;Allgemeine Gesch\u00e4fts- und Lieferbedingungen Aromea Airdesign GmbH&#8221; font_container=&#8221;tag:h2|text_align:left|color:%23000000&#8243; use_theme_fonts=&#8221;yes&#8221; css=&#8221;.vc_custom_1536736029695{margin-bottom: 100px !important;}&#8221;][vc_column_text] Allgemeines Diese Verkaufs- und Lieferbedingungen gelten f\u00fcr [\u2026]\" \/>\n<meta property=\"og:url\" content=\"https:\/\/aromea.eu\/at\/duftmarketing\/agb\/\" \/>\n<meta property=\"og:site_name\" content=\"Aromea\" \/>\n<meta property=\"article:modified_time\" content=\"2020-03-06T09:46:21+00:00\" \/>\n<meta name=\"twitter:card\" content=\"summary_large_image\" \/>\n<meta name=\"twitter:label1\" content=\"Gesch\u00e4tzte Lesezeit\" \/>\n\t<meta name=\"twitter:data1\" content=\"9\u00a0Minuten\" \/>\n<script type=\"application\/ld+json\" class=\"yoast-schema-graph\">{\"@context\":\"https:\/\/schema.org\",\"@graph\":[{\"@type\":\"WebPage\",\"@id\":\"https:\/\/aromea.eu\/at\/duftmarketing\/agb\/\",\"url\":\"https:\/\/aromea.eu\/at\/duftmarketing\/agb\/\",\"name\":\"AGB - Aromea\",\"isPartOf\":{\"@id\":\"https:\/\/aromea.eu\/at\/duftmarketing\/#website\"},\"datePublished\":\"2018-08-07T07:15:09+00:00\",\"dateModified\":\"2020-03-06T09:46:21+00:00\",\"inLanguage\":\"de\",\"potentialAction\":[{\"@type\":\"ReadAction\",\"target\":[\"https:\/\/aromea.eu\/at\/duftmarketing\/agb\/\"]}]},{\"@type\":\"WebSite\",\"@id\":\"https:\/\/aromea.eu\/at\/duftmarketing\/#website\",\"url\":\"https:\/\/aromea.eu\/at\/duftmarketing\/\",\"name\":\"Aromea\",\"description\":\"Airdesign\",\"potentialAction\":[{\"@type\":\"SearchAction\",\"target\":{\"@type\":\"EntryPoint\",\"urlTemplate\":\"https:\/\/aromea.eu\/at\/duftmarketing\/?s={search_term_string}\"},\"query-input\":\"required name=search_term_string\"}],\"inLanguage\":\"de\"}]}<\/script>\n<!-- \/ Yoast SEO plugin. -->","yoast_head_json":{"title":"AGB - Aromea","robots":{"index":"index","follow":"follow","max-snippet":"max-snippet:-1","max-image-preview":"max-image-preview:large","max-video-preview":"max-video-preview:-1"},"canonical":"https:\/\/aromea.eu\/at\/duftmarketing\/agb\/","og_locale":"de_DE","og_type":"article","og_title":"AGB - Aromea","og_description":"[vc_row css=&#8221;.vc_custom_1536737449188{padding-top: 100px !important;padding-bottom: 100px !important;}&#8221; el_class=&#8221;agb&#8221;][vc_column][vc_custom_heading text=&#8221;Allgemeine Gesch\u00e4fts- und Lieferbedingungen Aromea Airdesign GmbH&#8221; font_container=&#8221;tag:h2|text_align:left|color:%23000000&#8243; use_theme_fonts=&#8221;yes&#8221; css=&#8221;.vc_custom_1536736029695{margin-bottom: 100px !important;}&#8221;][vc_column_text] Allgemeines Diese Verkaufs- und Lieferbedingungen gelten f\u00fcr [\u2026]","og_url":"https:\/\/aromea.eu\/at\/duftmarketing\/agb\/","og_site_name":"Aromea","article_modified_time":"2020-03-06T09:46:21+00:00","twitter_card":"summary_large_image","twitter_misc":{"Gesch\u00e4tzte Lesezeit":"9\u00a0Minuten"},"schema":{"@context":"https:\/\/schema.org","@graph":[{"@type":"WebPage","@id":"https:\/\/aromea.eu\/at\/duftmarketing\/agb\/","url":"https:\/\/aromea.eu\/at\/duftmarketing\/agb\/","name":"AGB - Aromea","isPartOf":{"@id":"https:\/\/aromea.eu\/at\/duftmarketing\/#website"},"datePublished":"2018-08-07T07:15:09+00:00","dateModified":"2020-03-06T09:46:21+00:00","inLanguage":"de","potentialAction":[{"@type":"ReadAction","target":["https:\/\/aromea.eu\/at\/duftmarketing\/agb\/"]}]},{"@type":"WebSite","@id":"https:\/\/aromea.eu\/at\/duftmarketing\/#website","url":"https:\/\/aromea.eu\/at\/duftmarketing\/","name":"Aromea","description":"Airdesign","potentialAction":[{"@type":"SearchAction","target":{"@type":"EntryPoint","urlTemplate":"https:\/\/aromea.eu\/at\/duftmarketing\/?s={search_term_string}"},"query-input":"required name=search_term_string"}],"inLanguage":"de"}]}},"_links":{"self":[{"href":"https:\/\/aromea.eu\/at\/duftmarketing\/wp-json\/wp\/v2\/pages\/181","targetHints":{"allow":["GET"]}}],"collection":[{"href":"https:\/\/aromea.eu\/at\/duftmarketing\/wp-json\/wp\/v2\/pages"}],"about":[{"href":"https:\/\/aromea.eu\/at\/duftmarketing\/wp-json\/wp\/v2\/types\/page"}],"author":[{"embeddable":true,"href":"https:\/\/aromea.eu\/at\/duftmarketing\/wp-json\/wp\/v2\/users\/1"}],"replies":[{"embeddable":true,"href":"https:\/\/aromea.eu\/at\/duftmarketing\/wp-json\/wp\/v2\/comments?post=181"}],"version-history":[{"count":0,"href":"https:\/\/aromea.eu\/at\/duftmarketing\/wp-json\/wp\/v2\/pages\/181\/revisions"}],"wp:attachment":[{"href":"https:\/\/aromea.eu\/at\/duftmarketing\/wp-json\/wp\/v2\/media?parent=181"}],"curies":[{"name":"wp","href":"https:\/\/api.w.org\/{rel}","templated":true}]}}