{"id":1494,"date":"2018-12-07T09:24:58","date_gmt":"2018-12-07T08:24:58","guid":{"rendered":"https:\/\/aromea.eu\/at\/duftmarketing\/?page_id=1494"},"modified":"2020-03-24T10:37:30","modified_gmt":"2020-03-24T09:37:30","slug":"duftmarketing","status":"publish","type":"page","link":"https:\/\/aromea.eu\/at\/duftmarketing\/duftgeraete-pakete\/duftmarketing\/","title":{"rendered":"Duftmarketing Pakete"},"content":{"rendered":"<p>[vc_section full_width=&#8221;stretch_row_content&#8221; content_placement=&#8221;middle&#8221; el_class=&#8221;page-head-container&#8221; css=&#8221;.vc_custom_1581344375724{margin-bottom: -25px !important;}&#8221;][vc_row full_width=&#8221;stretch_row_content_no_spaces&#8221; content_placement=&#8221;middle&#8221; el_class=&#8221;page-head-img&#8221;][vc_column][vc_raw_html]JTNDZGl2JTIwc3R5bGUlM0QlMjJwYWRkaW5nJTNBNTYuMjUlMjUlMjAwJTIwMCUyMDAlM0Jwb3NpdGlvbiUzQXJlbGF0aXZlJTNCJTIyJTNFJTNDaWZyYW1lJTIwc3JjJTNEJTIyaHR0cHMlM0ElMkYlMkZwbGF5ZXIudmltZW8uY29tJTJGdmlkZW8lMkYzOTA0MjczMDglM0ZhdXRvcGF1c2UlM0QwJTI2YXV0b3BsYXklM0QxJTI2YnlsaW5lJTNEMCUyNmNvbnRyb2xzJTNEMCUyNmRudCUzRDElMjZsb29wJTNEMSUyNm11dGVkJTNEMSUyNnBvcnRyYWl0JTNEMCUyNnRpdGxlJTNEMCUyNnRyYW5zcGFyZW50JTNEMCUyMiUyMHN0eWxlJTNEJTIycG9zaXRpb24lM0FhYnNvbHV0ZSUzQnRvcCUzQTAlM0JsZWZ0JTNBMCUzQndpZHRoJTNBMTAwJTI1JTNCaGVpZ2h0JTNBMTAwJTI1JTNCJTIyJTIwZnJhbWVib3JkZXIlM0QlMjIwJTIyJTIwYWxsb3clM0QlMjJhdXRvcGxheSUyMiUzRSUzQyUyRmlmcmFtZSUzRSUzQyUyRmRpdiUzRSUzQ3NjcmlwdCUyMHNyYyUzRCUyMmh0dHBzJTNBJTJGJTJGcGxheWVyLnZpbWVvLmNvbSUyRmFwaSUyRnBsYXllci5qcyUyMiUzRSUzQyUyRnNjcmlwdCUzRQ==[\/vc_raw_html][\/vc_column][\/vc_row][vc_row full_width=&#8221;stretch_row_content_no_spaces&#8221; content_placement=&#8221;middle&#8221; el_class=&#8221;page-head&#8221; css=&#8221;.vc_custom_1539843265369{background-position: center !important;background-repeat: no-repeat !important;background-size: cover !important;}&#8221;][vc_column][vc_custom_heading source=&#8221;post_title&#8221; font_container=&#8221;tag:h1|text_align:center|color:%23ffffff&#8221; use_theme_fonts=&#8221;yes&#8221; el_class=&#8221;page-title&#8221;][\/vc_column][\/vc_row][\/vc_section][vc_row css=&#8221;.vc_custom_1544188563868{margin-bottom: 198px !important;}&#8221; el_class=&#8221;einsatzbereiche-grid aromea-pakete-grid&#8221;][vc_column][vc_basic_grid post_type=&#8221;aromeapaket&#8221; max_items=&#8221;-1&#8243; element_width=&#8221;12&#8243; gap=&#8221;0&#8243; orderby=&#8221;menu_order&#8221; order=&#8221;ASC&#8221; item=&#8221;1508&#8243; grid_id=&#8221;vc_gid:1581344341892-39ef64fc-f21c-1&#8243; el_class=&#8221;einsatz-grid pakete-grid&#8221;][vc_btn title=&#8221;Unverbindlich anfragen&#8221; shape=&#8221;square&#8221; color=&#8221;black&#8221; link=&#8221;url:https%3A%2F%2Faromea.eu%2Fat%2Fduftmarketing%2Fkontakt%2F|title:Duftmarketing%20anfragen||&#8221; el_class=&#8221;aromea-btn&#8221;][\/vc_column][\/vc_row]<\/p>\n","protected":false},"excerpt":{"rendered":"<p>Events z\u00e4hlen zu den idealen Einsatzbereichen f\u00fcr multisensorisches Marketing. Ob als Marke oder Unternehmen: Als stimmiges Erlebnis duftig f\u00fcr alle Sinne inszeniert, verdichtet sich die positive Erinnerung, die Emotion und die Verkaufsbereitschaft. MULTISENSORY Enhancement to go.<\/p>\n","protected":false},"author":1,"featured_media":0,"parent":102,"menu_order":7,"comment_status":"closed","ping_status":"closed","template":"","meta":{"_acf_changed":false,"inline_featured_image":false,"footnotes":""},"class_list":["post-1494","page","type-page","status-publish","hentry"],"acf":[],"yoast_head":"<!-- This site is optimized with the Yoast SEO plugin v21.8.1 - https:\/\/yoast.com\/wordpress\/plugins\/seo\/ -->\n<title>Aromea Pakete von AROMEA Duftmarketing<\/title>\n<meta name=\"description\" content=\"Aromea Airdesign f\u00e4ngt Emotionen in verschiedensten Aromen ein, bereitet daraus hochwertige Raumd\u00fcfte. F\u00fcr die Lobby eines Hotels, f\u00fcr eine Boutique oder f\u00fcr den Warteraum einer Arztpraxis. Es kann aber auch der ganz spezielle Duft eines Events sein - Duftmarketing f\u00fcr alle Einsatzbereiche.\" \/>\n<meta name=\"robots\" content=\"index, follow, max-snippet:-1, max-image-preview:large, max-video-preview:-1\" \/>\n<link rel=\"canonical\" href=\"https:\/\/aromea.eu\/at\/duftmarketing\/duftgeraete-pakete\/duftmarketing\/\" \/>\n<meta property=\"og:locale\" content=\"de_DE\" \/>\n<meta property=\"og:type\" content=\"article\" \/>\n<meta property=\"og:title\" content=\"Aromea Pakete von AROMEA Duftmarketing\" \/>\n<meta property=\"og:description\" content=\"Aromea Airdesign f\u00e4ngt Emotionen in verschiedensten Aromen ein, bereitet daraus hochwertige Raumd\u00fcfte. F\u00fcr die Lobby eines Hotels, f\u00fcr eine Boutique oder f\u00fcr den Warteraum einer Arztpraxis. Es kann aber auch der ganz spezielle Duft eines Events sein - Duftmarketing f\u00fcr alle Einsatzbereiche.\" \/>\n<meta property=\"og:url\" content=\"https:\/\/aromea.eu\/at\/duftmarketing\/duftgeraete-pakete\/duftmarketing\/\" \/>\n<meta property=\"og:site_name\" content=\"Aromea\" \/>\n<meta property=\"article:modified_time\" content=\"2020-03-24T09:37:30+00:00\" \/>\n<meta name=\"twitter:card\" content=\"summary_large_image\" \/>\n<meta name=\"twitter:label1\" content=\"Gesch\u00e4tzte Lesezeit\" \/>\n\t<meta name=\"twitter:data1\" content=\"1\u00a0Minute\" \/>\n<script type=\"application\/ld+json\" class=\"yoast-schema-graph\">{\"@context\":\"https:\/\/schema.org\",\"@graph\":[{\"@type\":\"WebPage\",\"@id\":\"https:\/\/aromea.eu\/at\/duftmarketing\/duftgeraete-pakete\/duftmarketing\/\",\"url\":\"https:\/\/aromea.eu\/at\/duftmarketing\/duftgeraete-pakete\/duftmarketing\/\",\"name\":\"Aromea Pakete von AROMEA Duftmarketing\",\"isPartOf\":{\"@id\":\"https:\/\/aromea.eu\/at\/duftmarketing\/#website\"},\"datePublished\":\"2018-12-07T08:24:58+00:00\",\"dateModified\":\"2020-03-24T09:37:30+00:00\",\"description\":\"Aromea Airdesign f\u00e4ngt Emotionen in verschiedensten Aromen ein, bereitet daraus hochwertige Raumd\u00fcfte. F\u00fcr die Lobby eines Hotels, f\u00fcr eine Boutique oder f\u00fcr den Warteraum einer Arztpraxis. Es kann aber auch der ganz spezielle Duft eines Events sein - Duftmarketing f\u00fcr alle Einsatzbereiche.\",\"breadcrumb\":{\"@id\":\"https:\/\/aromea.eu\/at\/duftmarketing\/duftgeraete-pakete\/duftmarketing\/#breadcrumb\"},\"inLanguage\":\"de\",\"potentialAction\":[{\"@type\":\"ReadAction\",\"target\":[\"https:\/\/aromea.eu\/at\/duftmarketing\/duftgeraete-pakete\/duftmarketing\/\"]}]},{\"@type\":\"BreadcrumbList\",\"@id\":\"https:\/\/aromea.eu\/at\/duftmarketing\/duftgeraete-pakete\/duftmarketing\/#breadcrumb\",\"itemListElement\":[{\"@type\":\"ListItem\",\"position\":1,\"name\":\"Duftger\u00e4te &#038; Pakete\",\"item\":\"https:\/\/aromea.eu\/at\/duftmarketing\/duftgeraete-pakete\/\"},{\"@type\":\"ListItem\",\"position\":2,\"name\":\"Duftmarketing Pakete\"}]},{\"@type\":\"WebSite\",\"@id\":\"https:\/\/aromea.eu\/at\/duftmarketing\/#website\",\"url\":\"https:\/\/aromea.eu\/at\/duftmarketing\/\",\"name\":\"Aromea\",\"description\":\"Airdesign\",\"potentialAction\":[{\"@type\":\"SearchAction\",\"target\":{\"@type\":\"EntryPoint\",\"urlTemplate\":\"https:\/\/aromea.eu\/at\/duftmarketing\/?s={search_term_string}\"},\"query-input\":\"required name=search_term_string\"}],\"inLanguage\":\"de\"}]}<\/script>\n<!-- \/ Yoast SEO plugin. -->","yoast_head_json":{"title":"Aromea Pakete von AROMEA Duftmarketing","description":"Aromea Airdesign f\u00e4ngt Emotionen in verschiedensten Aromen ein, bereitet daraus hochwertige Raumd\u00fcfte. F\u00fcr die Lobby eines Hotels, f\u00fcr eine Boutique oder f\u00fcr den Warteraum einer Arztpraxis. Es kann aber auch der ganz spezielle Duft eines Events sein - Duftmarketing f\u00fcr alle Einsatzbereiche.","robots":{"index":"index","follow":"follow","max-snippet":"max-snippet:-1","max-image-preview":"max-image-preview:large","max-video-preview":"max-video-preview:-1"},"canonical":"https:\/\/aromea.eu\/at\/duftmarketing\/duftgeraete-pakete\/duftmarketing\/","og_locale":"de_DE","og_type":"article","og_title":"Aromea Pakete von AROMEA Duftmarketing","og_description":"Aromea Airdesign f\u00e4ngt Emotionen in verschiedensten Aromen ein, bereitet daraus hochwertige Raumd\u00fcfte. F\u00fcr die Lobby eines Hotels, f\u00fcr eine Boutique oder f\u00fcr den Warteraum einer Arztpraxis. Es kann aber auch der ganz spezielle Duft eines Events sein - Duftmarketing f\u00fcr alle Einsatzbereiche.","og_url":"https:\/\/aromea.eu\/at\/duftmarketing\/duftgeraete-pakete\/duftmarketing\/","og_site_name":"Aromea","article_modified_time":"2020-03-24T09:37:30+00:00","twitter_card":"summary_large_image","twitter_misc":{"Gesch\u00e4tzte Lesezeit":"1\u00a0Minute"},"schema":{"@context":"https:\/\/schema.org","@graph":[{"@type":"WebPage","@id":"https:\/\/aromea.eu\/at\/duftmarketing\/duftgeraete-pakete\/duftmarketing\/","url":"https:\/\/aromea.eu\/at\/duftmarketing\/duftgeraete-pakete\/duftmarketing\/","name":"Aromea Pakete von AROMEA Duftmarketing","isPartOf":{"@id":"https:\/\/aromea.eu\/at\/duftmarketing\/#website"},"datePublished":"2018-12-07T08:24:58+00:00","dateModified":"2020-03-24T09:37:30+00:00","description":"Aromea Airdesign f\u00e4ngt Emotionen in verschiedensten Aromen ein, bereitet daraus hochwertige Raumd\u00fcfte. F\u00fcr die Lobby eines Hotels, f\u00fcr eine Boutique oder f\u00fcr den Warteraum einer Arztpraxis. Es kann aber auch der ganz spezielle Duft eines Events sein - Duftmarketing f\u00fcr alle Einsatzbereiche.","breadcrumb":{"@id":"https:\/\/aromea.eu\/at\/duftmarketing\/duftgeraete-pakete\/duftmarketing\/#breadcrumb"},"inLanguage":"de","potentialAction":[{"@type":"ReadAction","target":["https:\/\/aromea.eu\/at\/duftmarketing\/duftgeraete-pakete\/duftmarketing\/"]}]},{"@type":"BreadcrumbList","@id":"https:\/\/aromea.eu\/at\/duftmarketing\/duftgeraete-pakete\/duftmarketing\/#breadcrumb","itemListElement":[{"@type":"ListItem","position":1,"name":"Duftger\u00e4te &#038; Pakete","item":"https:\/\/aromea.eu\/at\/duftmarketing\/duftgeraete-pakete\/"},{"@type":"ListItem","position":2,"name":"Duftmarketing Pakete"}]},{"@type":"WebSite","@id":"https:\/\/aromea.eu\/at\/duftmarketing\/#website","url":"https:\/\/aromea.eu\/at\/duftmarketing\/","name":"Aromea","description":"Airdesign","potentialAction":[{"@type":"SearchAction","target":{"@type":"EntryPoint","urlTemplate":"https:\/\/aromea.eu\/at\/duftmarketing\/?s={search_term_string}"},"query-input":"required name=search_term_string"}],"inLanguage":"de"}]}},"_links":{"self":[{"href":"https:\/\/aromea.eu\/at\/duftmarketing\/wp-json\/wp\/v2\/pages\/1494","targetHints":{"allow":["GET"]}}],"collection":[{"href":"https:\/\/aromea.eu\/at\/duftmarketing\/wp-json\/wp\/v2\/pages"}],"about":[{"href":"https:\/\/aromea.eu\/at\/duftmarketing\/wp-json\/wp\/v2\/types\/page"}],"author":[{"embeddable":true,"href":"https:\/\/aromea.eu\/at\/duftmarketing\/wp-json\/wp\/v2\/users\/1"}],"replies":[{"embeddable":true,"href":"https:\/\/aromea.eu\/at\/duftmarketing\/wp-json\/wp\/v2\/comments?post=1494"}],"version-history":[{"count":0,"href":"https:\/\/aromea.eu\/at\/duftmarketing\/wp-json\/wp\/v2\/pages\/1494\/revisions"}],"up":[{"embeddable":true,"href":"https:\/\/aromea.eu\/at\/duftmarketing\/wp-json\/wp\/v2\/pages\/102"}],"wp:attachment":[{"href":"https:\/\/aromea.eu\/at\/duftmarketing\/wp-json\/wp\/v2\/media?parent=1494"}],"curies":[{"name":"wp","href":"https:\/\/api.w.org\/{rel}","templated":true}]}}