{"id":124,"date":"2018-07-31T19:20:24","date_gmt":"2018-07-31T17:20:24","guid":{"rendered":"http:\/\/www.duftmarketing.at\/?page_id=124"},"modified":"2020-03-24T10:47:32","modified_gmt":"2020-03-24T09:47:32","slug":"warum-duftmarketing","status":"publish","type":"page","link":"https:\/\/aromea.eu\/at\/duftmarketing\/aromea\/warum-duftmarketing\/","title":{"rendered":"Warum Duftmarketing?"},"content":{"rendered":"<p>[vc_section full_width=&#8221;stretch_row_content&#8221; content_placement=&#8221;middle&#8221; el_class=&#8221;page-head-container&#8221; css=&#8221;.vc_custom_1581344483460{margin-bottom: -25px !important;}&#8221;][vc_row full_width=&#8221;stretch_row_content_no_spaces&#8221; content_placement=&#8221;middle&#8221; el_class=&#8221;page-head-img&#8221;][vc_column][vc_raw_html]JTNDZGl2JTIwc3R5bGUlM0QlMjJwYWRkaW5nJTNBNTYuMjUlMjUlMjAwJTIwMCUyMDAlM0Jwb3NpdGlvbiUzQXJlbGF0aXZlJTNCJTIyJTNFJTNDaWZyYW1lJTIwc3JjJTNEJTIyaHR0cHMlM0ElMkYlMkZwbGF5ZXIudmltZW8uY29tJTJGdmlkZW8lMkYzOTA0MzAyMDQlM0ZhdXRvcGF1c2UlM0QwJTI2YXV0b3BsYXklM0QxJTI2YnlsaW5lJTNEMCUyNmNvbnRyb2xzJTNEMCUyNmRudCUzRDElMjZsb29wJTNEMSUyNm11dGVkJTNEMSUyNnBvcnRyYWl0JTNEMCUyNnRpdGxlJTNEMCUyNnRyYW5zcGFyZW50JTNEMCUyMiUyMHN0eWxlJTNEJTIycG9zaXRpb24lM0FhYnNvbHV0ZSUzQnRvcCUzQTAlM0JsZWZ0JTNBMCUzQndpZHRoJTNBMTAwJTI1JTNCaGVpZ2h0JTNBMTAwJTI1JTNCJTIyJTIwZnJhbWVib3JkZXIlM0QlMjIwJTIyJTIwYWxsb3clM0QlMjJhdXRvcGxheSUyMiUzRSUzQyUyRmlmcmFtZSUzRSUzQyUyRmRpdiUzRSUzQ3NjcmlwdCUyMHNyYyUzRCUyMmh0dHBzJTNBJTJGJTJGcGxheWVyLnZpbWVvLmNvbSUyRmFwaSUyRnBsYXllci5qcyUyMiUzRSUzQyUyRnNjcmlwdCUzRQ==[\/vc_raw_html][\/vc_column][\/vc_row][vc_row full_width=&#8221;stretch_row_content_no_spaces&#8221; content_placement=&#8221;middle&#8221; el_class=&#8221;page-head&#8221; css=&#8221;.vc_custom_1539843265369{background-position: center !important;background-repeat: no-repeat !important;background-size: cover !important;}&#8221;][vc_column][vc_custom_heading text=&#8221;WARUM DUFTMARKETING?&#8221; font_container=&#8221;tag:h1|text_align:center|color:%23ffffff&#8221; use_theme_fonts=&#8221;yes&#8221; el_class=&#8221;page-title&#8221;][\/vc_column][\/vc_row][\/vc_section][vc_section][vc_row][vc_column][vc_basic_grid post_type=&#8221;fakten&#8221; max_items=&#8221;-1&#8243; element_width=&#8221;12&#8243; gap=&#8221;0&#8243; orderby=&#8221;menu_order&#8221; order=&#8221;ASC&#8221; item=&#8221;248&#8243; grid_id=&#8221;vc_gid:1583482036047-aa99074b-a6de-4&#8243; el_class=&#8221;fakten-grid&#8221; exclude=&#8221;1712, 1714, 1716, 1395, 1397, 1399, 1401, 1403, 1407&#8243;][\/vc_column][\/vc_row][\/vc_section][vc_section css=&#8221;.vc_custom_1553500565598{padding-top: 80px !important;padding-bottom: 80px !important;}&#8221; el_id=&#8221;Fakten-Slide-Grid&#8221;][vc_row][vc_column css=&#8221;.vc_custom_1553241217502{padding-top: 56px !important;}&#8221; offset=&#8221;vc_col-lg-12 vc_col-md-8 vc_hidden-md vc_hidden-sm&#8221;][vc_basic_grid post_type=&#8221;fakten&#8221; max_items=&#8221;-1&#8243; style=&#8221;pagination&#8221; items_per_page=&#8221;3&#8243; orderby=&#8221;menu_order&#8221; order=&#8221;ASC&#8221; paging_design=&#8221;none&#8221; item=&#8221;292&#8243; grid_id=&#8221;vc_gid:1583482036049-14f4a87f-9355-3&#8243; el_class=&#8221;einsatz-slider&#8221; exclude=&#8221;408, 410, 411, 412, 1379, 1393, 1395, 1397, 1399, 1401, 1403, 1407&#8243;][\/vc_column][\/vc_row][vc_row][vc_column css=&#8221;.vc_custom_1553241208645{padding-top: 56px !important;}&#8221; offset=&#8221;vc_col-lg-12 vc_hidden-lg vc_col-md-12 vc_hidden-xs&#8221;][vc_basic_grid post_type=&#8221;fakten&#8221; max_items=&#8221;-1&#8243; style=&#8221;pagination&#8221; items_per_page=&#8221;2&#8243; element_width=&#8221;6&#8243; orderby=&#8221;menu_order&#8221; order=&#8221;ASC&#8221; item=&#8221;292&#8243; grid_id=&#8221;vc_gid:1583482036052-7ff23248-595d-6&#8243; el_class=&#8221;einsatz-slider&#8221; exclude=&#8221;408, 410, 411, 412, 1379, 1393, 1395, 1397, 1399, 1401, 1403, 1407&#8243;][\/vc_column][\/vc_row][\/vc_section][vc_section][vc_row][vc_column][vc_basic_grid post_type=&#8221;fakten&#8221; max_items=&#8221;-1&#8243; element_width=&#8221;12&#8243; gap=&#8221;0&#8243; orderby=&#8221;menu_order&#8221; order=&#8221;ASC&#8221; item=&#8221;248&#8243; grid_id=&#8221;vc_gid:1583482036053-40955086-6cbc-1&#8243; el_class=&#8221;fakten-grid&#8221; exclude=&#8221;1712, 1714, 1716, 408, 410, 411, 412, 1379, 1393&#8243;][\/vc_column][\/vc_row][\/vc_section][vc_section full_width=&#8221;stretch_row&#8221; css=&#8221;.vc_custom_1538486435187{border-top-width: 1px !important;padding-top: 211px !important;padding-bottom: 132px !important;border-top-color: #7d7d7d !important;border-top-style: solid !important;}&#8221; el_class=&#8221;facts-zitat-section&#8221;][vc_row][vc_column width=&#8221;1\/6&#8243;][\/vc_column][vc_column width=&#8221;2\/3&#8243;][vc_custom_heading text=&#8221;&#8216;Duft ist allgegenw\u00e4rtig. Menschen k\u00f6nnen ihre Augen schlie\u00dfen, um Bilder zu vermeiden, sie k\u00f6nnen ihre Ohren schlie\u00dfen um sich dem Klang eines Werbespots zu entziehen und es ist auch m\u00f6glich, bestimmte Objekte nicht zu ber\u00fchren, aber wir k\u00f6nnen nicht aufh\u00f6ren zu riechen, ohne dabei aufzuh\u00f6ren zu atmen.'&#8221; font_container=&#8221;tag:h2|font_size:30px|text_align:center|color:%23000000|line_height:34px&#8221; use_theme_fonts=&#8221;yes&#8221; el_class=&#8221;uppercase&#8221; css=&#8221;.vc_custom_1583481927841{padding-bottom: 23px !important;}&#8221;][vc_column_text]<\/p>\n<p style=\"text-align: center;\"><span style=\"color: #8b8b8b; font-size: 13px; line-height: 24px; letter-spacing: 3px;\">&#8211; Diaconu, 2005 (<a href=\"https:\/\/www.beck-shop.de\/diaconu-tasten-riechen-schmecken\/productview.aspx?product=148410\" target=\"_blank\" rel=\"noopener noreferrer\">Quelle<\/a>)<\/span><\/p>\n<p>[\/vc_column_text][vc_custom_heading text=&#8221;&#8216;Nicht der Duft verf\u00fchrt uns, sondern das Gef\u00fchl und die Emotionen, die mit dem Duft verbunden sind.'&#8221; font_container=&#8221;tag:h2|font_size:30px|text_align:center|color:%23000000|line_height:34px&#8221; use_theme_fonts=&#8221;yes&#8221; el_class=&#8221;uppercase&#8221; css=&#8221;.vc_custom_1583482079364{padding-top: 50px !important;padding-bottom: 23px !important;}&#8221;][vc_column_text]<\/p>\n<p style=\"text-align: center;\"><span style=\"color: #8b8b8b; font-size: 13px; line-height: 24px; letter-spacing: 3px;\">&#8211; Zander, 2010<\/span><\/p>\n<p>[\/vc_column_text][\/vc_column][vc_column width=&#8221;1\/6&#8243;][\/vc_column][\/vc_row][\/vc_section]<\/p>\n","protected":false},"excerpt":{"rendered":"<p>\u201eNicht der Duft verf\u00fchrt uns, sondern das Gef\u00fchl und die Emotionen, die mit dem Duft verbunden sind.\u201c<\/p>\n","protected":false},"author":1,"featured_media":0,"parent":98,"menu_order":0,"comment_status":"closed","ping_status":"closed","template":"","meta":{"_acf_changed":false,"inline_featured_image":false,"footnotes":""},"class_list":["post-124","page","type-page","status-publish","hentry"],"acf":[],"yoast_head":"<!-- This site is optimized with the Yoast SEO plugin v21.8.1 - https:\/\/yoast.com\/wordpress\/plugins\/seo\/ -->\n<title>Facts &amp; Figures: Duftl\u00f6sungen f\u00fcr alle Sinne und Einsatzbereiche<\/title>\n<meta name=\"description\" content=\"In einem durchschnittlichen Raum liegen etwa 8000 verschiedene Ger\u00fcche in der Luft. Die tragen nat\u00fcrlich ma\u00dfgeblich zur empfundenen Atmosph\u00e4re bei. Aromea hat die Nase vorn und stellt den pers\u00f6nlichen Markenduft ganz einfach in den Vordergrund.\" \/>\n<meta name=\"robots\" content=\"index, follow, max-snippet:-1, max-image-preview:large, max-video-preview:-1\" \/>\n<link rel=\"canonical\" href=\"https:\/\/aromea.eu\/at\/duftmarketing\/aromea\/warum-duftmarketing\/\" \/>\n<meta property=\"og:locale\" content=\"de_DE\" \/>\n<meta property=\"og:type\" content=\"article\" \/>\n<meta property=\"og:title\" content=\"Facts &amp; Figures: Duftl\u00f6sungen f\u00fcr alle Sinne und Einsatzbereiche\" \/>\n<meta property=\"og:description\" content=\"In einem durchschnittlichen Raum liegen etwa 8000 verschiedene Ger\u00fcche in der Luft. Die tragen nat\u00fcrlich ma\u00dfgeblich zur empfundenen Atmosph\u00e4re bei. Aromea hat die Nase vorn und stellt den pers\u00f6nlichen Markenduft ganz einfach in den Vordergrund.\" \/>\n<meta property=\"og:url\" content=\"https:\/\/aromea.eu\/at\/duftmarketing\/aromea\/warum-duftmarketing\/\" \/>\n<meta property=\"og:site_name\" content=\"Aromea\" \/>\n<meta property=\"article:modified_time\" content=\"2020-03-24T09:47:32+00:00\" \/>\n<meta name=\"twitter:card\" content=\"summary_large_image\" \/>\n<meta name=\"twitter:label1\" content=\"Gesch\u00e4tzte Lesezeit\" \/>\n\t<meta name=\"twitter:data1\" content=\"3\u00a0Minuten\" \/>\n<script type=\"application\/ld+json\" class=\"yoast-schema-graph\">{\"@context\":\"https:\/\/schema.org\",\"@graph\":[{\"@type\":\"WebPage\",\"@id\":\"https:\/\/aromea.eu\/at\/duftmarketing\/aromea\/warum-duftmarketing\/\",\"url\":\"https:\/\/aromea.eu\/at\/duftmarketing\/aromea\/warum-duftmarketing\/\",\"name\":\"Facts & Figures: Duftl\u00f6sungen f\u00fcr alle Sinne und Einsatzbereiche\",\"isPartOf\":{\"@id\":\"https:\/\/aromea.eu\/at\/duftmarketing\/#website\"},\"datePublished\":\"2018-07-31T17:20:24+00:00\",\"dateModified\":\"2020-03-24T09:47:32+00:00\",\"description\":\"In einem durchschnittlichen Raum liegen etwa 8000 verschiedene Ger\u00fcche in der Luft. Die tragen nat\u00fcrlich ma\u00dfgeblich zur empfundenen Atmosph\u00e4re bei. Aromea hat die Nase vorn und stellt den pers\u00f6nlichen Markenduft ganz einfach in den Vordergrund.\",\"breadcrumb\":{\"@id\":\"https:\/\/aromea.eu\/at\/duftmarketing\/aromea\/warum-duftmarketing\/#breadcrumb\"},\"inLanguage\":\"de\",\"potentialAction\":[{\"@type\":\"ReadAction\",\"target\":[\"https:\/\/aromea.eu\/at\/duftmarketing\/aromea\/warum-duftmarketing\/\"]}]},{\"@type\":\"BreadcrumbList\",\"@id\":\"https:\/\/aromea.eu\/at\/duftmarketing\/aromea\/warum-duftmarketing\/#breadcrumb\",\"itemListElement\":[{\"@type\":\"ListItem\",\"position\":1,\"name\":\"\u00dcber Aromea\",\"item\":\"https:\/\/aromea.eu\/at\/duftmarketing\/aromea\/\"},{\"@type\":\"ListItem\",\"position\":2,\"name\":\"Warum Duftmarketing?\"}]},{\"@type\":\"WebSite\",\"@id\":\"https:\/\/aromea.eu\/at\/duftmarketing\/#website\",\"url\":\"https:\/\/aromea.eu\/at\/duftmarketing\/\",\"name\":\"Aromea\",\"description\":\"Airdesign\",\"potentialAction\":[{\"@type\":\"SearchAction\",\"target\":{\"@type\":\"EntryPoint\",\"urlTemplate\":\"https:\/\/aromea.eu\/at\/duftmarketing\/?s={search_term_string}\"},\"query-input\":\"required name=search_term_string\"}],\"inLanguage\":\"de\"}]}<\/script>\n<!-- \/ Yoast SEO plugin. -->","yoast_head_json":{"title":"Facts & Figures: Duftl\u00f6sungen f\u00fcr alle Sinne und Einsatzbereiche","description":"In einem durchschnittlichen Raum liegen etwa 8000 verschiedene Ger\u00fcche in der Luft. Die tragen nat\u00fcrlich ma\u00dfgeblich zur empfundenen Atmosph\u00e4re bei. Aromea hat die Nase vorn und stellt den pers\u00f6nlichen Markenduft ganz einfach in den Vordergrund.","robots":{"index":"index","follow":"follow","max-snippet":"max-snippet:-1","max-image-preview":"max-image-preview:large","max-video-preview":"max-video-preview:-1"},"canonical":"https:\/\/aromea.eu\/at\/duftmarketing\/aromea\/warum-duftmarketing\/","og_locale":"de_DE","og_type":"article","og_title":"Facts & Figures: Duftl\u00f6sungen f\u00fcr alle Sinne und Einsatzbereiche","og_description":"In einem durchschnittlichen Raum liegen etwa 8000 verschiedene Ger\u00fcche in der Luft. Die tragen nat\u00fcrlich ma\u00dfgeblich zur empfundenen Atmosph\u00e4re bei. Aromea hat die Nase vorn und stellt den pers\u00f6nlichen Markenduft ganz einfach in den Vordergrund.","og_url":"https:\/\/aromea.eu\/at\/duftmarketing\/aromea\/warum-duftmarketing\/","og_site_name":"Aromea","article_modified_time":"2020-03-24T09:47:32+00:00","twitter_card":"summary_large_image","twitter_misc":{"Gesch\u00e4tzte Lesezeit":"3\u00a0Minuten"},"schema":{"@context":"https:\/\/schema.org","@graph":[{"@type":"WebPage","@id":"https:\/\/aromea.eu\/at\/duftmarketing\/aromea\/warum-duftmarketing\/","url":"https:\/\/aromea.eu\/at\/duftmarketing\/aromea\/warum-duftmarketing\/","name":"Facts & Figures: Duftl\u00f6sungen f\u00fcr alle Sinne und Einsatzbereiche","isPartOf":{"@id":"https:\/\/aromea.eu\/at\/duftmarketing\/#website"},"datePublished":"2018-07-31T17:20:24+00:00","dateModified":"2020-03-24T09:47:32+00:00","description":"In einem durchschnittlichen Raum liegen etwa 8000 verschiedene Ger\u00fcche in der Luft. Die tragen nat\u00fcrlich ma\u00dfgeblich zur empfundenen Atmosph\u00e4re bei. Aromea hat die Nase vorn und stellt den pers\u00f6nlichen Markenduft ganz einfach in den Vordergrund.","breadcrumb":{"@id":"https:\/\/aromea.eu\/at\/duftmarketing\/aromea\/warum-duftmarketing\/#breadcrumb"},"inLanguage":"de","potentialAction":[{"@type":"ReadAction","target":["https:\/\/aromea.eu\/at\/duftmarketing\/aromea\/warum-duftmarketing\/"]}]},{"@type":"BreadcrumbList","@id":"https:\/\/aromea.eu\/at\/duftmarketing\/aromea\/warum-duftmarketing\/#breadcrumb","itemListElement":[{"@type":"ListItem","position":1,"name":"\u00dcber Aromea","item":"https:\/\/aromea.eu\/at\/duftmarketing\/aromea\/"},{"@type":"ListItem","position":2,"name":"Warum Duftmarketing?"}]},{"@type":"WebSite","@id":"https:\/\/aromea.eu\/at\/duftmarketing\/#website","url":"https:\/\/aromea.eu\/at\/duftmarketing\/","name":"Aromea","description":"Airdesign","potentialAction":[{"@type":"SearchAction","target":{"@type":"EntryPoint","urlTemplate":"https:\/\/aromea.eu\/at\/duftmarketing\/?s={search_term_string}"},"query-input":"required name=search_term_string"}],"inLanguage":"de"}]}},"_links":{"self":[{"href":"https:\/\/aromea.eu\/at\/duftmarketing\/wp-json\/wp\/v2\/pages\/124","targetHints":{"allow":["GET"]}}],"collection":[{"href":"https:\/\/aromea.eu\/at\/duftmarketing\/wp-json\/wp\/v2\/pages"}],"about":[{"href":"https:\/\/aromea.eu\/at\/duftmarketing\/wp-json\/wp\/v2\/types\/page"}],"author":[{"embeddable":true,"href":"https:\/\/aromea.eu\/at\/duftmarketing\/wp-json\/wp\/v2\/users\/1"}],"replies":[{"embeddable":true,"href":"https:\/\/aromea.eu\/at\/duftmarketing\/wp-json\/wp\/v2\/comments?post=124"}],"version-history":[{"count":0,"href":"https:\/\/aromea.eu\/at\/duftmarketing\/wp-json\/wp\/v2\/pages\/124\/revisions"}],"up":[{"embeddable":true,"href":"https:\/\/aromea.eu\/at\/duftmarketing\/wp-json\/wp\/v2\/pages\/98"}],"wp:attachment":[{"href":"https:\/\/aromea.eu\/at\/duftmarketing\/wp-json\/wp\/v2\/media?parent=124"}],"curies":[{"name":"wp","href":"https:\/\/api.w.org\/{rel}","templated":true}]}}