{"id":120,"date":"2018-07-31T19:19:46","date_gmt":"2018-07-31T17:19:46","guid":{"rendered":"http:\/\/www.duftmarketing.at\/?page_id=120"},"modified":"2020-03-24T10:46:26","modified_gmt":"2020-03-24T09:46:26","slug":"faces","status":"publish","type":"page","link":"https:\/\/aromea.eu\/at\/duftmarketing\/aromea\/faces\/","title":{"rendered":"Faces"},"content":{"rendered":"<p>[vc_section full_width=&#8221;stretch_row_content&#8221; content_placement=&#8221;middle&#8221; el_class=&#8221;page-head-container&#8221; css=&#8221;.vc_custom_1539843271303{margin-bottom: 75px !important;}&#8221;][vc_row full_width=&#8221;stretch_row_content_no_spaces&#8221; content_placement=&#8221;middle&#8221; el_class=&#8221;page-head-img&#8221;][vc_column][vc_single_image image=&#8221;389&#8243; img_size=&#8221;full&#8221; alignment=&#8221;center&#8221;][\/vc_column][\/vc_row][vc_row full_width=&#8221;stretch_row_content_no_spaces&#8221; content_placement=&#8221;middle&#8221; el_class=&#8221;page-head&#8221; css=&#8221;.vc_custom_1539843265369{background-position: center !important;background-repeat: no-repeat !important;background-size: cover !important;}&#8221;][vc_column][vc_custom_heading text=&#8221;FACES&#8221; font_container=&#8221;tag:h1|text_align:center|color:%23ffffff&#8221; use_theme_fonts=&#8221;yes&#8221; el_class=&#8221;page-title&#8221;][\/vc_column][\/vc_row][\/vc_section][vc_section css=&#8221;.vc_custom_1534503965360{padding-top: 103px !important;}&#8221; el_class=&#8221;faces-einleitung&#8221;][vc_row][vc_column width=&#8221;1\/2&#8243; css=&#8221;.vc_custom_1533734915423{padding-right: 100px !important;}&#8221;][vc_column_text el_class=&#8221;font-26-36 color-000&#8243; css=&#8221;.vc_custom_1536834709980{margin-bottom: 10px !important;}&#8221;]\u201eInnovationen sind ein<br \/>\nB\u00fcndnis mit der Zukunft.\u201c[\/vc_column_text][vc_column_text el_class=&#8221;color-8b font-13-24 ls-3&#8243;]AROMEA[\/vc_column_text][\/vc_column][vc_column width=&#8221;1\/2&#8243;][vc_column_text el_class=&#8221;font-16-28 color-000&#8243;]Wir sind dynamisch, wir sind jung. Im Kopf und im Herzen. Das Unternehmen gibt es schon seit 20 Jahren, wir selbst kennen uns schon seit \u00fcber 25 Jahren aus der Schulzeit. Im Jahr 2017 \u00fcbernahmen wir Aromea von seinem urspr\u00fcnglichen Gr\u00fcnder, Oswin Lippitsch. Innovation ist dabei unser Antrieb, der Kunde steht f\u00fcr uns im Mittelpunkt. Zusammen beraten wir olfaktorisch Ihren Betrieb &#8211; unser Steckenpferd sind dabei ma\u00dfgeschneiderte, individuelle L\u00f6sungen.<\/p>\n<p>Mit dem Hintergrund langj\u00e4hriger Unternehmensberatert\u00e4tigkeiten und Gesch\u00e4ftsf\u00fchrerpositionen in diversen Branchen schaffen wir aus modernen Ideen neue Realit\u00e4ten, die dem Zeitgeist entsprechen. So stellen wir unsere Kunden auf eine neue Marketing-Stufe &#8211; weil f\u00fcr uns jede Innovation ein Unikat ist, und jede Herausforderung eine Motivation.[\/vc_column_text][\/vc_column][\/vc_row][\/vc_section][vc_section css=&#8221;.vc_custom_1533880938082{padding-top: 122px !important;padding-bottom: 93px !important;}&#8221;][vc_row][vc_column width=&#8221;1\/4&#8243;][\/vc_column][vc_column width=&#8221;1\/4&#8243;][vc_single_image image=&#8221;393&#8243; img_size=&#8221;full&#8221; alignment=&#8221;center&#8221;][vc_column_text el_class=&#8221;font-14-20 color-000&#8243; css=&#8221;.vc_custom_1536834769882{margin-top: 34px !important;}&#8221;]MAG. FRANZ PLANEGGER[\/vc_column_text][\/vc_column][vc_column width=&#8221;1\/4&#8243;][vc_single_image image=&#8221;394&#8243; img_size=&#8221;full&#8221; alignment=&#8221;center&#8221;][vc_column_text el_class=&#8221;font-14-20 color-000&#8243; css=&#8221;.vc_custom_1536926619696{margin-top: 34px !important;}&#8221;]PETER WIESER MBA, MSc[\/vc_column_text][\/vc_column][vc_column width=&#8221;1\/4&#8243;][\/vc_column][\/vc_row][\/vc_section]<\/p>\n","protected":false},"excerpt":{"rendered":"<p>[vc_section full_width=&#8221;stretch_row_content&#8221; content_placement=&#8221;middle&#8221; el_class=&#8221;page-head-container&#8221; css=&#8221;.vc_custom_1539843271303{margin-bottom: 75px !important;}&#8221;][vc_row full_width=&#8221;stretch_row_content_no_spaces&#8221; content_placement=&#8221;middle&#8221; el_class=&#8221;page-head-img&#8221;][vc_column][vc_single_image image=&#8221;389&#8243; img_size=&#8221;full&#8221; alignment=&#8221;center&#8221;][\/vc_column][\/vc_row][vc_row full_width=&#8221;stretch_row_content_no_spaces&#8221; content_placement=&#8221;middle&#8221; el_class=&#8221;page-head&#8221; css=&#8221;.vc_custom_1539843265369{background-position: center !important;background-repeat: no-repeat !important;background-size: cover !important;}&#8221;][vc_column][vc_custom_heading text=&#8221;FACES&#8221; font_container=&#8221;tag:h1|text_align:center|color:%23ffffff&#8221; use_theme_fonts=&#8221;yes&#8221;<span class=\"excerpt-hellip\"> [\u2026]<\/span><\/p>\n","protected":false},"author":1,"featured_media":0,"parent":98,"menu_order":0,"comment_status":"closed","ping_status":"closed","template":"","meta":{"_acf_changed":false,"inline_featured_image":false,"footnotes":""},"class_list":["post-120","page","type-page","status-publish","hentry"],"acf":[],"yoast_head":"<!-- This site is optimized with the Yoast SEO plugin v21.8.1 - https:\/\/yoast.com\/wordpress\/plugins\/seo\/ -->\n<title>Faces: Die Menschen hinter AROMEA Duftmarketing<\/title>\n<meta name=\"description\" content=\"Im Jahr 2017 \u00fcbernahmen wir Aromea von seinem urspr\u00fcnglichen Gr\u00fcnder, Oswin Lippitsch. Innovation ist dabei unser Antrieb, der Kunde steht f\u00fcr uns im Mittelpunkt. Zusammen beraten wir olfaktorisch Ihren Betrieb \u2013 unser Steckenpferd sind dabei ma\u00dfgeschneiderte, individuelle L\u00f6sungen.\" \/>\n<meta name=\"robots\" content=\"index, follow, max-snippet:-1, max-image-preview:large, max-video-preview:-1\" \/>\n<link rel=\"canonical\" href=\"https:\/\/aromea.eu\/at\/duftmarketing\/aromea\/faces\/\" \/>\n<meta property=\"og:locale\" content=\"de_DE\" \/>\n<meta property=\"og:type\" content=\"article\" \/>\n<meta property=\"og:title\" content=\"Faces: Die Menschen hinter AROMEA Duftmarketing\" \/>\n<meta property=\"og:description\" content=\"Im Jahr 2017 \u00fcbernahmen wir Aromea von seinem urspr\u00fcnglichen Gr\u00fcnder, Oswin Lippitsch. Innovation ist dabei unser Antrieb, der Kunde steht f\u00fcr uns im Mittelpunkt. Zusammen beraten wir olfaktorisch Ihren Betrieb \u2013 unser Steckenpferd sind dabei ma\u00dfgeschneiderte, individuelle L\u00f6sungen.\" \/>\n<meta property=\"og:url\" content=\"https:\/\/aromea.eu\/at\/duftmarketing\/aromea\/faces\/\" \/>\n<meta property=\"og:site_name\" content=\"Aromea\" \/>\n<meta property=\"article:modified_time\" content=\"2020-03-24T09:46:26+00:00\" \/>\n<meta name=\"twitter:card\" content=\"summary_large_image\" \/>\n<meta name=\"twitter:label1\" content=\"Gesch\u00e4tzte Lesezeit\" \/>\n\t<meta name=\"twitter:data1\" content=\"2\u00a0Minuten\" \/>\n<script type=\"application\/ld+json\" class=\"yoast-schema-graph\">{\"@context\":\"https:\/\/schema.org\",\"@graph\":[{\"@type\":\"WebPage\",\"@id\":\"https:\/\/aromea.eu\/at\/duftmarketing\/aromea\/faces\/\",\"url\":\"https:\/\/aromea.eu\/at\/duftmarketing\/aromea\/faces\/\",\"name\":\"Faces: Die Menschen hinter AROMEA Duftmarketing\",\"isPartOf\":{\"@id\":\"https:\/\/aromea.eu\/at\/duftmarketing\/#website\"},\"datePublished\":\"2018-07-31T17:19:46+00:00\",\"dateModified\":\"2020-03-24T09:46:26+00:00\",\"description\":\"Im Jahr 2017 \u00fcbernahmen wir Aromea von seinem urspr\u00fcnglichen Gr\u00fcnder, Oswin Lippitsch. Innovation ist dabei unser Antrieb, der Kunde steht f\u00fcr uns im Mittelpunkt. Zusammen beraten wir olfaktorisch Ihren Betrieb \u2013 unser Steckenpferd sind dabei ma\u00dfgeschneiderte, individuelle L\u00f6sungen.\",\"breadcrumb\":{\"@id\":\"https:\/\/aromea.eu\/at\/duftmarketing\/aromea\/faces\/#breadcrumb\"},\"inLanguage\":\"de\",\"potentialAction\":[{\"@type\":\"ReadAction\",\"target\":[\"https:\/\/aromea.eu\/at\/duftmarketing\/aromea\/faces\/\"]}]},{\"@type\":\"BreadcrumbList\",\"@id\":\"https:\/\/aromea.eu\/at\/duftmarketing\/aromea\/faces\/#breadcrumb\",\"itemListElement\":[{\"@type\":\"ListItem\",\"position\":1,\"name\":\"\u00dcber Aromea\",\"item\":\"https:\/\/aromea.eu\/at\/duftmarketing\/aromea\/\"},{\"@type\":\"ListItem\",\"position\":2,\"name\":\"Faces\"}]},{\"@type\":\"WebSite\",\"@id\":\"https:\/\/aromea.eu\/at\/duftmarketing\/#website\",\"url\":\"https:\/\/aromea.eu\/at\/duftmarketing\/\",\"name\":\"Aromea\",\"description\":\"Airdesign\",\"potentialAction\":[{\"@type\":\"SearchAction\",\"target\":{\"@type\":\"EntryPoint\",\"urlTemplate\":\"https:\/\/aromea.eu\/at\/duftmarketing\/?s={search_term_string}\"},\"query-input\":\"required name=search_term_string\"}],\"inLanguage\":\"de\"}]}<\/script>\n<!-- \/ Yoast SEO plugin. -->","yoast_head_json":{"title":"Faces: Die Menschen hinter AROMEA Duftmarketing","description":"Im Jahr 2017 \u00fcbernahmen wir Aromea von seinem urspr\u00fcnglichen Gr\u00fcnder, Oswin Lippitsch. Innovation ist dabei unser Antrieb, der Kunde steht f\u00fcr uns im Mittelpunkt. Zusammen beraten wir olfaktorisch Ihren Betrieb \u2013 unser Steckenpferd sind dabei ma\u00dfgeschneiderte, individuelle L\u00f6sungen.","robots":{"index":"index","follow":"follow","max-snippet":"max-snippet:-1","max-image-preview":"max-image-preview:large","max-video-preview":"max-video-preview:-1"},"canonical":"https:\/\/aromea.eu\/at\/duftmarketing\/aromea\/faces\/","og_locale":"de_DE","og_type":"article","og_title":"Faces: Die Menschen hinter AROMEA Duftmarketing","og_description":"Im Jahr 2017 \u00fcbernahmen wir Aromea von seinem urspr\u00fcnglichen Gr\u00fcnder, Oswin Lippitsch. Innovation ist dabei unser Antrieb, der Kunde steht f\u00fcr uns im Mittelpunkt. Zusammen beraten wir olfaktorisch Ihren Betrieb \u2013 unser Steckenpferd sind dabei ma\u00dfgeschneiderte, individuelle L\u00f6sungen.","og_url":"https:\/\/aromea.eu\/at\/duftmarketing\/aromea\/faces\/","og_site_name":"Aromea","article_modified_time":"2020-03-24T09:46:26+00:00","twitter_card":"summary_large_image","twitter_misc":{"Gesch\u00e4tzte Lesezeit":"2\u00a0Minuten"},"schema":{"@context":"https:\/\/schema.org","@graph":[{"@type":"WebPage","@id":"https:\/\/aromea.eu\/at\/duftmarketing\/aromea\/faces\/","url":"https:\/\/aromea.eu\/at\/duftmarketing\/aromea\/faces\/","name":"Faces: Die Menschen hinter AROMEA Duftmarketing","isPartOf":{"@id":"https:\/\/aromea.eu\/at\/duftmarketing\/#website"},"datePublished":"2018-07-31T17:19:46+00:00","dateModified":"2020-03-24T09:46:26+00:00","description":"Im Jahr 2017 \u00fcbernahmen wir Aromea von seinem urspr\u00fcnglichen Gr\u00fcnder, Oswin Lippitsch. Innovation ist dabei unser Antrieb, der Kunde steht f\u00fcr uns im Mittelpunkt. Zusammen beraten wir olfaktorisch Ihren Betrieb \u2013 unser Steckenpferd sind dabei ma\u00dfgeschneiderte, individuelle L\u00f6sungen.","breadcrumb":{"@id":"https:\/\/aromea.eu\/at\/duftmarketing\/aromea\/faces\/#breadcrumb"},"inLanguage":"de","potentialAction":[{"@type":"ReadAction","target":["https:\/\/aromea.eu\/at\/duftmarketing\/aromea\/faces\/"]}]},{"@type":"BreadcrumbList","@id":"https:\/\/aromea.eu\/at\/duftmarketing\/aromea\/faces\/#breadcrumb","itemListElement":[{"@type":"ListItem","position":1,"name":"\u00dcber Aromea","item":"https:\/\/aromea.eu\/at\/duftmarketing\/aromea\/"},{"@type":"ListItem","position":2,"name":"Faces"}]},{"@type":"WebSite","@id":"https:\/\/aromea.eu\/at\/duftmarketing\/#website","url":"https:\/\/aromea.eu\/at\/duftmarketing\/","name":"Aromea","description":"Airdesign","potentialAction":[{"@type":"SearchAction","target":{"@type":"EntryPoint","urlTemplate":"https:\/\/aromea.eu\/at\/duftmarketing\/?s={search_term_string}"},"query-input":"required name=search_term_string"}],"inLanguage":"de"}]}},"_links":{"self":[{"href":"https:\/\/aromea.eu\/at\/duftmarketing\/wp-json\/wp\/v2\/pages\/120","targetHints":{"allow":["GET"]}}],"collection":[{"href":"https:\/\/aromea.eu\/at\/duftmarketing\/wp-json\/wp\/v2\/pages"}],"about":[{"href":"https:\/\/aromea.eu\/at\/duftmarketing\/wp-json\/wp\/v2\/types\/page"}],"author":[{"embeddable":true,"href":"https:\/\/aromea.eu\/at\/duftmarketing\/wp-json\/wp\/v2\/users\/1"}],"replies":[{"embeddable":true,"href":"https:\/\/aromea.eu\/at\/duftmarketing\/wp-json\/wp\/v2\/comments?post=120"}],"version-history":[{"count":0,"href":"https:\/\/aromea.eu\/at\/duftmarketing\/wp-json\/wp\/v2\/pages\/120\/revisions"}],"up":[{"embeddable":true,"href":"https:\/\/aromea.eu\/at\/duftmarketing\/wp-json\/wp\/v2\/pages\/98"}],"wp:attachment":[{"href":"https:\/\/aromea.eu\/at\/duftmarketing\/wp-json\/wp\/v2\/media?parent=120"}],"curies":[{"name":"wp","href":"https:\/\/api.w.org\/{rel}","templated":true}]}}