{"id":118,"date":"2018-07-31T19:19:31","date_gmt":"2018-07-31T17:19:31","guid":{"rendered":"http:\/\/www.duftmarketing.at\/?page_id=118"},"modified":"2020-03-24T10:45:08","modified_gmt":"2020-03-24T09:45:08","slug":"anwendungsbereiche-raumduft","status":"publish","type":"page","link":"https:\/\/aromea.eu\/at\/duftmarketing\/aromea\/anwendungsbereiche-raumduft\/","title":{"rendered":"Anwendungsbereiche"},"content":{"rendered":"<div class=\"wpb-content-wrapper\"><p>[vc_section full_width=&#8221;stretch_row_content&#8221; content_placement=&#8221;middle&#8221; el_class=&#8221;page-head-container&#8221; css=&#8221;.vc_custom_1581426510186{margin-bottom: -25px !important;}&#8221;][vc_row full_width=&#8221;stretch_row_content_no_spaces&#8221; content_placement=&#8221;middle&#8221; el_class=&#8221;page-head-img&#8221;][vc_column][vc_raw_html]JTNDZGl2JTIwc3R5bGUlM0QlMjJwYWRkaW5nJTNBNTYuMjUlMjUlMjAwJTIwMCUyMDAlM0Jwb3NpdGlvbiUzQXJlbGF0aXZlJTNCJTIyJTNFJTNDaWZyYW1lJTIwc3JjJTNEJTIyaHR0cHMlM0ElMkYlMkZwbGF5ZXIudmltZW8uY29tJTJGdmlkZW8lMkYzOTA0MjczMDglM0ZhdXRvcGF1c2UlM0QwJTI2YXV0b3BsYXklM0QxJTI2YnlsaW5lJTNEMCUyNmNvbnRyb2xzJTNEMCUyNmRudCUzRDElMjZsb29wJTNEMSUyNm11dGVkJTNEMSUyNnBvcnRyYWl0JTNEMCUyNnRpdGxlJTNEMCUyNnRyYW5zcGFyZW50JTNEMCUyMiUyMHN0eWxlJTNEJTIycG9zaXRpb24lM0FhYnNvbHV0ZSUzQnRvcCUzQTAlM0JsZWZ0JTNBMCUzQndpZHRoJTNBMTAwJTI1JTNCaGVpZ2h0JTNBMTAwJTI1JTNCJTIyJTIwZnJhbWVib3JkZXIlM0QlMjIwJTIyJTIwYWxsb3clM0QlMjJhdXRvcGxheSUyMiUzRSUzQyUyRmlmcmFtZSUzRSUzQyUyRmRpdiUzRSUzQ3NjcmlwdCUyMHNyYyUzRCUyMmh0dHBzJTNBJTJGJTJGcGxheWVyLnZpbWVvLmNvbSUyRmFwaSUyRnBsYXllci5qcyUyMiUzRSUzQyUyRnNjcmlwdCUzRQ==[\/vc_raw_html][\/vc_column][\/vc_row][vc_row full_width=&#8221;stretch_row_content_no_spaces&#8221; content_placement=&#8221;middle&#8221; el_class=&#8221;page-head&#8221; css=&#8221;.vc_custom_1539843265369{background-position: center !important;background-repeat: no-repeat !important;background-size: cover !important;}&#8221;][vc_column][vc_custom_heading text=&#8221;Anwendungs-<br \/>\nBereiche&#8221; font_container=&#8221;tag:h1|text_align:center|color:%23ffffff&#8221; use_theme_fonts=&#8221;yes&#8221; el_class=&#8221;page-title&#8221;][\/vc_column][\/vc_row][\/vc_section][vc_row el_class=&#8221;einsatzbereiche-grid&#8221; css=&#8221;.vc_custom_1552982805647{margin-bottom: 0px !important;}&#8221;][vc_column][vc_basic_grid post_type=&#8221;einsatzbereich&#8221; max_items=&#8221;-1&#8243; element_width=&#8221;12&#8243; gap=&#8221;0&#8243; orderby=&#8221;menu_order&#8221; order=&#8221;ASC&#8221; item=&#8221;2414&#8243; grid_id=&#8221;vc_gid:1583480819428-ff9c582a-4a17-1&#8243; el_class=&#8221;einsatz-grid&#8221; exclude=&#8221;227, 2417&#8243; css=&#8221;.vc_custom_1575973026342{margin-bottom: 0px !important;}&#8221;][vc_basic_grid post_type=&#8221;einsatzbereich&#8221; max_items=&#8221;-1&#8243; element_width=&#8221;12&#8243; gap=&#8221;0&#8243; orderby=&#8221;menu_order&#8221; order=&#8221;ASC&#8221; item=&#8221;2414&#8243; grid_id=&#8221;vc_gid:1583480819429-c41fb716-632e-6&#8243; el_class=&#8221;einsatz-grid&#8221; exclude=&#8221;266, 236, 234, 232&#8243; css=&#8221;.vc_custom_1575972238533{margin-bottom: 0px !important;}&#8221;][\/vc_column][\/vc_row][vc_section full_width=&#8221;stretch_row&#8221; css=&#8221;.vc_custom_1552982776800{padding-top: 211px !important;padding-bottom: 132px !important;background-color: #000000 !important;}&#8221; el_class=&#8221;facts-zitat-section&#8221;][vc_row][vc_column width=&#8221;1\/6&#8243;][\/vc_column][vc_column width=&#8221;2\/3&#8243;][vc_custom_heading text=&#8221;Hotels? Der erste Eindruck z\u00e4hlt und der letzte Eindruck bleibt! Mit einem guten Duft erh\u00f6ht man die Kundenzufriedenheit, steigert Frequenz und Umsatz, und holt sich einen deutlichen Wettbewerbsvorteil. In der Hotellerie empfehlen wir Duftmarketing daher nur wenn es wirklich passt: Also immer.&#8221; font_container=&#8221;tag:h2|font_size:30px|text_align:center|color:%23ffffff|line_height:34px&#8221; use_theme_fonts=&#8221;yes&#8221; el_class=&#8221;uppercase&#8221; css=&#8221;.vc_custom_1583480838076{padding-bottom: 23px !important;}&#8221;][vc_column_text el_class=&#8221;color-fff&#8221;]<\/p>\n<p style=\"text-align: center;\"><span style=\"font-size: 13px; line-height: 24px; letter-spacing: 3px;\">&#8211; Peter Peer ist Ehrenpr\u00e4sident der <a style=\"color: #e6ae48;\" href=\"https:\/\/www.oehv.at\/\" target=\"_blank\" rel=\"noopener noreferrer\">\u00f6sterreichischen Hoteliervereinigung<\/a> und Vizepr\u00e4sident des <a style=\"color: #e6ae48;\" href=\"https:\/\/www.travelindustryclub.at\/\" target=\"_blank\" rel=\"noopener noreferrer\">Travel Industry Clubs Austria<\/a>. Er erhielt f\u00fcr seine Verdienste in der Hotellerie das goldene Ehrenzeichen der Republik \u00d6sterreich.<\/span><\/p>\n<p>[\/vc_column_text][\/vc_column][vc_column width=&#8221;1\/6&#8243;][\/vc_column][\/vc_row][\/vc_section][vc_section full_width=&#8221;stretch_row&#8221; css=&#8221;.vc_custom_1555653665981{margin-top: 0px !important;padding-top: 211px !important;padding-bottom: 132px !important;background-color: #000000 !important;}&#8221; el_class=&#8221;facts-zitat-section&#8221;][vc_row][vc_column width=&#8221;1\/6&#8243;][\/vc_column][vc_column width=&#8221;2\/3&#8243;][vc_custom_heading text=&#8221;Mit ad\u00e4quater Anwendung in geeigneter Konzentration k\u00f6nnen mit modernstem Airdesign ausschlie\u00dflich Vorteile genutzt werden: Positive Stimmung, Entspannung, Angstl\u00f6sung \u2013 letztendlich sogar positive k\u00f6rperliche Reaktionen auf zellul\u00e4rer Ebene.&#8221; font_container=&#8221;tag:h2|font_size:30px|text_align:center|color:%23ffffff|line_height:34px&#8221; use_theme_fonts=&#8221;yes&#8221; el_class=&#8221;uppercase&#8221; css=&#8221;.vc_custom_1583480844857{padding-bottom: 23px !important;}&#8221;][vc_column_text el_class=&#8221;color-fff&#8221;]<\/p>\n<p style=\"text-align: center;\"><span style=\"font-size: 13px; line-height: 24px; letter-spacing: 3px;\">&#8211; Dr. Gerhard Ritz, HNO-Arzt und Allergologe in Graz<\/span><\/p>\n<p>[\/vc_column_text][\/vc_column][vc_column width=&#8221;1\/6&#8243;][\/vc_column][\/vc_row][\/vc_section][vc_section css=&#8221;.vc_custom_1555653844887{margin-top: 1px !important;padding-top: 0px !important;}&#8221; el_class=&#8221;airdesign-events-section&#8221;][vc_row full_width=&#8221;stretch_row_content_no_spaces&#8221; content_placement=&#8221;middle&#8221; css=&#8221;.vc_custom_1533720769391{background-color: #000000 !important;}&#8221;][vc_column width=&#8221;1\/2&#8243; css=&#8221;.vc_custom_1534503744440{margin-top: 0px !important;margin-right: 0px !important;margin-bottom: 0px !important;margin-left: 0px !important;padding-top: 0px !important;padding-right: 0px !important;padding-bottom: 0px !important;padding-left: 0px !important;}&#8221; el_class=&#8221;no-padding&#8221;][vc_single_image image=&#8221;268&#8243; img_size=&#8221;full&#8221; css=&#8221;.vc_custom_1533719892686{margin: 0px !important;padding: 0px !important;}&#8221;][\/vc_column][vc_column width=&#8221;1\/2&#8243; css=&#8221;.vc_custom_1533720392552{padding-right: 115px !important;padding-left: 115px !important;}&#8221;][vc_column_text el_class=&#8221;color-fff ls-16&#8243;]SMELL GOOD VIBES ONLY[\/vc_column_text][vc_custom_heading text=&#8221;EXKLUSIVES AIRDESIGN<br \/>\nF\u00dcR EVENTS&#8221; font_container=&#8221;tag:h4|font_size:40|text_align:left|color:%23ffffff|line_height:44px&#8221; use_theme_fonts=&#8221;yes&#8221; css=&#8221;.vc_custom_1536835455859{margin-bottom: 24px !important;}&#8221;][vc_column_text el_class=&#8221;text-event-airdesign&#8221;]Events z\u00e4hlen zu den idealen Einsatzbereichen f\u00fcr multisensorisches Marketing. Ob als Marke oder Unternehmen: Als stimmiges Erlebnis duftig f\u00fcr alle Sinne inszeniert, verdichtet sich die positive Erinnerung, die Emotion und die Kaufbereitschaft. MULTISENSORY Enhancement to go.<\/p>\n<p>Wir beduften Events und schaffen Erinnerungen, die niemals verblassen.[\/vc_column_text][\/vc_column][\/vc_row][\/vc_section]<\/p>\n<\/div>","protected":false},"excerpt":{"rendered":"<p>Events z\u00e4hlen zu den idealen Einsatzbereichen f\u00fcr multisensorisches Marketing. Ob als Marke oder Unternehmen: Als stimmiges Erlebnis duftig f\u00fcr alle Sinne inszeniert, verdichtet sich die positive Erinnerung, die Emotion und die Verkaufsbereitschaft. MULTISENSORY Enhancement to go.<\/p>\n","protected":false},"author":1,"featured_media":0,"parent":98,"menu_order":0,"comment_status":"closed","ping_status":"closed","template":"","meta":{"_acf_changed":false,"inline_featured_image":false,"footnotes":""},"class_list":["post-118","page","type-page","status-publish","hentry"],"acf":[],"yoast_head":"<!-- This site is optimized with the Yoast SEO plugin v21.8.1 - https:\/\/yoast.com\/wordpress\/plugins\/seo\/ -->\n<title>Anwendungsbereiche von AROMEA Duftmarketing: Ma\u00dfgeschneidete Aromen<\/title>\n<meta name=\"description\" content=\"Aromea Airdesign f\u00e4ngt Emotionen in verschiedensten Aromen ein, bereitet daraus hochwertige Raumd\u00fcfte. F\u00fcr die Lobby eines Hotels, f\u00fcr eine Boutique oder f\u00fcr den Warteraum einer Arztpraxis. Es kann aber auch der ganz spezielle Duft eines Events sein - Duftmarketing f\u00fcr alle Einsatzbereiche.\" \/>\n<meta name=\"robots\" content=\"index, follow, max-snippet:-1, max-image-preview:large, max-video-preview:-1\" \/>\n<link rel=\"canonical\" href=\"https:\/\/aromea.eu\/at\/duftmarketing\/aromea\/anwendungsbereiche-raumduft\/\" \/>\n<meta property=\"og:locale\" content=\"de_DE\" \/>\n<meta property=\"og:type\" content=\"article\" \/>\n<meta property=\"og:title\" content=\"Anwendungsbereiche von AROMEA Duftmarketing: Ma\u00dfgeschneidete Aromen\" \/>\n<meta property=\"og:description\" content=\"Aromea Airdesign f\u00e4ngt Emotionen in verschiedensten Aromen ein, bereitet daraus hochwertige Raumd\u00fcfte. F\u00fcr die Lobby eines Hotels, f\u00fcr eine Boutique oder f\u00fcr den Warteraum einer Arztpraxis. Es kann aber auch der ganz spezielle Duft eines Events sein - Duftmarketing f\u00fcr alle Einsatzbereiche.\" \/>\n<meta property=\"og:url\" content=\"https:\/\/aromea.eu\/at\/duftmarketing\/aromea\/anwendungsbereiche-raumduft\/\" \/>\n<meta property=\"og:site_name\" content=\"Aromea\" \/>\n<meta property=\"article:modified_time\" content=\"2020-03-24T09:45:08+00:00\" \/>\n<meta name=\"twitter:card\" content=\"summary_large_image\" \/>\n<meta name=\"twitter:label1\" content=\"Gesch\u00e4tzte Lesezeit\" \/>\n\t<meta name=\"twitter:data1\" content=\"4\u00a0Minuten\" \/>\n<script type=\"application\/ld+json\" class=\"yoast-schema-graph\">{\"@context\":\"https:\/\/schema.org\",\"@graph\":[{\"@type\":\"WebPage\",\"@id\":\"https:\/\/aromea.eu\/at\/duftmarketing\/aromea\/anwendungsbereiche-raumduft\/\",\"url\":\"https:\/\/aromea.eu\/at\/duftmarketing\/aromea\/anwendungsbereiche-raumduft\/\",\"name\":\"Anwendungsbereiche von AROMEA Duftmarketing: Ma\u00dfgeschneidete Aromen\",\"isPartOf\":{\"@id\":\"https:\/\/aromea.eu\/at\/duftmarketing\/#website\"},\"datePublished\":\"2018-07-31T17:19:31+00:00\",\"dateModified\":\"2020-03-24T09:45:08+00:00\",\"description\":\"Aromea Airdesign f\u00e4ngt Emotionen in verschiedensten Aromen ein, bereitet daraus hochwertige Raumd\u00fcfte. F\u00fcr die Lobby eines Hotels, f\u00fcr eine Boutique oder f\u00fcr den Warteraum einer Arztpraxis. Es kann aber auch der ganz spezielle Duft eines Events sein - Duftmarketing f\u00fcr alle Einsatzbereiche.\",\"breadcrumb\":{\"@id\":\"https:\/\/aromea.eu\/at\/duftmarketing\/aromea\/anwendungsbereiche-raumduft\/#breadcrumb\"},\"inLanguage\":\"de\",\"potentialAction\":[{\"@type\":\"ReadAction\",\"target\":[\"https:\/\/aromea.eu\/at\/duftmarketing\/aromea\/anwendungsbereiche-raumduft\/\"]}]},{\"@type\":\"BreadcrumbList\",\"@id\":\"https:\/\/aromea.eu\/at\/duftmarketing\/aromea\/anwendungsbereiche-raumduft\/#breadcrumb\",\"itemListElement\":[{\"@type\":\"ListItem\",\"position\":1,\"name\":\"\u00dcber Aromea\",\"item\":\"https:\/\/aromea.eu\/at\/duftmarketing\/aromea\/\"},{\"@type\":\"ListItem\",\"position\":2,\"name\":\"Anwendungsbereiche\"}]},{\"@type\":\"WebSite\",\"@id\":\"https:\/\/aromea.eu\/at\/duftmarketing\/#website\",\"url\":\"https:\/\/aromea.eu\/at\/duftmarketing\/\",\"name\":\"Aromea\",\"description\":\"Airdesign\",\"potentialAction\":[{\"@type\":\"SearchAction\",\"target\":{\"@type\":\"EntryPoint\",\"urlTemplate\":\"https:\/\/aromea.eu\/at\/duftmarketing\/?s={search_term_string}\"},\"query-input\":\"required name=search_term_string\"}],\"inLanguage\":\"de\"}]}<\/script>\n<!-- \/ Yoast SEO plugin. -->","yoast_head_json":{"title":"Anwendungsbereiche von AROMEA Duftmarketing: Ma\u00dfgeschneidete Aromen","description":"Aromea Airdesign f\u00e4ngt Emotionen in verschiedensten Aromen ein, bereitet daraus hochwertige Raumd\u00fcfte. F\u00fcr die Lobby eines Hotels, f\u00fcr eine Boutique oder f\u00fcr den Warteraum einer Arztpraxis. Es kann aber auch der ganz spezielle Duft eines Events sein - Duftmarketing f\u00fcr alle Einsatzbereiche.","robots":{"index":"index","follow":"follow","max-snippet":"max-snippet:-1","max-image-preview":"max-image-preview:large","max-video-preview":"max-video-preview:-1"},"canonical":"https:\/\/aromea.eu\/at\/duftmarketing\/aromea\/anwendungsbereiche-raumduft\/","og_locale":"de_DE","og_type":"article","og_title":"Anwendungsbereiche von AROMEA Duftmarketing: Ma\u00dfgeschneidete Aromen","og_description":"Aromea Airdesign f\u00e4ngt Emotionen in verschiedensten Aromen ein, bereitet daraus hochwertige Raumd\u00fcfte. F\u00fcr die Lobby eines Hotels, f\u00fcr eine Boutique oder f\u00fcr den Warteraum einer Arztpraxis. Es kann aber auch der ganz spezielle Duft eines Events sein - Duftmarketing f\u00fcr alle Einsatzbereiche.","og_url":"https:\/\/aromea.eu\/at\/duftmarketing\/aromea\/anwendungsbereiche-raumduft\/","og_site_name":"Aromea","article_modified_time":"2020-03-24T09:45:08+00:00","twitter_card":"summary_large_image","twitter_misc":{"Gesch\u00e4tzte Lesezeit":"4\u00a0Minuten"},"schema":{"@context":"https:\/\/schema.org","@graph":[{"@type":"WebPage","@id":"https:\/\/aromea.eu\/at\/duftmarketing\/aromea\/anwendungsbereiche-raumduft\/","url":"https:\/\/aromea.eu\/at\/duftmarketing\/aromea\/anwendungsbereiche-raumduft\/","name":"Anwendungsbereiche von AROMEA Duftmarketing: Ma\u00dfgeschneidete Aromen","isPartOf":{"@id":"https:\/\/aromea.eu\/at\/duftmarketing\/#website"},"datePublished":"2018-07-31T17:19:31+00:00","dateModified":"2020-03-24T09:45:08+00:00","description":"Aromea Airdesign f\u00e4ngt Emotionen in verschiedensten Aromen ein, bereitet daraus hochwertige Raumd\u00fcfte. F\u00fcr die Lobby eines Hotels, f\u00fcr eine Boutique oder f\u00fcr den Warteraum einer Arztpraxis. Es kann aber auch der ganz spezielle Duft eines Events sein - Duftmarketing f\u00fcr alle Einsatzbereiche.","breadcrumb":{"@id":"https:\/\/aromea.eu\/at\/duftmarketing\/aromea\/anwendungsbereiche-raumduft\/#breadcrumb"},"inLanguage":"de","potentialAction":[{"@type":"ReadAction","target":["https:\/\/aromea.eu\/at\/duftmarketing\/aromea\/anwendungsbereiche-raumduft\/"]}]},{"@type":"BreadcrumbList","@id":"https:\/\/aromea.eu\/at\/duftmarketing\/aromea\/anwendungsbereiche-raumduft\/#breadcrumb","itemListElement":[{"@type":"ListItem","position":1,"name":"\u00dcber Aromea","item":"https:\/\/aromea.eu\/at\/duftmarketing\/aromea\/"},{"@type":"ListItem","position":2,"name":"Anwendungsbereiche"}]},{"@type":"WebSite","@id":"https:\/\/aromea.eu\/at\/duftmarketing\/#website","url":"https:\/\/aromea.eu\/at\/duftmarketing\/","name":"Aromea","description":"Airdesign","potentialAction":[{"@type":"SearchAction","target":{"@type":"EntryPoint","urlTemplate":"https:\/\/aromea.eu\/at\/duftmarketing\/?s={search_term_string}"},"query-input":"required name=search_term_string"}],"inLanguage":"de"}]}},"_links":{"self":[{"href":"https:\/\/aromea.eu\/at\/duftmarketing\/wp-json\/wp\/v2\/pages\/118","targetHints":{"allow":["GET"]}}],"collection":[{"href":"https:\/\/aromea.eu\/at\/duftmarketing\/wp-json\/wp\/v2\/pages"}],"about":[{"href":"https:\/\/aromea.eu\/at\/duftmarketing\/wp-json\/wp\/v2\/types\/page"}],"author":[{"embeddable":true,"href":"https:\/\/aromea.eu\/at\/duftmarketing\/wp-json\/wp\/v2\/users\/1"}],"replies":[{"embeddable":true,"href":"https:\/\/aromea.eu\/at\/duftmarketing\/wp-json\/wp\/v2\/comments?post=118"}],"version-history":[{"count":0,"href":"https:\/\/aromea.eu\/at\/duftmarketing\/wp-json\/wp\/v2\/pages\/118\/revisions"}],"up":[{"embeddable":true,"href":"https:\/\/aromea.eu\/at\/duftmarketing\/wp-json\/wp\/v2\/pages\/98"}],"wp:attachment":[{"href":"https:\/\/aromea.eu\/at\/duftmarketing\/wp-json\/wp\/v2\/media?parent=118"}],"curies":[{"name":"wp","href":"https:\/\/api.w.org\/{rel}","templated":true}]}}