{"id":116,"date":"2018-07-31T19:19:18","date_gmt":"2018-07-31T17:19:18","guid":{"rendered":"http:\/\/www.duftmarketing.at\/?page_id=116"},"modified":"2020-03-06T09:55:42","modified_gmt":"2020-03-06T08:55:42","slug":"individuelle-raumduftkonzepte-corporate-scent","status":"publish","type":"page","link":"https:\/\/aromea.eu\/at\/duftmarketing\/raumduefte\/individuelle-raumduftkonzepte-corporate-scent\/","title":{"rendered":"Individuelle Raumduftkonzepte"},"content":{"rendered":"<div class=\"wpb-content-wrapper\"><p>[vc_section full_width=&#8221;stretch_row_content&#8221; content_placement=&#8221;middle&#8221; el_class=&#8221;page-head-container&#8221; css=&#8221;.vc_custom_1581344215263{margin-bottom: -25px !important;}&#8221;][vc_row full_width=&#8221;stretch_row_content_no_spaces&#8221; content_placement=&#8221;middle&#8221; el_class=&#8221;page-head-img&#8221;][vc_column][vc_raw_html]JTNDZGl2JTIwc3R5bGUlM0QlMjJwYWRkaW5nJTNBNTYuMjUlMjUlMjAwJTIwMCUyMDAlM0Jwb3NpdGlvbiUzQXJlbGF0aXZlJTNCJTIyJTNFJTNDaWZyYW1lJTIwc3JjJTNEJTIyaHR0cHMlM0ElMkYlMkZwbGF5ZXIudmltZW8uY29tJTJGdmlkZW8lMkYzOTA0MjkzMzklM0ZhdXRvcGF1c2UlM0QwJTI2YXV0b3BsYXklM0QxJTI2YnlsaW5lJTNEMCUyNmNvbnRyb2xzJTNEMCUyNmRudCUzRDElMjZsb29wJTNEMSUyNm11dGVkJTNEMSUyNnBvcnRyYWl0JTNEMCUyNnRpdGxlJTNEMCUyNnRyYW5zcGFyZW50JTNEMCUyMiUyMHN0eWxlJTNEJTIycG9zaXRpb24lM0FhYnNvbHV0ZSUzQnRvcCUzQTAlM0JsZWZ0JTNBMCUzQndpZHRoJTNBMTAwJTI1JTNCaGVpZ2h0JTNBMTAwJTI1JTNCJTIyJTIwZnJhbWVib3JkZXIlM0QlMjIwJTIyJTIwYWxsb3clM0QlMjJhdXRvcGxheSUyMiUzRSUzQyUyRmlmcmFtZSUzRSUzQyUyRmRpdiUzRSUzQ3NjcmlwdCUyMHNyYyUzRCUyMmh0dHBzJTNBJTJGJTJGcGxheWVyLnZpbWVvLmNvbSUyRmFwaSUyRnBsYXllci5qcyUyMiUzRSUzQyUyRnNjcmlwdCUzRQ==[\/vc_raw_html][\/vc_column][\/vc_row][vc_row full_width=&#8221;stretch_row_content_no_spaces&#8221; content_placement=&#8221;middle&#8221; el_class=&#8221;page-head&#8221; css=&#8221;.vc_custom_1539843265369{background-position: center !important;background-repeat: no-repeat !important;background-size: cover !important;}&#8221;][vc_column][vc_custom_heading text=&#8221;THE SCENT MAKER&#8221; font_container=&#8221;tag:h1|text_align:center|color:%23ffffff&#8221; use_theme_fonts=&#8221;yes&#8221; el_class=&#8221;page-title&#8221;][\/vc_column][\/vc_row][\/vc_section][vc_section css=&#8221;.vc_custom_1534496341037{padding-top: 57px !important;padding-bottom: 204px !important;}&#8221; el_class=&#8221;corporate-scent-content&#8221;][vc_row][vc_column width=&#8221;1\/6&#8243;][\/vc_column][vc_column width=&#8221;2\/3&#8243;][vc_custom_heading text=&#8221;CORPORATE SCENT \u2013 DER INDIVIDUELLE RAUMDUFT IN UNTERNEHMEN&#8221; font_container=&#8221;tag:h2|font_size:30px|text_align:left|color:%23000000|line_height:34px&#8221; use_theme_fonts=&#8221;yes&#8221; el_class=&#8221;uppercase&#8221; css=&#8221;.vc_custom_1569502384484{padding-bottom: 45px !important;}&#8221;][vc_column_text el_class=&#8221;font-15-27 color-000&#8243;]<a href=\"https:\/\/aromea.eu\/at\/duftmarketing\/raumduefte\/duftmarketing-spezialist\/\">Duftmarketing<\/a> ist weit mehr als die Summe seiner Duftnoten: Mit einem eigenen <strong>Corporate Scent<\/strong> wird einem Unternehmen ein ganz spezifischer <strong>Wiedererkennungswert<\/strong> verliehen. Der <strong>Einsatz von D\u00fcften im Marketing<\/strong> ist zwar schon so alt wie die erste Duftkerze in einem Boutique-Hotel, gewinnt aber in Zeiten eines erh\u00f6hten Wettbewerbs immer mehr an Bedeutung. Der individuelle Unternehmensduft wird zu einem Logo f\u00fcr die Nase. Der <strong>Markenauftritt<\/strong> erweitert sich um eine vierte Dimension, die effektiv nonverbal kommuniziert und direkt die Psychologie des Gastes, des Kunden oder des Konsumenten anspricht. Es entsteht der Duftrahmen f\u00fcr ein <strong>multisensuales Konsumerlebnis<\/strong>.<\/p>\n<p>Dabei hat jeder Mensch seinen eigenen Vorlieben f\u00fcr D\u00fcfte. Und hier kommt <a href=\"https:\/\/aromea.eu\/at\/duftmarketing\/aromea\/ueber-aromea-duftmarketing\/\">Aromea<\/a> ins Spiel: Sch\u00f6ne Momente, die mit einem Duft verbunden sind, werden als angenehm abgespeichert. Und an Orten, die angenehm riechen, verbringt man nicht nur gerne Zeit, sondern kommt auch gerne wieder. Der Mensch erinnert sich an den Ort \u00fcber eine Duftmarke, Aromea verpackt diese D\u00fcfte in <strong>ma\u00dfgeschneidertes Duftmarketing<\/strong>: Airdesign. Denn man kann nicht nicht riechen.<\/p>\n<p>Dieses olfaktorische Branding hat schon einigen internationalen Brands zu einem holistischen <strong>Wiedererkennungswert<\/strong> verholfen: Abercrombie &amp; Fitch, Hollister, die Hilton- und Radisson-Hotelgruppen, der Stanglwirt und auch die \u00d6BB. Auch gro\u00dfe Einkaufszentren wie das McArthurGlen Designeroutlet in Salzburg haben <strong>Duftmarketing mittels Corporate Scent<\/strong> f\u00fcr sich entdeckt. Modetempel wie Emporio Armani setzen in den Flagship Stores die unverwechselbare individuelle Duftkreation des Hauses ein. Die genannten Handelsunternehmen z\u00e4hlen zu <a href=\"https:\/\/aromea.eu\/at\/duftmarketing\/aromea\/referenzen\/\">Kunden von Aromea Airdesign<\/a> und werden von Aromea auch laufend betreut.<\/p>\n<p><a href=\"https:\/\/aromea.eu\/at\/duftmarketing\/aromea\/warum-duftmarketing\/\">Wieso ist Duftmarketing so wichtig?<\/a> Aufgrund der zunehmenden Austauschbarkeit von Produkten und Dienstleistungen r\u00fcckt die <strong>Erlebnisorientierung<\/strong> als Instrument zur Differenzierung verst\u00e4rkt in den Fokus der Markenf\u00fchrung. Deswegen eignet sich ein Corporate Scent hervorragend um auf subtile Weise eine Marke oder ein Produkt<strong> emotional aufzuladen<\/strong> und in den K\u00f6pfen der Kunden <strong>zu verankern<\/strong>. Nicht nur internationale Studien beweisen, dass angenehmer Duft Kunden dazu bewegt, <strong>l\u00e4nger zu bleiben<\/strong>, <strong>h\u00f6here Qualit\u00e4t<\/strong> zu vermuten und sich eher spontan zum <strong>Kauf eines Produktes<\/strong> oder einer <strong>Dienstleistung zu entscheiden<\/strong>. Auch dem gesunden Menschenverstand wird durch einen, zum Erlebnis passenden Duft signalisiert: \u201eHier riecht es gut, hier f\u00fchle ich mich wohl, hier will ich bleiben.\u201c[\/vc_column_text][\/vc_column][vc_column width=&#8221;1\/6&#8243;][\/vc_column][\/vc_row][\/vc_section]<\/p>\n<\/div>","protected":false},"excerpt":{"rendered":"<p>[vc_section full_width=&#8221;stretch_row_content&#8221; content_placement=&#8221;middle&#8221; el_class=&#8221;page-head-container&#8221; css=&#8221;.vc_custom_1581344215263{margin-bottom: -25px !important;}&#8221;][vc_row full_width=&#8221;stretch_row_content_no_spaces&#8221; content_placement=&#8221;middle&#8221; el_class=&#8221;page-head-img&#8221;][vc_column][vc_raw_html]JTNDZGl2JTIwc3R5bGUlM0QlMjJwYWRkaW5nJTNBNTYuMjUlMjUlMjAwJTIwMCUyMDAlM0Jwb3NpdGlvbiUzQXJlbGF0aXZlJTNCJTIyJTNFJTNDaWZyYW1lJTIwc3JjJTNEJTIyaHR0cHMlM0ElMkYlMkZwbGF5ZXIudmltZW8uY29tJTJGdmlkZW8lMkYzOTA0MjkzMzklM0ZhdXRvcGF1c2UlM0QwJTI2YXV0b3BsYXklM0QxJTI2YnlsaW5lJTNEMCUyNmNvbnRyb2xzJTNEMCUyNmRudCUzRDElMjZsb29wJTNEMSUyNm11dGVkJTNEMSUyNnBvcnRyYWl0JTNEMCUyNnRpdGxlJTNEMCUyNnRyYW5zcGFyZW50JTNEMCUyMiUyMHN0eWxlJTNEJTIycG9zaXRpb24lM0FhYnNvbHV0ZSUzQnRvcCUzQTAlM0JsZWZ0JTNBMCUzQndpZHRoJTNBMTAwJTI1JTNCaGVpZ2h0JTNBMTAwJTI1JTNCJTIyJTIwZnJhbWVib3JkZXIlM0QlMjIwJTIyJTIwYWxsb3clM0QlMjJhdXRvcGxheSUyMiUzRSUzQyUyRmlmcmFtZSUzRSUzQyUyRmRpdiUzRSUzQ3NjcmlwdCUyMHNyYyUzRCUyMmh0dHBzJTNBJTJGJTJGcGxheWVyLnZpbWVvLmNvbSUyRmFwaSUyRnBsYXllci5qcyUyMiUzRSUzQyUyRnNjcmlwdCUzRQ==[\/vc_raw_html][\/vc_column][\/vc_row][vc_row full_width=&#8221;stretch_row_content_no_spaces&#8221; content_placement=&#8221;middle&#8221; el_class=&#8221;page-head&#8221; css=&#8221;.vc_custom_1539843265369{background-position: center !important;background-repeat: no-repeat !important;background-size: cover !important;}&#8221;][vc_column][vc_custom_heading text=&#8221;THE SCENT MAKER&#8221; font_container=&#8221;tag:h1|text_align:center|color:%23ffffff&#8221; use_theme_fonts=&#8221;yes&#8221; el_class=&#8221;page-title&#8221;][\/vc_column][\/vc_row][\/vc_section][vc_section<span class=\"excerpt-hellip\"> [\u2026]<\/span><\/p>\n","protected":false},"author":1,"featured_media":0,"parent":100,"menu_order":0,"comment_status":"closed","ping_status":"closed","template":"","meta":{"_acf_changed":false,"inline_featured_image":false,"footnotes":""},"class_list":["post-116","page","type-page","status-publish","hentry"],"acf":[],"yoast_head":"<!-- This site is optimized with the Yoast SEO plugin v21.8.1 - https:\/\/yoast.com\/wordpress\/plugins\/seo\/ -->\n<title>Corporate Scent: Der individuelle Raumduft als Verkaufsf\u00f6rderer<\/title>\n<meta name=\"description\" content=\"Duftmarketing ist weit mehr als die Summe seiner Duftnoten: Mit einem eigenen Corporate Scent wird einem Unternehmen ein ganz spezifischer Wiedererkennungswert mit Hilfe eines eigenen Raumdufts verliehen.\" \/>\n<meta name=\"robots\" content=\"index, follow, max-snippet:-1, max-image-preview:large, max-video-preview:-1\" \/>\n<link rel=\"canonical\" href=\"https:\/\/aromea.eu\/at\/duftmarketing\/raumduefte\/individuelle-raumduftkonzepte-corporate-scent\/\" \/>\n<meta property=\"og:locale\" content=\"de_DE\" \/>\n<meta property=\"og:type\" content=\"article\" \/>\n<meta property=\"og:title\" content=\"Corporate Scent: Der individuelle Raumduft als Verkaufsf\u00f6rderer\" \/>\n<meta property=\"og:description\" content=\"Duftmarketing ist weit mehr als die Summe seiner Duftnoten: Mit einem eigenen Corporate Scent wird einem Unternehmen ein ganz spezifischer Wiedererkennungswert mit Hilfe eines eigenen Raumdufts verliehen.\" \/>\n<meta property=\"og:url\" content=\"https:\/\/aromea.eu\/at\/duftmarketing\/raumduefte\/individuelle-raumduftkonzepte-corporate-scent\/\" \/>\n<meta property=\"og:site_name\" content=\"Aromea\" \/>\n<meta property=\"article:modified_time\" content=\"2020-03-06T08:55:42+00:00\" \/>\n<meta name=\"twitter:card\" content=\"summary_large_image\" \/>\n<meta name=\"twitter:label1\" content=\"Gesch\u00e4tzte Lesezeit\" \/>\n\t<meta name=\"twitter:data1\" content=\"3\u00a0Minuten\" \/>\n<script type=\"application\/ld+json\" class=\"yoast-schema-graph\">{\"@context\":\"https:\/\/schema.org\",\"@graph\":[{\"@type\":\"WebPage\",\"@id\":\"https:\/\/aromea.eu\/at\/duftmarketing\/raumduefte\/individuelle-raumduftkonzepte-corporate-scent\/\",\"url\":\"https:\/\/aromea.eu\/at\/duftmarketing\/raumduefte\/individuelle-raumduftkonzepte-corporate-scent\/\",\"name\":\"Corporate Scent: Der individuelle Raumduft als Verkaufsf\u00f6rderer\",\"isPartOf\":{\"@id\":\"https:\/\/aromea.eu\/at\/duftmarketing\/#website\"},\"datePublished\":\"2018-07-31T17:19:18+00:00\",\"dateModified\":\"2020-03-06T08:55:42+00:00\",\"description\":\"Duftmarketing ist weit mehr als die Summe seiner Duftnoten: Mit einem eigenen Corporate Scent wird einem Unternehmen ein ganz spezifischer Wiedererkennungswert mit Hilfe eines eigenen Raumdufts verliehen.\",\"breadcrumb\":{\"@id\":\"https:\/\/aromea.eu\/at\/duftmarketing\/raumduefte\/individuelle-raumduftkonzepte-corporate-scent\/#breadcrumb\"},\"inLanguage\":\"de\",\"potentialAction\":[{\"@type\":\"ReadAction\",\"target\":[\"https:\/\/aromea.eu\/at\/duftmarketing\/raumduefte\/individuelle-raumduftkonzepte-corporate-scent\/\"]}]},{\"@type\":\"BreadcrumbList\",\"@id\":\"https:\/\/aromea.eu\/at\/duftmarketing\/raumduefte\/individuelle-raumduftkonzepte-corporate-scent\/#breadcrumb\",\"itemListElement\":[{\"@type\":\"ListItem\",\"position\":1,\"name\":\"Raumd\u00fcfte\",\"item\":\"https:\/\/aromea.eu\/at\/duftmarketing\/raumduefte\/\"},{\"@type\":\"ListItem\",\"position\":2,\"name\":\"Individuelle Raumduftkonzepte\"}]},{\"@type\":\"WebSite\",\"@id\":\"https:\/\/aromea.eu\/at\/duftmarketing\/#website\",\"url\":\"https:\/\/aromea.eu\/at\/duftmarketing\/\",\"name\":\"Aromea\",\"description\":\"Airdesign\",\"potentialAction\":[{\"@type\":\"SearchAction\",\"target\":{\"@type\":\"EntryPoint\",\"urlTemplate\":\"https:\/\/aromea.eu\/at\/duftmarketing\/?s={search_term_string}\"},\"query-input\":\"required name=search_term_string\"}],\"inLanguage\":\"de\"}]}<\/script>\n<!-- \/ Yoast SEO plugin. -->","yoast_head_json":{"title":"Corporate Scent: Der individuelle Raumduft als Verkaufsf\u00f6rderer","description":"Duftmarketing ist weit mehr als die Summe seiner Duftnoten: Mit einem eigenen Corporate Scent wird einem Unternehmen ein ganz spezifischer Wiedererkennungswert mit Hilfe eines eigenen Raumdufts verliehen.","robots":{"index":"index","follow":"follow","max-snippet":"max-snippet:-1","max-image-preview":"max-image-preview:large","max-video-preview":"max-video-preview:-1"},"canonical":"https:\/\/aromea.eu\/at\/duftmarketing\/raumduefte\/individuelle-raumduftkonzepte-corporate-scent\/","og_locale":"de_DE","og_type":"article","og_title":"Corporate Scent: Der individuelle Raumduft als Verkaufsf\u00f6rderer","og_description":"Duftmarketing ist weit mehr als die Summe seiner Duftnoten: Mit einem eigenen Corporate Scent wird einem Unternehmen ein ganz spezifischer Wiedererkennungswert mit Hilfe eines eigenen Raumdufts verliehen.","og_url":"https:\/\/aromea.eu\/at\/duftmarketing\/raumduefte\/individuelle-raumduftkonzepte-corporate-scent\/","og_site_name":"Aromea","article_modified_time":"2020-03-06T08:55:42+00:00","twitter_card":"summary_large_image","twitter_misc":{"Gesch\u00e4tzte Lesezeit":"3\u00a0Minuten"},"schema":{"@context":"https:\/\/schema.org","@graph":[{"@type":"WebPage","@id":"https:\/\/aromea.eu\/at\/duftmarketing\/raumduefte\/individuelle-raumduftkonzepte-corporate-scent\/","url":"https:\/\/aromea.eu\/at\/duftmarketing\/raumduefte\/individuelle-raumduftkonzepte-corporate-scent\/","name":"Corporate Scent: Der individuelle Raumduft als Verkaufsf\u00f6rderer","isPartOf":{"@id":"https:\/\/aromea.eu\/at\/duftmarketing\/#website"},"datePublished":"2018-07-31T17:19:18+00:00","dateModified":"2020-03-06T08:55:42+00:00","description":"Duftmarketing ist weit mehr als die Summe seiner Duftnoten: Mit einem eigenen Corporate Scent wird einem Unternehmen ein ganz spezifischer Wiedererkennungswert mit Hilfe eines eigenen Raumdufts verliehen.","breadcrumb":{"@id":"https:\/\/aromea.eu\/at\/duftmarketing\/raumduefte\/individuelle-raumduftkonzepte-corporate-scent\/#breadcrumb"},"inLanguage":"de","potentialAction":[{"@type":"ReadAction","target":["https:\/\/aromea.eu\/at\/duftmarketing\/raumduefte\/individuelle-raumduftkonzepte-corporate-scent\/"]}]},{"@type":"BreadcrumbList","@id":"https:\/\/aromea.eu\/at\/duftmarketing\/raumduefte\/individuelle-raumduftkonzepte-corporate-scent\/#breadcrumb","itemListElement":[{"@type":"ListItem","position":1,"name":"Raumd\u00fcfte","item":"https:\/\/aromea.eu\/at\/duftmarketing\/raumduefte\/"},{"@type":"ListItem","position":2,"name":"Individuelle Raumduftkonzepte"}]},{"@type":"WebSite","@id":"https:\/\/aromea.eu\/at\/duftmarketing\/#website","url":"https:\/\/aromea.eu\/at\/duftmarketing\/","name":"Aromea","description":"Airdesign","potentialAction":[{"@type":"SearchAction","target":{"@type":"EntryPoint","urlTemplate":"https:\/\/aromea.eu\/at\/duftmarketing\/?s={search_term_string}"},"query-input":"required name=search_term_string"}],"inLanguage":"de"}]}},"_links":{"self":[{"href":"https:\/\/aromea.eu\/at\/duftmarketing\/wp-json\/wp\/v2\/pages\/116","targetHints":{"allow":["GET"]}}],"collection":[{"href":"https:\/\/aromea.eu\/at\/duftmarketing\/wp-json\/wp\/v2\/pages"}],"about":[{"href":"https:\/\/aromea.eu\/at\/duftmarketing\/wp-json\/wp\/v2\/types\/page"}],"author":[{"embeddable":true,"href":"https:\/\/aromea.eu\/at\/duftmarketing\/wp-json\/wp\/v2\/users\/1"}],"replies":[{"embeddable":true,"href":"https:\/\/aromea.eu\/at\/duftmarketing\/wp-json\/wp\/v2\/comments?post=116"}],"version-history":[{"count":0,"href":"https:\/\/aromea.eu\/at\/duftmarketing\/wp-json\/wp\/v2\/pages\/116\/revisions"}],"up":[{"embeddable":true,"href":"https:\/\/aromea.eu\/at\/duftmarketing\/wp-json\/wp\/v2\/pages\/100"}],"wp:attachment":[{"href":"https:\/\/aromea.eu\/at\/duftmarketing\/wp-json\/wp\/v2\/media?parent=116"}],"curies":[{"name":"wp","href":"https:\/\/api.w.org\/{rel}","templated":true}]}}