{"id":114,"date":"2018-07-31T19:19:06","date_gmt":"2018-07-31T17:19:06","guid":{"rendered":"http:\/\/www.duftmarketing.at\/?page_id=114"},"modified":"2021-05-27T12:45:19","modified_gmt":"2021-05-27T10:45:19","slug":"ueber-aromea-duftmarketing","status":"publish","type":"page","link":"https:\/\/aromea.eu\/at\/duftmarketing\/aromea\/ueber-aromea-duftmarketing\/","title":{"rendered":"\u00dcber Aromea Duftmarketing"},"content":{"rendered":"<p>[vc_section full_width=&#8221;stretch_row_content&#8221; content_placement=&#8221;middle&#8221; el_class=&#8221;page-head-container&#8221; css=&#8221;.vc_custom_1581576992175{margin-bottom: -25px !important;}&#8221;][vc_row full_width=&#8221;stretch_row_content_no_spaces&#8221; content_placement=&#8221;middle&#8221; el_class=&#8221;page-head-img&#8221;][vc_column][vc_raw_html]JTNDZGl2JTIwc3R5bGUlM0QlMjJwYWRkaW5nJTNBNTYuMjUlMjUlMjAwJTIwMCUyMDAlM0Jwb3NpdGlvbiUzQXJlbGF0aXZlJTNCJTIyJTNFJTNDaWZyYW1lJTIwc3JjJTNEJTIyaHR0cHMlM0ElMkYlMkZwbGF5ZXIudmltZW8uY29tJTJGdmlkZW8lMkYzOTA0MzEyMDMlM0ZhdXRvcGF1c2UlM0QwJTI2YXV0b3BsYXklM0QxJTI2YnlsaW5lJTNEMCUyNmNvbnRyb2xzJTNEMCUyNmRudCUzRDElMjZsb29wJTNEMSUyNm11dGVkJTNEMSUyNnBvcnRyYWl0JTNEMCUyNnRpdGxlJTNEMCUyNnRyYW5zcGFyZW50JTNEMCUyMiUyMHN0eWxlJTNEJTIycG9zaXRpb24lM0FhYnNvbHV0ZSUzQnRvcCUzQTAlM0JsZWZ0JTNBMCUzQndpZHRoJTNBMTAwJTI1JTNCaGVpZ2h0JTNBMTAwJTI1JTNCJTIyJTIwZnJhbWVib3JkZXIlM0QlMjIwJTIyJTIwYWxsb3clM0QlMjJhdXRvcGxheSUyMiUzRSUzQyUyRmlmcmFtZSUzRSUzQyUyRmRpdiUzRSUzQ3NjcmlwdCUyMHNyYyUzRCUyMmh0dHBzJTNBJTJGJTJGcGxheWVyLnZpbWVvLmNvbSUyRmFwaSUyRnBsYXllci5qcyUyMiUzRSUzQyUyRnNjcmlwdCUzRQ==[\/vc_raw_html][\/vc_column][\/vc_row][vc_row full_width=&#8221;stretch_row_content_no_spaces&#8221; content_placement=&#8221;middle&#8221; el_class=&#8221;page-head&#8221; css=&#8221;.vc_custom_1539843265369{background-position: center !important;background-repeat: no-repeat !important;background-size: cover !important;}&#8221;][vc_column][vc_custom_heading source=&#8221;post_title&#8221; font_container=&#8221;tag:h1|text_align:center|color:%23ffffff&#8221; use_theme_fonts=&#8221;yes&#8221; el_class=&#8221;page-title&#8221;][\/vc_column][\/vc_row][\/vc_section][vc_section css=&#8221;.vc_custom_1622112072811{padding-top: 57px !important;padding-bottom: 204px !important;}&#8221;][vc_row][vc_column width=&#8221;1\/6&#8243;][\/vc_column][vc_column width=&#8221;2\/3&#8243;][vc_custom_heading text=&#8221;\u00dcber uns, Raumd\u00fcfte &amp; Erinnerungen&#8221; use_theme_fonts=&#8221;yes&#8221;][vc_column_text el_class=&#8221;font-24-32 color-000&#8243;]D\u00fcfte entscheiden \u00fcber unser Unterbewusstsein, das wiederum von Erinnerungen und Erlebnissen gepr\u00e4gt ist.[\/vc_column_text][vc_column_text el_class=&#8221;font-15-27 color-000&#8243;]Soll sich ein Mensch wohlf\u00fchlen, muss er seine Umgebung riechen k\u00f6nnen. Das sagen ihm die Synapsen in seinem Stammhirn &#8211; Emotionen hin oder her. Da w\u00e4ren zum Beispiel die Citrusd\u00fcfte, die stimulieren, der Lavendel, der beruhigt oder der Duft nach Vanille, der an Kinderfreuden und warme Stuben erinnert. Holzige Tabaknoten entf\u00fchren hingegen in eine ganz andere Welt: In die exotische Fremde &#8211; rau, m\u00e4nnlich und ohne Schn\u00f6rkel.<\/p>\n<p>Aromea Airdesign f\u00e4ngt all diese Kopfbilder in verschiedensten Aromen ein, bereitet daraus <strong>hochwertige Raumd\u00fcfte<\/strong> und verwebt diese \u00fcber <strong>innovative Duftl\u00f6sungen<\/strong> mit der direkten Umgebung. Denn nichts bleibt st\u00e4rker in Erinnerung als ein Duft. Das kann die <a href=\"https:\/\/aromea.eu\/at\/duftmarketing\/2019\/03\/19\/duftmarketing-im-hotel-vom-fachmann-empfohlen\/\">Lobby eines Hotels<\/a> sein, eine Boutique oder der <a href=\"https:\/\/aromea.eu\/at\/duftmarketing\/2019\/04\/02\/hygiene-sauberkeit-und-duft-wir-fragen-den-arzt\/\">Warteraum einer Arztpraxis<\/a>. Es kann aber auch der ganz spezielle Duft eines Events sein &#8211; Spannung, Freude oder Eleganz. <strong>D\u00fcfte transportieren Gef\u00fchle. Und Erinnerungen.<\/strong>[\/vc_column_text][vc_btn title=&#8221;ZU UNSEREN BLOG-STORIES&#8221; style=&#8221;custom&#8221; custom_background=&#8221;#577c77&#8243; custom_text=&#8221;#ffffff&#8221; shape=&#8221;square&#8221; align=&#8221;left&#8221; link=&#8221;url:https%3A%2F%2Faromea.eu%2Fat%2Fduftmarketing%2Fblog%2F|title:Anfragen||&#8221; el_class=&#8221;cta&#8221; css=&#8221;.vc_custom_1580736905410{margin-top: 10px !important;margin-bottom: 10px !important;}&#8221;][\/vc_column][vc_column width=&#8221;1\/6&#8243;][\/vc_column][\/vc_row][\/vc_section][vc_section css=&#8221;.vc_custom_1622112078844{padding-top: 0px !important;padding-bottom: 204px !important;}&#8221;][vc_row full_width=&#8221;stretch_row&#8221; content_placement=&#8221;middle&#8221; css=&#8221;.vc_custom_1622111939200{background-color: #333333 !important;background-position: center !important;background-repeat: no-repeat !important;background-size: cover !important;}&#8221;][vc_column]<div style=\"display:block\">\n<!-- FlowPaper PDF flipbook plugin v.2.0.6 wordpress.org\/plugins\/flowpaper\/ -->\n<iframe title=\"FlowPaper flipbook pdf viewer\" width=\"100%\" height=\"750\" scrolling=\"no\" class=\"flowpaper-class\" frameborder=\"0\" allowFullScreen=\"true\" lightbox=\"false\" cover id src = \"https:\/\/flowpaper.com\/flipbook\/?pdf=https:\/\/aromea.eu\/at\/duftmarketing\/wp-content\/uploads\/Aromea_Magazin.pdf?wp-hosted=1&title=&header=&theme=dark&singlepage=false&thumbs=1&modified=2105271245\" seamless=\"seamless\" style=\"margin-bottom:0;display:block;\">Your browser does not seem to support iframes. <a href=\"https:\/\/flowpaper.com\/flipbook\/?pdf=https:\/\/aromea.eu\/at\/duftmarketing\/wp-content\/uploads\/Aromea_Magazin.pdf?wp-hosted=1\" target=\"_blank\">Click here to read this PDF<\/a>.<\/iframe>\n<div id=\"flowpaper-logo-bottom\" class=\"flowpaper-logo-bg\" style=\"background:linear-gradient(to right, rgba(0,0,0,0.65) 0%,rgba(0,0,0,0) 200px);width:100%;height:19px; padding-bottom: 1px; padding-left: 5px; padding-right: 10px; display: flex; align-items: center;z-index:9999\"><span style=\"height: 37px; padding-left: 6px;width:90%\"> <a id=\"flowpaper-link\" style=\"fill: #fff\" alt=\"FlowPaper logotype\" title=\"FlowPaper logotype\" href=\"https:\/\/flowpaper.com\" target=\"_blank\"> <img decoding=\"async\" alt=\"Publish PDF flipbooks online\" style=\"height:17px;width:auto;margin-top:11px;\" src=\"https:\/\/aromea.eu\/at\/duftmarketing\/wp-content\/plugins\/flowpaper-lite-pdf-flipbook\/assets\/flowpaper-logo.png\" border=\"0\"> <\/a> <\/span><span style=\" float: right; right: 0; font-size: 10px; white-space: nowrap; opacity:0.8\"><a href=\"https:\/\/flowpaper.com\/flipbook-maker\/\" target=\"_new\" style=\"text-decoration:none;border-bottom:none;\">Created using FlowPaper Flipbook Maker &#8599;<\/a><\/span><\/div><\/div>\r\n                <script>\r\n                document.addEventListener(\"DOMContentLoaded\", function(){\r\n                    var target_element, iframe_element;\r\n                    iframe_element = document.querySelector(\"iframe.flowpaper-class\");\r\n                    target_element = document.querySelector(\"\");\r\n                    iframe_element.style.height = target_element.offsetHeight + \"px\";\r\n                });\r\n                <\/script>\r\n            [\/vc_column][\/vc_row][\/vc_section][vc_row el_class=&#8221;einsatzbereiche-grid&#8221; css=&#8221;.vc_custom_1560949982146{margin-bottom: 0px !important;}&#8221;][vc_column][vc_basic_grid post_type=&#8221;about&#8221; max_items=&#8221;-1&#8243; element_width=&#8221;12&#8243; gap=&#8221;0&#8243; orderby=&#8221;menu_order&#8221; order=&#8221;ASC&#8221; item=&#8221;248&#8243; grid_id=&#8221;vc_gid:1622111803512-a8a4109b-47b9-0&#8243; el_class=&#8221;einsatz-grid&#8221; exclude=&#8221;227&#8243; css=&#8221;.vc_custom_1559727154976{margin-bottom: 0px !important;}&#8221;][\/vc_column][\/vc_row]<\/p>\n","protected":false},"excerpt":{"rendered":"<p>[vc_section full_width=&#8221;stretch_row_content&#8221; content_placement=&#8221;middle&#8221; el_class=&#8221;page-head-container&#8221; css=&#8221;.vc_custom_1581576992175{margin-bottom: -25px !important;}&#8221;][vc_row full_width=&#8221;stretch_row_content_no_spaces&#8221; content_placement=&#8221;middle&#8221; el_class=&#8221;page-head-img&#8221;][vc_column][vc_raw_html]JTNDZGl2JTIwc3R5bGUlM0QlMjJwYWRkaW5nJTNBNTYuMjUlMjUlMjAwJTIwMCUyMDAlM0Jwb3NpdGlvbiUzQXJlbGF0aXZlJTNCJTIyJTNFJTNDaWZyYW1lJTIwc3JjJTNEJTIyaHR0cHMlM0ElMkYlMkZwbGF5ZXIudmltZW8uY29tJTJGdmlkZW8lMkYzOTA0MzEyMDMlM0ZhdXRvcGF1c2UlM0QwJTI2YXV0b3BsYXklM0QxJTI2YnlsaW5lJTNEMCUyNmNvbnRyb2xzJTNEMCUyNmRudCUzRDElMjZsb29wJTNEMSUyNm11dGVkJTNEMSUyNnBvcnRyYWl0JTNEMCUyNnRpdGxlJTNEMCUyNnRyYW5zcGFyZW50JTNEMCUyMiUyMHN0eWxlJTNEJTIycG9zaXRpb24lM0FhYnNvbHV0ZSUzQnRvcCUzQTAlM0JsZWZ0JTNBMCUzQndpZHRoJTNBMTAwJTI1JTNCaGVpZ2h0JTNBMTAwJTI1JTNCJTIyJTIwZnJhbWVib3JkZXIlM0QlMjIwJTIyJTIwYWxsb3clM0QlMjJhdXRvcGxheSUyMiUzRSUzQyUyRmlmcmFtZSUzRSUzQyUyRmRpdiUzRSUzQ3NjcmlwdCUyMHNyYyUzRCUyMmh0dHBzJTNBJTJGJTJGcGxheWVyLnZpbWVvLmNvbSUyRmFwaSUyRnBsYXllci5qcyUyMiUzRSUzQyUyRnNjcmlwdCUzRQ==[\/vc_raw_html][\/vc_column][\/vc_row][vc_row full_width=&#8221;stretch_row_content_no_spaces&#8221; content_placement=&#8221;middle&#8221; el_class=&#8221;page-head&#8221; css=&#8221;.vc_custom_1539843265369{background-position: center !important;background-repeat: no-repeat !important;background-size: cover !important;}&#8221;][vc_column][vc_custom_heading source=&#8221;post_title&#8221; font_container=&#8221;tag:h1|text_align:center|color:%23ffffff&#8221; use_theme_fonts=&#8221;yes&#8221; el_class=&#8221;page-title&#8221;][\/vc_column][\/vc_row][\/vc_section][vc_section css=&#8221;.vc_custom_1622112072811{padding-top: 57px<span class=\"excerpt-hellip\"> [\u2026]<\/span><\/p>\n","protected":false},"author":1,"featured_media":0,"parent":98,"menu_order":0,"comment_status":"closed","ping_status":"closed","template":"","meta":{"_acf_changed":false,"inline_featured_image":false,"footnotes":""},"class_list":["post-114","page","type-page","status-publish","hentry"],"acf":[],"yoast_head":"<!-- This site is optimized with the Yoast SEO plugin v21.8.1 - https:\/\/yoast.com\/wordpress\/plugins\/seo\/ -->\n<title>Marketing mit Duft: Zufriedenheit durch hochwertige Duftl\u00f6sungen<\/title>\n<meta name=\"description\" content=\"Marketing mit Duft: Aromea Airdesign f\u00e4ngt Kopfbilder in verschiedensten Aromen ein, bereitet daraus hochwertige Raumd\u00fcfte und verwebt diese \u00fcber innovative Duftl\u00f6sungen mit der direkten Umgebung.\" \/>\n<meta name=\"robots\" content=\"index, follow, max-snippet:-1, max-image-preview:large, max-video-preview:-1\" \/>\n<link rel=\"canonical\" href=\"https:\/\/aromea.eu\/at\/duftmarketing\/aromea\/ueber-aromea-duftmarketing\/\" \/>\n<meta property=\"og:locale\" content=\"de_DE\" \/>\n<meta property=\"og:type\" content=\"article\" \/>\n<meta property=\"og:title\" content=\"Marketing mit Duft: Zufriedenheit durch hochwertige Duftl\u00f6sungen\" \/>\n<meta property=\"og:description\" content=\"Marketing mit Duft: Aromea Airdesign f\u00e4ngt Kopfbilder in verschiedensten Aromen ein, bereitet daraus hochwertige Raumd\u00fcfte und verwebt diese \u00fcber innovative Duftl\u00f6sungen mit der direkten Umgebung.\" \/>\n<meta property=\"og:url\" content=\"https:\/\/aromea.eu\/at\/duftmarketing\/aromea\/ueber-aromea-duftmarketing\/\" \/>\n<meta property=\"og:site_name\" content=\"Aromea\" \/>\n<meta property=\"article:modified_time\" content=\"2021-05-27T10:45:19+00:00\" \/>\n<meta name=\"twitter:card\" content=\"summary_large_image\" \/>\n<meta name=\"twitter:label1\" content=\"Gesch\u00e4tzte Lesezeit\" \/>\n\t<meta name=\"twitter:data1\" content=\"3\u00a0Minuten\" \/>\n<script type=\"application\/ld+json\" class=\"yoast-schema-graph\">{\"@context\":\"https:\/\/schema.org\",\"@graph\":[{\"@type\":\"WebPage\",\"@id\":\"https:\/\/aromea.eu\/at\/duftmarketing\/aromea\/ueber-aromea-duftmarketing\/\",\"url\":\"https:\/\/aromea.eu\/at\/duftmarketing\/aromea\/ueber-aromea-duftmarketing\/\",\"name\":\"Marketing mit Duft: Zufriedenheit durch hochwertige Duftl\u00f6sungen\",\"isPartOf\":{\"@id\":\"https:\/\/aromea.eu\/at\/duftmarketing\/#website\"},\"datePublished\":\"2018-07-31T17:19:06+00:00\",\"dateModified\":\"2021-05-27T10:45:19+00:00\",\"description\":\"Marketing mit Duft: Aromea Airdesign f\u00e4ngt Kopfbilder in verschiedensten Aromen ein, bereitet daraus hochwertige Raumd\u00fcfte und verwebt diese \u00fcber innovative Duftl\u00f6sungen mit der direkten Umgebung.\",\"breadcrumb\":{\"@id\":\"https:\/\/aromea.eu\/at\/duftmarketing\/aromea\/ueber-aromea-duftmarketing\/#breadcrumb\"},\"inLanguage\":\"de\",\"potentialAction\":[{\"@type\":\"ReadAction\",\"target\":[\"https:\/\/aromea.eu\/at\/duftmarketing\/aromea\/ueber-aromea-duftmarketing\/\"]}]},{\"@type\":\"BreadcrumbList\",\"@id\":\"https:\/\/aromea.eu\/at\/duftmarketing\/aromea\/ueber-aromea-duftmarketing\/#breadcrumb\",\"itemListElement\":[{\"@type\":\"ListItem\",\"position\":1,\"name\":\"\u00dcber Aromea\",\"item\":\"https:\/\/aromea.eu\/at\/duftmarketing\/aromea\/\"},{\"@type\":\"ListItem\",\"position\":2,\"name\":\"\u00dcber Aromea Duftmarketing\"}]},{\"@type\":\"WebSite\",\"@id\":\"https:\/\/aromea.eu\/at\/duftmarketing\/#website\",\"url\":\"https:\/\/aromea.eu\/at\/duftmarketing\/\",\"name\":\"Aromea\",\"description\":\"Airdesign\",\"potentialAction\":[{\"@type\":\"SearchAction\",\"target\":{\"@type\":\"EntryPoint\",\"urlTemplate\":\"https:\/\/aromea.eu\/at\/duftmarketing\/?s={search_term_string}\"},\"query-input\":\"required name=search_term_string\"}],\"inLanguage\":\"de\"}]}<\/script>\n<!-- \/ Yoast SEO plugin. -->","yoast_head_json":{"title":"Marketing mit Duft: Zufriedenheit durch hochwertige Duftl\u00f6sungen","description":"Marketing mit Duft: Aromea Airdesign f\u00e4ngt Kopfbilder in verschiedensten Aromen ein, bereitet daraus hochwertige Raumd\u00fcfte und verwebt diese \u00fcber innovative Duftl\u00f6sungen mit der direkten Umgebung.","robots":{"index":"index","follow":"follow","max-snippet":"max-snippet:-1","max-image-preview":"max-image-preview:large","max-video-preview":"max-video-preview:-1"},"canonical":"https:\/\/aromea.eu\/at\/duftmarketing\/aromea\/ueber-aromea-duftmarketing\/","og_locale":"de_DE","og_type":"article","og_title":"Marketing mit Duft: Zufriedenheit durch hochwertige Duftl\u00f6sungen","og_description":"Marketing mit Duft: Aromea Airdesign f\u00e4ngt Kopfbilder in verschiedensten Aromen ein, bereitet daraus hochwertige Raumd\u00fcfte und verwebt diese \u00fcber innovative Duftl\u00f6sungen mit der direkten Umgebung.","og_url":"https:\/\/aromea.eu\/at\/duftmarketing\/aromea\/ueber-aromea-duftmarketing\/","og_site_name":"Aromea","article_modified_time":"2021-05-27T10:45:19+00:00","twitter_card":"summary_large_image","twitter_misc":{"Gesch\u00e4tzte Lesezeit":"3\u00a0Minuten"},"schema":{"@context":"https:\/\/schema.org","@graph":[{"@type":"WebPage","@id":"https:\/\/aromea.eu\/at\/duftmarketing\/aromea\/ueber-aromea-duftmarketing\/","url":"https:\/\/aromea.eu\/at\/duftmarketing\/aromea\/ueber-aromea-duftmarketing\/","name":"Marketing mit Duft: Zufriedenheit durch hochwertige Duftl\u00f6sungen","isPartOf":{"@id":"https:\/\/aromea.eu\/at\/duftmarketing\/#website"},"datePublished":"2018-07-31T17:19:06+00:00","dateModified":"2021-05-27T10:45:19+00:00","description":"Marketing mit Duft: Aromea Airdesign f\u00e4ngt Kopfbilder in verschiedensten Aromen ein, bereitet daraus hochwertige Raumd\u00fcfte und verwebt diese \u00fcber innovative Duftl\u00f6sungen mit der direkten Umgebung.","breadcrumb":{"@id":"https:\/\/aromea.eu\/at\/duftmarketing\/aromea\/ueber-aromea-duftmarketing\/#breadcrumb"},"inLanguage":"de","potentialAction":[{"@type":"ReadAction","target":["https:\/\/aromea.eu\/at\/duftmarketing\/aromea\/ueber-aromea-duftmarketing\/"]}]},{"@type":"BreadcrumbList","@id":"https:\/\/aromea.eu\/at\/duftmarketing\/aromea\/ueber-aromea-duftmarketing\/#breadcrumb","itemListElement":[{"@type":"ListItem","position":1,"name":"\u00dcber Aromea","item":"https:\/\/aromea.eu\/at\/duftmarketing\/aromea\/"},{"@type":"ListItem","position":2,"name":"\u00dcber Aromea Duftmarketing"}]},{"@type":"WebSite","@id":"https:\/\/aromea.eu\/at\/duftmarketing\/#website","url":"https:\/\/aromea.eu\/at\/duftmarketing\/","name":"Aromea","description":"Airdesign","potentialAction":[{"@type":"SearchAction","target":{"@type":"EntryPoint","urlTemplate":"https:\/\/aromea.eu\/at\/duftmarketing\/?s={search_term_string}"},"query-input":"required name=search_term_string"}],"inLanguage":"de"}]}},"_links":{"self":[{"href":"https:\/\/aromea.eu\/at\/duftmarketing\/wp-json\/wp\/v2\/pages\/114","targetHints":{"allow":["GET"]}}],"collection":[{"href":"https:\/\/aromea.eu\/at\/duftmarketing\/wp-json\/wp\/v2\/pages"}],"about":[{"href":"https:\/\/aromea.eu\/at\/duftmarketing\/wp-json\/wp\/v2\/types\/page"}],"author":[{"embeddable":true,"href":"https:\/\/aromea.eu\/at\/duftmarketing\/wp-json\/wp\/v2\/users\/1"}],"replies":[{"embeddable":true,"href":"https:\/\/aromea.eu\/at\/duftmarketing\/wp-json\/wp\/v2\/comments?post=114"}],"version-history":[{"count":0,"href":"https:\/\/aromea.eu\/at\/duftmarketing\/wp-json\/wp\/v2\/pages\/114\/revisions"}],"up":[{"embeddable":true,"href":"https:\/\/aromea.eu\/at\/duftmarketing\/wp-json\/wp\/v2\/pages\/98"}],"wp:attachment":[{"href":"https:\/\/aromea.eu\/at\/duftmarketing\/wp-json\/wp\/v2\/media?parent=114"}],"curies":[{"name":"wp","href":"https:\/\/api.w.org\/{rel}","templated":true}]}}