{"id":102,"date":"2018-07-31T19:03:34","date_gmt":"2018-07-31T17:03:34","guid":{"rendered":"http:\/\/www.duftmarketing.at\/?page_id=102"},"modified":"2023-04-07T09:44:50","modified_gmt":"2023-04-07T07:44:50","slug":"duftgeraete-pakete","status":"publish","type":"page","link":"https:\/\/aromea.eu\/at\/duftmarketing\/duftgeraete-pakete\/","title":{"rendered":"Duftger\u00e4te &#038; Pakete"},"content":{"rendered":"<p>[vc_section css=&#8221;.vc_custom_1533900963849{padding-top: 104px !important;padding-bottom: 35px !important;}&#8221;][vc_row][vc_column][vc_custom_heading source=&#8221;post_title&#8221; font_container=&#8221;tag:h1|text_align:center|color:%23000000&#8243; use_theme_fonts=&#8221;yes&#8221;][\/vc_column][\/vc_row][\/vc_section][vc_row][vc_column][vc_column_text]<\/p>\n<p>[\/vc_column_text][\/vc_column][\/vc_row][vc_section css=&#8221;.vc_custom_1536243098671{margin-top: 0px !important;padding-top: 50px !important;padding-bottom: 25px !important;}&#8221;][vc_row][vc_column][vc_custom_heading text=&#8221;Dufts\u00e4ulen&#8221; font_container=&#8221;tag:h2|text_align:center|color:%23000000&#8243; use_theme_fonts=&#8221;yes&#8221; css=&#8221;.vc_custom_1536243087671{margin-bottom: 100px !important;}&#8221;][vc_basic_grid post_type=&#8221;produkt&#8221; max_items=&#8221;-1&#8243; element_width=&#8221;6&#8243; gap=&#8221;35&#8243; orderby=&#8221;menu_order&#8221; order=&#8221;ASC&#8221; item=&#8221;524&#8243; grid_id=&#8221;vc_gid:1680853455814-84bb89f7-58af-9&#8243; el_class=&#8221;product-grid-container&#8221; exclude=&#8221;530, 529, 588, 589, 1527, 7622, 20034, 20033&#8243;][\/vc_column][\/vc_row][\/vc_section][vc_section css=&#8221;.vc_custom_1536242644063{margin-top: 0px !important;padding-bottom: 100px !important;}&#8221;][vc_row][vc_column][vc_custom_heading text=&#8221;Nano-L\u00f6sungen&#8221; font_container=&#8221;tag:h2|text_align:center|color:%23000000&#8243; use_theme_fonts=&#8221;yes&#8221; css=&#8221;.vc_custom_1536925510330{margin-bottom: 100px !important;}&#8221;][vc_basic_grid post_type=&#8221;produkt&#8221; max_items=&#8221;-1&#8243; element_width=&#8221;6&#8243; gap=&#8221;35&#8243; orderby=&#8221;menu_order&#8221; order=&#8221;ASC&#8221; item=&#8221;524&#8243; grid_id=&#8221;vc_gid:1680853455815-cfc9b78b-4c4a-8&#8243; el_class=&#8221;product-grid-container&#8221; exclude=&#8221;522, 531&#8243;][\/vc_column][\/vc_row][\/vc_section][vc_section css=&#8221;.vc_custom_1534171751510{padding-top: 200px !important;padding-bottom: 80px !important;}&#8221;][vc_row][vc_column offset=&#8221;vc_col-lg-4&#8243;][vc_custom_heading text=&#8221;AROMEA-<br \/>\nPAKETE&#8221; use_theme_fonts=&#8221;yes&#8221; css=&#8221;.vc_custom_1544190022706{margin-bottom: 41px !important;}&#8221;][vc_column_text el_class=&#8221;font-16-28 color-000&#8243;][\/vc_column_text][\/vc_column][vc_column css=&#8221;.vc_custom_1538552643909{padding-top: 56px !important;}&#8221; offset=&#8221;vc_col-lg-8 vc_col-md-12&#8243;][vc_basic_grid post_type=&#8221;aromeapaket&#8221; max_items=&#8221;-1&#8243; style=&#8221;pagination&#8221; items_per_page=&#8221;2&#8243; element_width=&#8221;6&#8243; orderby=&#8221;menu_order&#8221; order=&#8221;ASC&#8221; item=&#8221;1504&#8243; grid_id=&#8221;vc_gid:1680853455816-d6e60e8e-54b1-2&#8243; el_class=&#8221;einsatz-slider&#8221;][\/vc_column][\/vc_row][\/vc_section][vc_row][vc_column][vc_column_text]<\/p>\n<p>[\/vc_column_text][\/vc_column][\/vc_row][vc_section full_width=&#8221;stretch_row_content&#8221;][vc_row full_width=&#8221;stretch_row_content_no_spaces&#8221;][vc_column][rev_slider_vc alias=&#8221;produkt_slider&#8221;][\/vc_column][\/vc_row][\/vc_section]<\/p>\n","protected":false},"excerpt":{"rendered":"<p>Duftl\u00f6sungen f\u00fcr alle Einsatzbereichen: Unsere Dufts\u00e4ulen oder Nano-Ger\u00e4te mit AirQ-Technologie und einer Auswahl an passenden D\u00fcften machen es m\u00f6glich.<\/p>\n","protected":false},"author":1,"featured_media":0,"parent":0,"menu_order":0,"comment_status":"closed","ping_status":"closed","template":"","meta":{"_acf_changed":false,"inline_featured_image":false,"footnotes":""},"class_list":["post-102","page","type-page","status-publish","hentry"],"acf":[],"yoast_head":"<!-- This site is optimized with the Yoast SEO plugin v21.8.1 - https:\/\/yoast.com\/wordpress\/plugins\/seo\/ -->\n<title>The World of AROMEA: Von den Dufts\u00e4ulen bis zur AirQ-Technologie<\/title>\n<meta name=\"description\" content=\"Duftl\u00f6sungen f\u00fcr alle Einsatzbereichen: Unsere Dufts\u00e4ulen oder Nano-Ger\u00e4te mit AirQ-Technologie und einer Auswahl an passenden D\u00fcften machen es m\u00f6glich.\" \/>\n<meta name=\"robots\" content=\"index, follow, max-snippet:-1, max-image-preview:large, max-video-preview:-1\" \/>\n<link rel=\"canonical\" href=\"https:\/\/aromea.eu\/at\/duftmarketing\/duftgeraete-pakete\/\" \/>\n<meta property=\"og:locale\" content=\"de_DE\" \/>\n<meta property=\"og:type\" content=\"article\" \/>\n<meta property=\"og:title\" content=\"The World of AROMEA: Von den Dufts\u00e4ulen bis zur AirQ-Technologie\" \/>\n<meta property=\"og:description\" content=\"Duftl\u00f6sungen f\u00fcr alle Einsatzbereichen: Unsere Dufts\u00e4ulen oder Nano-Ger\u00e4te mit AirQ-Technologie und einer Auswahl an passenden D\u00fcften machen es m\u00f6glich.\" \/>\n<meta property=\"og:url\" content=\"https:\/\/aromea.eu\/at\/duftmarketing\/duftgeraete-pakete\/\" \/>\n<meta property=\"og:site_name\" content=\"Aromea\" \/>\n<meta property=\"article:modified_time\" content=\"2023-04-07T07:44:50+00:00\" \/>\n<meta name=\"twitter:card\" content=\"summary_large_image\" \/>\n<meta name=\"twitter:label1\" content=\"Gesch\u00e4tzte Lesezeit\" \/>\n\t<meta name=\"twitter:data1\" content=\"2\u00a0Minuten\" \/>\n<script type=\"application\/ld+json\" class=\"yoast-schema-graph\">{\"@context\":\"https:\/\/schema.org\",\"@graph\":[{\"@type\":\"WebPage\",\"@id\":\"https:\/\/aromea.eu\/at\/duftmarketing\/duftgeraete-pakete\/\",\"url\":\"https:\/\/aromea.eu\/at\/duftmarketing\/duftgeraete-pakete\/\",\"name\":\"The World of AROMEA: Von den Dufts\u00e4ulen bis zur AirQ-Technologie\",\"isPartOf\":{\"@id\":\"https:\/\/aromea.eu\/at\/duftmarketing\/#website\"},\"datePublished\":\"2018-07-31T17:03:34+00:00\",\"dateModified\":\"2023-04-07T07:44:50+00:00\",\"description\":\"Duftl\u00f6sungen f\u00fcr alle Einsatzbereichen: Unsere Dufts\u00e4ulen oder Nano-Ger\u00e4te mit AirQ-Technologie und einer Auswahl an passenden D\u00fcften machen es m\u00f6glich.\",\"inLanguage\":\"de\",\"potentialAction\":[{\"@type\":\"ReadAction\",\"target\":[\"https:\/\/aromea.eu\/at\/duftmarketing\/duftgeraete-pakete\/\"]}]},{\"@type\":\"WebSite\",\"@id\":\"https:\/\/aromea.eu\/at\/duftmarketing\/#website\",\"url\":\"https:\/\/aromea.eu\/at\/duftmarketing\/\",\"name\":\"Aromea\",\"description\":\"Airdesign\",\"potentialAction\":[{\"@type\":\"SearchAction\",\"target\":{\"@type\":\"EntryPoint\",\"urlTemplate\":\"https:\/\/aromea.eu\/at\/duftmarketing\/?s={search_term_string}\"},\"query-input\":\"required name=search_term_string\"}],\"inLanguage\":\"de\"}]}<\/script>\n<!-- \/ Yoast SEO plugin. -->","yoast_head_json":{"title":"The World of AROMEA: Von den Dufts\u00e4ulen bis zur AirQ-Technologie","description":"Duftl\u00f6sungen f\u00fcr alle Einsatzbereichen: Unsere Dufts\u00e4ulen oder Nano-Ger\u00e4te mit AirQ-Technologie und einer Auswahl an passenden D\u00fcften machen es m\u00f6glich.","robots":{"index":"index","follow":"follow","max-snippet":"max-snippet:-1","max-image-preview":"max-image-preview:large","max-video-preview":"max-video-preview:-1"},"canonical":"https:\/\/aromea.eu\/at\/duftmarketing\/duftgeraete-pakete\/","og_locale":"de_DE","og_type":"article","og_title":"The World of AROMEA: Von den Dufts\u00e4ulen bis zur AirQ-Technologie","og_description":"Duftl\u00f6sungen f\u00fcr alle Einsatzbereichen: Unsere Dufts\u00e4ulen oder Nano-Ger\u00e4te mit AirQ-Technologie und einer Auswahl an passenden D\u00fcften machen es m\u00f6glich.","og_url":"https:\/\/aromea.eu\/at\/duftmarketing\/duftgeraete-pakete\/","og_site_name":"Aromea","article_modified_time":"2023-04-07T07:44:50+00:00","twitter_card":"summary_large_image","twitter_misc":{"Gesch\u00e4tzte Lesezeit":"2\u00a0Minuten"},"schema":{"@context":"https:\/\/schema.org","@graph":[{"@type":"WebPage","@id":"https:\/\/aromea.eu\/at\/duftmarketing\/duftgeraete-pakete\/","url":"https:\/\/aromea.eu\/at\/duftmarketing\/duftgeraete-pakete\/","name":"The World of AROMEA: Von den Dufts\u00e4ulen bis zur AirQ-Technologie","isPartOf":{"@id":"https:\/\/aromea.eu\/at\/duftmarketing\/#website"},"datePublished":"2018-07-31T17:03:34+00:00","dateModified":"2023-04-07T07:44:50+00:00","description":"Duftl\u00f6sungen f\u00fcr alle Einsatzbereichen: Unsere Dufts\u00e4ulen oder Nano-Ger\u00e4te mit AirQ-Technologie und einer Auswahl an passenden D\u00fcften machen es m\u00f6glich.","inLanguage":"de","potentialAction":[{"@type":"ReadAction","target":["https:\/\/aromea.eu\/at\/duftmarketing\/duftgeraete-pakete\/"]}]},{"@type":"WebSite","@id":"https:\/\/aromea.eu\/at\/duftmarketing\/#website","url":"https:\/\/aromea.eu\/at\/duftmarketing\/","name":"Aromea","description":"Airdesign","potentialAction":[{"@type":"SearchAction","target":{"@type":"EntryPoint","urlTemplate":"https:\/\/aromea.eu\/at\/duftmarketing\/?s={search_term_string}"},"query-input":"required name=search_term_string"}],"inLanguage":"de"}]}},"_links":{"self":[{"href":"https:\/\/aromea.eu\/at\/duftmarketing\/wp-json\/wp\/v2\/pages\/102","targetHints":{"allow":["GET"]}}],"collection":[{"href":"https:\/\/aromea.eu\/at\/duftmarketing\/wp-json\/wp\/v2\/pages"}],"about":[{"href":"https:\/\/aromea.eu\/at\/duftmarketing\/wp-json\/wp\/v2\/types\/page"}],"author":[{"embeddable":true,"href":"https:\/\/aromea.eu\/at\/duftmarketing\/wp-json\/wp\/v2\/users\/1"}],"replies":[{"embeddable":true,"href":"https:\/\/aromea.eu\/at\/duftmarketing\/wp-json\/wp\/v2\/comments?post=102"}],"version-history":[{"count":6,"href":"https:\/\/aromea.eu\/at\/duftmarketing\/wp-json\/wp\/v2\/pages\/102\/revisions"}],"predecessor-version":[{"id":20062,"href":"https:\/\/aromea.eu\/at\/duftmarketing\/wp-json\/wp\/v2\/pages\/102\/revisions\/20062"}],"wp:attachment":[{"href":"https:\/\/aromea.eu\/at\/duftmarketing\/wp-json\/wp\/v2\/media?parent=102"}],"curies":[{"name":"wp","href":"https:\/\/api.w.org\/{rel}","templated":true}]}}